{"id":2961,"date":"2024-06-29T17:12:41","date_gmt":"2024-06-29T15:12:41","guid":{"rendered":"https:\/\/altosecura.proadax-dev.pl\/?post_type=product&#038;p=2961"},"modified":"2026-03-10T15:59:15","modified_gmt":"2026-03-10T14:59:15","slug":"kask-vertex","status":"publish","type":"product","link":"https:\/\/altosekura.com\/pl\/p\/kask-vertex\/","title":{"rendered":"VERTEX"},"content":{"rendered":"<p>Kask VERTEX jest bardzo wygodny dzi\u0119ki wewn\u0119trznym ta\u015bmom mocowanym w sze\u015bciu punktach oraz systemom CENTERFIT i FLIP&amp;FIT, zapewniaj\u0105cym znakomit\u0105 stabilizacj\u0119 kasku na g\u0142owie. Pasek pod brod\u0119 o zmiennej wytrzyma\u0142o\u015bci umo\u017cliwia u\u017cycie kasku do prac na wysoko\u015bci i do prac na ziemi. Pe\u0142na skorupa zewn\u0119trzna chroni przed pora\u017ceniem pr\u0105dem elektrycznym, rozbryzgami p\u0142ynnego metalu i p\u0142omieniami. Mo\u017cliwo\u015b\u0107 optymalnej integracji latarki czo\u0142owej Petzl, os\u0142on wzroku i s\u0142uchu oraz rozlicznych akcesori\u00f3w tworzy kask ca\u0142kowicie modu\u0142owy, odpowiadaj\u0105cy na dodatkowe potrzeby pracownik\u00f3w. Wewn\u0119trzne ta\u015bmy tekstylne z sze\u015bcioma punktami mocowania zapewniaj\u0105cym znakomit\u0105 stabilizacj\u0119 na g\u0142owie. System regulacji CENTERFIT zapewnia wycentrowanie kasku na g\u0142owie, dzi\u0119ki bocznym pokr\u0119t\u0142om do regulacji. System FLIP&amp;FIT ustawia b\u0142yskawicznie opask\u0119 podtrzymuj\u0105c\u0105 w pozycji niskiej, gwarantuj\u0105c \u015bwietn\u0105 stabilizacj\u0119 kasku na g\u0142owie. Opaska ta mo\u017ce by\u0107 zmniejszona i schowana wewn\u0105trz kasku dla u\u0142atwienia transportu i przechowywania, Dostarczany z wymienn\u0105 piank\u0105 zapewniaj\u0105c\u0105 komfort. Zgodno\u015b\u0107 z norm\u0105:\u00a0CE, EN 397, EN 12492,\u00a0<span class=\"caps\">ANSI<\/span>\u00a0Z89.1 Type I Class C,\u00a0<span class=\"caps\">EAC<\/span><\/p>\n","protected":false},"excerpt":{"rendered":"<p>Kask VERTEX jest bardzo wygodny dzi\u0119ki wewn\u0119trznym ta\u015bmom mocowanym w sze\u015bciu punktach oraz systemom CENTERFIT i FLIP&amp;FIT, zapewniaj\u0105cym znakomit\u0105 stabilizacj\u0119<\/p>\n","protected":false},"featured_media":763,"template":"","meta":[],"product_brand":[],"product_cat":[81],"product_tag":[],"class_list":{"0":"post-2961","1":"product","2":"type-product","3":"status-publish","4":"has-post-thumbnail","6":"product_cat-kaski","7":"pa_kolor-bialy","8":"pa_kolor-czarny","9":"pa_kolor-czerwony","10":"pa_kolor-niebieski","11":"pa_kolor-pomaranczowy","12":"pa_kolor-zielony","13":"pa_kolor-zolty","14":"pa_marka-petzl","15":"pa_norma-ansi-z89-1-type-i-class-c","16":"pa_norma-ce","17":"pa_norma-eac","18":"pa_norma-en-12492","19":"pa_norma-pn-en-397","21":"first","22":"instock","23":"taxable","24":"shipping-taxable","25":"product-type-variable","26":"has-default-attributes"},"_links":{"self":[{"href":"https:\/\/altosekura.com\/pl\/wp-json\/wp\/v2\/product\/2961","targetHints":{"allow":["GET"]}}],"collection":[{"href":"https:\/\/altosekura.com\/pl\/wp-json\/wp\/v2\/product"}],"about":[{"href":"https:\/\/altosekura.com\/pl\/wp-json\/wp\/v2\/types\/product"}],"wp:featuredmedia":[{"embeddable":true,"href":"https:\/\/altosekura.com\/pl\/wp-json\/wp\/v2\/media\/763"}],"wp:attachment":[{"href":"https:\/\/altosekura.com\/pl\/wp-json\/wp\/v2\/media?parent=2961"}],"wp:term":[{"taxonomy":"product_brand","embeddable":true,"href":"https:\/\/altosekura.com\/pl\/wp-json\/wp\/v2\/product_brand?post=2961"},{"taxonomy":"product_cat","embeddable":true,"href":"https:\/\/altosekura.com\/pl\/wp-json\/wp\/v2\/product_cat?post=2961"},{"taxonomy":"product_tag","embeddable":true,"href":"https:\/\/altosekura.com\/pl\/wp-json\/wp\/v2\/product_tag?post=2961"}],"curies":[{"name":"wp","href":"https:\/\/api.w.org\/{rel}","templated":true}]}}