{"id":2927,"date":"2024-06-24T16:44:26","date_gmt":"2024-06-24T14:44:26","guid":{"rendered":"https:\/\/altosecura.proadax-dev.pl\/?post_type=product&#038;p=2927"},"modified":"2026-03-10T15:59:15","modified_gmt":"2026-03-10T14:59:15","slug":"technic-speed","status":"publish","type":"product","link":"https:\/\/altosekura.com\/pl\/p\/technic-speed\/","title":{"rendered":"TECHNIC Speed"},"content":{"rendered":"<p>Uprz\u0105\u017c TECHNIC SPEED to w pe\u0142ni regulowana uprz\u0105\u017c produkcji Singing Rock do stabilizacji pozycji pracy. Zabezpiecza przed upadkiem z wysoko\u015bci, do regulacji i dopasowania s\u0142u\u017c\u0105 klamry Speed. Punkt wpi\u0119cia do pracy w podparciu lub do zjazdu, zgodny z norm\u0105 EN 813. Stalowe D-ringi do pracy w podparciu zgodne z norm\u0105 EN 358, rozmieszczone symetrycznie na pasie biodrowym. Uk\u0142adaj\u0105 si\u0119 p\u0142asko, dlatego, bo s\u0105 odizolowane wy\u015bci\u00f3\u0142k\u0105 od pasa no\u015bnego. Dwie ergonomiczne p\u0119tle sprz\u0119towe o wytrzyma\u0142o\u015bci 5 kg ka\u017cda. Dodatkowe przeszyte miejsca o podwy\u017cszonej wytrzyma\u0142o\u015bci do zawieszania cennego sprz\u0119tu (np. pi\u0142y spalinowej, wiertarki itp.). Mo\u017cliwo\u015b\u0107 indywidualnej identyfikacji uprz\u0119\u017cy na wszywce. Klamra przesuwna do stabilizowania przyrz\u0105du zaciskowego piersiowego. Uprz\u0105\u017c TECHNIC SPEED posiada nast\u0119puj\u0105ce punkty wpi\u0119cia: centralny oraz tylny uprz\u0119\u017cy zgodne z norm\u0105 EN 361. Zgodno\u015b\u0107 z norm\u0105: CE 1019, EN 358, EN 813, EN 361, NFPA Klasa III, ANSI Z359.1<\/p>\n","protected":false},"excerpt":{"rendered":"<p>Uprz\u0105\u017c TECHNIC SPEED to w pe\u0142ni regulowana uprz\u0105\u017c produkcji Singing Rock do stabilizacji pozycji pracy. Zabezpiecza przed upadkiem z wysoko\u015bci,<\/p>\n","protected":false},"featured_media":4873,"template":"","meta":[],"product_brand":[],"product_cat":[82],"product_tag":[],"class_list":{"0":"post-2927","1":"product","2":"type-product","3":"status-publish","4":"has-post-thumbnail","6":"product_cat-uprzeze-szelki-bezpieczenstwa","7":"pa_kolor-czarny","8":"pa_marka-singing-rock","9":"pa_norma-ansi-z359-1","10":"pa_norma-ce-1019","11":"pa_norma-en-358","12":"pa_norma-en-361","13":"pa_norma-nfpa-klasa-iii","14":"pa_norma-pn-en-813","15":"pa_przeznaczenie-ochrona-przed-upadkiem-z-wysokosci","16":"pa_przeznaczenie-praca-w-podparciu","17":"pa_rozmiar-ml","18":"pa_rozmiar-s","19":"pa_rozmiar-xl","21":"first","22":"onbackorder","23":"taxable","24":"shipping-taxable","25":"product-type-variable"},"_links":{"self":[{"href":"https:\/\/altosekura.com\/pl\/wp-json\/wp\/v2\/product\/2927","targetHints":{"allow":["GET"]}}],"collection":[{"href":"https:\/\/altosekura.com\/pl\/wp-json\/wp\/v2\/product"}],"about":[{"href":"https:\/\/altosekura.com\/pl\/wp-json\/wp\/v2\/types\/product"}],"wp:featuredmedia":[{"embeddable":true,"href":"https:\/\/altosekura.com\/pl\/wp-json\/wp\/v2\/media\/4873"}],"wp:attachment":[{"href":"https:\/\/altosekura.com\/pl\/wp-json\/wp\/v2\/media?parent=2927"}],"wp:term":[{"taxonomy":"product_brand","embeddable":true,"href":"https:\/\/altosekura.com\/pl\/wp-json\/wp\/v2\/product_brand?post=2927"},{"taxonomy":"product_cat","embeddable":true,"href":"https:\/\/altosekura.com\/pl\/wp-json\/wp\/v2\/product_cat?post=2927"},{"taxonomy":"product_tag","embeddable":true,"href":"https:\/\/altosekura.com\/pl\/wp-json\/wp\/v2\/product_tag?post=2927"}],"curies":[{"name":"wp","href":"https:\/\/api.w.org\/{rel}","templated":true}]}}