{"id":2920,"date":"2024-06-25T16:35:17","date_gmt":"2024-06-25T14:35:17","guid":{"rendered":"https:\/\/altosecura.proadax-dev.pl\/?post_type=product&#038;p=2920"},"modified":"2026-03-10T15:59:15","modified_gmt":"2026-03-10T14:59:15","slug":"szelki-bezpieczenstwa-technic-standard","status":"publish","type":"product","link":"https:\/\/altosekura.com\/pl\/p\/szelki-bezpieczenstwa-technic-standard\/","title":{"rendered":"TECHNIC STANDARD"},"content":{"rendered":"<p>Uprz\u0105\u017c TECHNIC STANDARD to w pe\u0142ni regulowana uprz\u0105\u017c produkcji Singing Rock do stabilizacji pozycji pracy. Zabezpiecza przed upadkiem z wysoko\u015bci, do regulacji i dopasowania s\u0142u\u017c\u0105 klamry Easy-lock. Punkt wpi\u0119cia do pracy w podparciu lub do zjazdu, zgodny z norm\u0105 EN 813. Stalowe D-ringi do pracy w podparciu zgodne z norm\u0105 EN 358, rozmieszczone symetrycznie na pasie biodrowym. Uk\u0142adaj\u0105 si\u0119 p\u0142asko, dlatego, bo s\u0105 odizolowane wy\u015bci\u00f3\u0142k\u0105 od pasa no\u015bnego. Dwie ergonomiczne p\u0119tle sprz\u0119towe o wytrzyma\u0142o\u015bci 5 kg ka\u017cda. Dodatkowe przeszyte miejsca o podwy\u017cszonej wytrzyma\u0142o\u015bci do zawieszania cennego sprz\u0119tu (np. pi\u0142y spalinowej, wiertarki itp.).\u00a0Mo\u017cliwo\u015b\u0107 indywidualnej identyfikacji uprz\u0119\u017cy na wszywce.\u00a0Klamra przesuwna do stabilizowania przyrz\u0105du zaciskowego piersiowego. Uprz\u0105\u017c TECHNIC STANDARD posiada nast\u0119puj\u0105ce punkty wpi\u0119cia: centralny oraz tylny uprz\u0119\u017cy zgodne z norm\u0105 EN 361. Zgodno\u015b\u0107 z norm\u0105:\u00a0PN-EN 361,PN-EN 358, PN-EN 813<\/p>\n","protected":false},"excerpt":{"rendered":"<p>Uprz\u0105\u017c TECHNIC STANDARD to w pe\u0142ni regulowana uprz\u0105\u017c produkcji Singing Rock do stabilizacji pozycji pracy. Zabezpiecza przed upadkiem z wysoko\u015bci,<\/p>\n","protected":false},"featured_media":2924,"template":"","meta":[],"product_brand":[],"product_cat":[82],"product_tag":[],"class_list":{"0":"post-2920","1":"product","2":"type-product","3":"status-publish","4":"has-post-thumbnail","6":"product_cat-uprzeze-szelki-bezpieczenstwa","7":"pa_kolor-czarno-zolty","8":"pa_marka-singing-rock","9":"pa_norma-pn-en-358","10":"pa_norma-pn-en-361","11":"pa_norma-pn-en-813","12":"pa_przeznaczenie-ochrona-przed-upadkiem-z-wysokosci","13":"pa_przeznaczenie-praca-w-podparciu","14":"pa_rozmiar-ml","15":"pa_rozmiar-s","16":"pa_rozmiar-xl","18":"first","19":"instock","20":"taxable","21":"shipping-taxable","22":"product-type-variable"},"_links":{"self":[{"href":"https:\/\/altosekura.com\/pl\/wp-json\/wp\/v2\/product\/2920","targetHints":{"allow":["GET"]}}],"collection":[{"href":"https:\/\/altosekura.com\/pl\/wp-json\/wp\/v2\/product"}],"about":[{"href":"https:\/\/altosekura.com\/pl\/wp-json\/wp\/v2\/types\/product"}],"wp:featuredmedia":[{"embeddable":true,"href":"https:\/\/altosekura.com\/pl\/wp-json\/wp\/v2\/media\/2924"}],"wp:attachment":[{"href":"https:\/\/altosekura.com\/pl\/wp-json\/wp\/v2\/media?parent=2920"}],"wp:term":[{"taxonomy":"product_brand","embeddable":true,"href":"https:\/\/altosekura.com\/pl\/wp-json\/wp\/v2\/product_brand?post=2920"},{"taxonomy":"product_cat","embeddable":true,"href":"https:\/\/altosekura.com\/pl\/wp-json\/wp\/v2\/product_cat?post=2920"},{"taxonomy":"product_tag","embeddable":true,"href":"https:\/\/altosekura.com\/pl\/wp-json\/wp\/v2\/product_tag?post=2920"}],"curies":[{"name":"wp","href":"https:\/\/api.w.org\/{rel}","templated":true}]}}