{"id":2916,"date":"2024-06-26T16:26:34","date_gmt":"2024-06-26T14:26:34","guid":{"rendered":"https:\/\/altosecura.proadax-dev.pl\/?post_type=product&#038;p=2916"},"modified":"2026-03-10T15:59:00","modified_gmt":"2026-03-10T14:59:00","slug":"szelki-bezpieczenstwa-expert-3d-steel-speed","status":"publish","type":"product","link":"https:\/\/altosekura.com\/pl\/p\/szelki-bezpieczenstwa-expert-3d-steel-speed\/","title":{"rendered":"EXPERT 3D Steel Speed"},"content":{"rendered":"<p>EXPERT 3D SPEED STEEL\u00a0 to profesjonalna uprz\u0105\u017c produkcji Singing Rock przeznaczona do zapobiegania upadkom z wysoko\u015bci.\u00a0 Z uwagi na fakt, \u017ce szelki maj\u0105 specjalne uchwyty uprz\u0105\u017c nadaje si\u0119 pracy w ograniczonym polu. Dlatego, \u017ce posiada oznaczone punkty do wpinania mo\u017cna j\u0105 stosowa\u0107 w dost\u0119pie linowym jak i do\u00a0stabilizowania pozycji pracy. Szelki w razie potrzeby mo\u017cna odpi\u0105\u0107, dlatego mo\u017cna korzysta\u0107 jak z uprz\u0119\u017cy biodrowej w pracy w dost\u0119pie linowym. Wszyte klamry Speed-steel\u00a0umo\u017cliwiaj\u0105 p\u0142ynn\u0105 regulacj\u0119 i mo\u017cliwo\u015b\u0107 dopasowanie rozmiaru dla potrzeb u\u017cytkownika. Super wygodne, szerokie wy\u015bcie\u0142anie pasa biodrowego zapewnia u\u017cytkownikowi maksymalny komfort podczas pracy. Wyprofilowano szelki\u00a0 w okolicy szyi gdy\u017c zwi\u0119ksza si\u0119 komfort u\u017cytkowania. Przedni i tylny punkt wpi\u0119cia dla zabezpieczenia\u00a0przed upadkiem z wysoko\u015bci, gdy\u017c zgodnie z norm\u0105 EN 361 musi posiada\u0107\u00a0 oznakowanie jako \u201eA\u201d. Punkt do zamocowania\u00a0przyrz\u0105du do zjazdu lub do stabilizacji pozycji\u00a0pracy, zgodny z norm\u0105 EN 813. Zgodno\u015b\u0107 z norm\u0105: CE 1019, EN 358, EN 813, EN 361, EN 1497, NFPA Klasa III, ANSI Z359.1<\/p>\n","protected":false},"excerpt":{"rendered":"<p>EXPERT 3D SPEED STEEL\u00a0 to profesjonalna uprz\u0105\u017c produkcji Singing Rock przeznaczona do zapobiegania upadkom z wysoko\u015bci.\u00a0 Z uwagi na fakt,<\/p>\n","protected":false},"featured_media":742,"template":"","meta":[],"product_brand":[],"product_cat":[82],"product_tag":[],"class_list":{"0":"post-2916","1":"product","2":"type-product","3":"status-publish","4":"has-post-thumbnail","6":"product_cat-uprzeze-szelki-bezpieczenstwa","7":"pa_kolor-czarno-zolty","8":"pa_marka-singing-rock","9":"pa_norma-ansi-z359-1","10":"pa_norma-ce-1019","11":"pa_norma-en-1497","12":"pa_norma-en-358","13":"pa_norma-en-361","14":"pa_norma-nfpa-klasa-iii","15":"pa_norma-pn-en-813","16":"pa_przeznaczenie-ochrona-przed-upadkiem-z-wysokosci","17":"pa_przeznaczenie-praca-w-dostepie-linowym","18":"pa_przeznaczenie-praca-w-podparciu","19":"pa_rozmiar-ml","20":"pa_rozmiar-s","21":"pa_rozmiar-xl","23":"first","24":"onbackorder","25":"taxable","26":"shipping-taxable","27":"product-type-variable"},"_links":{"self":[{"href":"https:\/\/altosekura.com\/pl\/wp-json\/wp\/v2\/product\/2916","targetHints":{"allow":["GET"]}}],"collection":[{"href":"https:\/\/altosekura.com\/pl\/wp-json\/wp\/v2\/product"}],"about":[{"href":"https:\/\/altosekura.com\/pl\/wp-json\/wp\/v2\/types\/product"}],"wp:featuredmedia":[{"embeddable":true,"href":"https:\/\/altosekura.com\/pl\/wp-json\/wp\/v2\/media\/742"}],"wp:attachment":[{"href":"https:\/\/altosekura.com\/pl\/wp-json\/wp\/v2\/media?parent=2916"}],"wp:term":[{"taxonomy":"product_brand","embeddable":true,"href":"https:\/\/altosekura.com\/pl\/wp-json\/wp\/v2\/product_brand?post=2916"},{"taxonomy":"product_cat","embeddable":true,"href":"https:\/\/altosekura.com\/pl\/wp-json\/wp\/v2\/product_cat?post=2916"},{"taxonomy":"product_tag","embeddable":true,"href":"https:\/\/altosekura.com\/pl\/wp-json\/wp\/v2\/product_tag?post=2916"}],"curies":[{"name":"wp","href":"https:\/\/api.w.org\/{rel}","templated":true}]}}