{"id":2911,"date":"2024-06-27T16:17:05","date_gmt":"2024-06-27T14:17:05","guid":{"rendered":"https:\/\/altosecura.proadax-dev.pl\/?post_type=product&#038;p=2911"},"modified":"2026-03-10T15:59:00","modified_gmt":"2026-03-10T14:59:00","slug":"szelki-bezpieczenstwa-expert-3d-speed","status":"publish","type":"product","link":"https:\/\/altosekura.com\/pl\/p\/szelki-bezpieczenstwa-expert-3d-speed\/","title":{"rendered":"EXPERT 3D Speed"},"content":{"rendered":"<p>Expert 3D Speed\u00a0to\u00a0pe\u0142na uprz\u0105\u017c przemys\u0142owa produkcji Singing Rock dedykowana do zastosowania w dost\u0119pie linowym.\u00a0Komfortowe i ergonomiczne\u00a0rozwi\u0105zania oraz\u00a0bogactwo wygodnych detali\u00a0sprawiaj\u0105, \u017ce jest to jeden z popularniejszych modeli przeznaczonych do prac na wysoko\u015bci. Posiada\u00a0zerokie pasy udowe i pas biodrowy,\u00a0odblaskowe elementy. Uprz\u0105\u017c jest w pe\u0142ni regulowana za pomoc\u0105\u00a0klamer easy-lock i Speed.\u00a0Interesuj\u0105cym rozwi\u0105zaniem jest\u00a0karabinek Ozone\u00a0triact-lock, kt\u00f3ry zosta\u0142 przewidziany jako punkt \u0142\u0105cz\u0105cy pasy ramienne i punkt g\u0142\u00f3wny. Dzi\u0119ki temu\u00a0zwi\u0119kszy\u0142a si\u0119 przestrze\u0144\u00a0do mocowania na klatce piersiowej przyrz\u0105du zjazdowego. Zgodno\u015b\u0107 z norm\u0105:\u00a0EN 358, EN 361, EN 813, EN 1497<\/p>\n","protected":false},"excerpt":{"rendered":"<p>Expert 3D Speed\u00a0to\u00a0pe\u0142na uprz\u0105\u017c przemys\u0142owa produkcji Singing Rock dedykowana do zastosowania w dost\u0119pie linowym.\u00a0Komfortowe i ergonomiczne\u00a0rozwi\u0105zania oraz\u00a0bogactwo wygodnych detali\u00a0sprawiaj\u0105, \u017ce<\/p>\n","protected":false},"featured_media":732,"template":"","meta":[],"product_brand":[],"product_cat":[82],"product_tag":[],"class_list":{"0":"post-2911","1":"product","2":"type-product","3":"status-publish","4":"has-post-thumbnail","6":"product_cat-uprzeze-szelki-bezpieczenstwa","7":"pa_kolor-czarno-zolty","8":"pa_marka-singing-rock","9":"pa_norma-en-1497","10":"pa_norma-en-358","11":"pa_norma-en-361","12":"pa_norma-pn-en-813","13":"pa_przeznaczenie-ochrona-przed-upadkiem-z-wysokosci","14":"pa_przeznaczenie-praca-w-dostepie-linowym","15":"pa_przeznaczenie-praca-w-podparciu","16":"pa_przeznaczenie-sluzby-mundurowe","17":"pa_rozmiar-ml","18":"pa_rozmiar-s","19":"pa_rozmiar-xl","21":"first","22":"instock","23":"taxable","24":"shipping-taxable","25":"product-type-variable"},"_links":{"self":[{"href":"https:\/\/altosekura.com\/pl\/wp-json\/wp\/v2\/product\/2911","targetHints":{"allow":["GET"]}}],"collection":[{"href":"https:\/\/altosekura.com\/pl\/wp-json\/wp\/v2\/product"}],"about":[{"href":"https:\/\/altosekura.com\/pl\/wp-json\/wp\/v2\/types\/product"}],"wp:featuredmedia":[{"embeddable":true,"href":"https:\/\/altosekura.com\/pl\/wp-json\/wp\/v2\/media\/732"}],"wp:attachment":[{"href":"https:\/\/altosekura.com\/pl\/wp-json\/wp\/v2\/media?parent=2911"}],"wp:term":[{"taxonomy":"product_brand","embeddable":true,"href":"https:\/\/altosekura.com\/pl\/wp-json\/wp\/v2\/product_brand?post=2911"},{"taxonomy":"product_cat","embeddable":true,"href":"https:\/\/altosekura.com\/pl\/wp-json\/wp\/v2\/product_cat?post=2911"},{"taxonomy":"product_tag","embeddable":true,"href":"https:\/\/altosekura.com\/pl\/wp-json\/wp\/v2\/product_tag?post=2911"}],"curies":[{"name":"wp","href":"https:\/\/api.w.org\/{rel}","templated":true}]}}