{"id":2892,"date":"2024-06-28T15:54:51","date_gmt":"2024-06-28T13:54:51","guid":{"rendered":"https:\/\/altosecura.proadax-dev.pl\/?post_type=product&#038;p=2892"},"modified":"2026-03-10T15:59:00","modified_gmt":"2026-03-10T14:59:00","slug":"szelki-bezpieczenstwa-expert-3d-standard","status":"publish","type":"product","link":"https:\/\/altosekura.com\/pl\/p\/szelki-bezpieczenstwa-expert-3d-standard\/","title":{"rendered":"EXPERT 3D Standard"},"content":{"rendered":"<p>W pe\u0142ni regulowana uprz\u0105\u017c produkcji Singing Rock do prac w dost\u0119pie linowym z szerokim, wy\u015bcie\u0142anym pasem biodrowym, ta\u015bmami udowymi i szelkami. Odpowiednia do stabilizowania pozycji roboczej, do zapobiegania upadkowi z wysoko\u015bci i do prac w ograniczonym polu. Uprz\u0105\u017c Expert 3D Standard ma modu\u0142owy system dopasowania rozmiaru do cia\u0142a u\u017cytkownika. Szelki g\u00f3rne mo\u017cna ca\u0142kowicie wypi\u0105\u0107, a uprz\u0105\u017c mo\u017cna wykorzysta\u0107 wy\u0142\u0105cznie jako uprz\u0105\u017c biodrow\u0105. Karabinek OZONE z potr\u00f3jnym zabezpieczeniem \/Triple-lock\/ s\u0142u\u017cy do \u0142\u0105czenia szelek z g\u0142\u00f3wnym punktem uprz\u0119\u017cy, jego spos\u00f3b wpinania zwi\u0119ksza przestrze\u0144 do mocowania przyrz\u0105d\u00f3w. Przemy\u015blany system mocowania piersiowego przyrz\u0105du, z plastikow\u0105 os\u0142on\u0105 na karabinek OZONE, zwi\u0119ksza trwa\u0142o\u015b\u0107 ta\u015bmy \u0142\u0105cz\u0105cej. Wygodne i szerokie wy\u015bcie\u0142anie pasa biodrowego zapewnia maksymalny komfort pracy. Szelki oraz ta\u015bmy udowe s\u0105 niezale\u017cnie regulowane. Wyprofilowane szelki z wy\u015bci\u00f3\u0142k\u0105 w okolicy szyi poprawiaj\u0105 komfort pracy. Przednie i tylne punkty wpi\u0119cia zabezpieczenia przed upadkiem zgodnie z norm\u0105 EN 361 oznaczono wszytym identyfikatorem \u201eA\u201c. P\u0142aski tylny punkt wpi\u0119cia zapewnia u\u017cytkownikowi komfort podczas noszenia plecaka lub aparatu oddechowego. Przedni dolny punkt mocowania do wpi\u0119cia przyrz\u0105du zjazdowego lub stabilizowania pozycji pracy jest zgodny z norm\u0105 EN 813. Dwa boczne punkty wpi\u0119cia do stabilizacji pozycji pracy zgodne z norm\u0105 EN 358. Zgodno\u015b\u0107 z norm\u0105:\u00a0EN 358, EN 361, EN 813, EN 1497, CE 1019<\/p>\n","protected":false},"excerpt":{"rendered":"<p>W pe\u0142ni regulowana uprz\u0105\u017c produkcji Singing Rock do prac w dost\u0119pie linowym z szerokim, wy\u015bcie\u0142anym pasem biodrowym, ta\u015bmami udowymi i<\/p>\n","protected":false},"featured_media":2897,"template":"","meta":[],"product_brand":[],"product_cat":[82],"product_tag":[],"class_list":{"0":"post-2892","1":"product","2":"type-product","3":"status-publish","4":"has-post-thumbnail","6":"product_cat-uprzeze-szelki-bezpieczenstwa","7":"pa_kolor-czarno-zolty","8":"pa_marka-singing-rock","9":"pa_norma-ce-1019","10":"pa_norma-en-1497","11":"pa_norma-en-358","12":"pa_norma-en-361","13":"pa_norma-pn-en-813","14":"pa_przeznaczenie-ochrona-przed-upadkiem-z-wysokosci","15":"pa_przeznaczenie-praca-w-dostepie-linowym","16":"pa_przeznaczenie-praca-w-podparciu","17":"pa_przeznaczenie-sluzby-mundurowe","18":"pa_rozmiar-ml","19":"pa_rozmiar-s","20":"pa_rozmiar-xl","22":"first","23":"instock","24":"taxable","25":"shipping-taxable","26":"product-type-variable"},"_links":{"self":[{"href":"https:\/\/altosekura.com\/pl\/wp-json\/wp\/v2\/product\/2892","targetHints":{"allow":["GET"]}}],"collection":[{"href":"https:\/\/altosekura.com\/pl\/wp-json\/wp\/v2\/product"}],"about":[{"href":"https:\/\/altosekura.com\/pl\/wp-json\/wp\/v2\/types\/product"}],"wp:featuredmedia":[{"embeddable":true,"href":"https:\/\/altosekura.com\/pl\/wp-json\/wp\/v2\/media\/2897"}],"wp:attachment":[{"href":"https:\/\/altosekura.com\/pl\/wp-json\/wp\/v2\/media?parent=2892"}],"wp:term":[{"taxonomy":"product_brand","embeddable":true,"href":"https:\/\/altosekura.com\/pl\/wp-json\/wp\/v2\/product_brand?post=2892"},{"taxonomy":"product_cat","embeddable":true,"href":"https:\/\/altosekura.com\/pl\/wp-json\/wp\/v2\/product_cat?post=2892"},{"taxonomy":"product_tag","embeddable":true,"href":"https:\/\/altosekura.com\/pl\/wp-json\/wp\/v2\/product_tag?post=2892"}],"curies":[{"name":"wp","href":"https:\/\/api.w.org\/{rel}","templated":true}]}}