{"id":2888,"date":"2024-06-29T15:44:50","date_gmt":"2024-06-29T13:44:50","guid":{"rendered":"https:\/\/altosecura.proadax-dev.pl\/?post_type=product&#038;p=2888"},"modified":"2026-03-10T15:59:09","modified_gmt":"2026-03-10T14:59:09","slug":"szelki-bezpieczenstwa-profi-worker-3d-speed","status":"publish","type":"product","link":"https:\/\/altosekura.com\/pl\/p\/szelki-bezpieczenstwa-profi-worker-3d-speed\/","title":{"rendered":"PROFI WORKER 3D Speed"},"content":{"rendered":"<p>Profi Worker 3D Speed\u00a0produkcji Singing Rock to uprz\u0105\u017c przemys\u0142owa produkcji Singing Rock dedykowana do prac w dost\u0119pie linowym. Umo\u017cliwia doskona\u0142e pozycjonowanie, podtrzymywanie pozycji, nadaje si\u0119 do pracy w ograniczeniu i wielu innych konfiguracjach. Zaopatrzona w\u00a0komfortowy, szeroki pas biodrowy i pasy udowe. Wy\u015bcie\u0142ane rami\u0105czka o ergonomicznym kszta\u0142cie w okolicach szyi i karku minimalizuj\u0105 ryzyko otar\u0107 i poprawiaj\u0105 og\u00f3lny komfort pracy.\u00a0Odblaskowe nadruki\u00a0na pasach zwi\u0119kszaj\u0105 bezpiecze\u0144stwo podczas pracy przy ograniczonej widoczno\u015bci i sztucznym \u015bwietle. Uprz\u0105\u017c jest\u00a0w pe\u0142ni i niezale\u017cnie regulowana\u00a0dzi\u0119ki systemowi klamer\u00a0easy-lock\u00a0oraz\u00a0Speed. Mo\u017cemy dopasowa\u0107 zar\u00f3wno pas biodrowy, pasy udowe jak i ramiona\/barki. Dodatkowo, dzi\u0119ki klamr\u0105 Speed zastosowanym przy pasach udowych i biodrowym szybko i sprawnie za\u0142o\u017cymy lub zdejmiemy uprz\u0105\u017c.\u00a0Uprz\u0105\u017c zosta\u0142a zaopatrzona w\u00a0system przednich i tylnych\u00a0punkt\u00f3w mocowania w postaci\u00a0D-ring\u00f3w. Zgodno\u015b\u0107 z norm\u0105:\u00a0EN 358, EN 361, EN 813, EN 1497, CE 1019<\/p>\n","protected":false},"excerpt":{"rendered":"<p>Profi Worker 3D Speed\u00a0produkcji Singing Rock to uprz\u0105\u017c przemys\u0142owa produkcji Singing Rock dedykowana do prac w dost\u0119pie linowym. Umo\u017cliwia doskona\u0142e<\/p>\n","protected":false},"featured_media":732,"template":"","meta":[],"product_brand":[],"product_cat":[82],"product_tag":[],"class_list":{"0":"post-2888","1":"product","2":"type-product","3":"status-publish","4":"has-post-thumbnail","6":"product_cat-uprzeze-szelki-bezpieczenstwa","7":"pa_kolor-czarno-zolty","8":"pa_marka-singing-rock","9":"pa_norma-ce-1019","10":"pa_norma-en-1497","11":"pa_norma-en-358","12":"pa_norma-en-361","13":"pa_norma-pn-en-813","14":"pa_przeznaczenie-ochrona-przed-upadkiem-z-wysokosci","15":"pa_przeznaczenie-praca-w-dostepie-linowym","16":"pa_przeznaczenie-praca-w-podparciu","17":"pa_rozmiar-ml","18":"pa_rozmiar-s","19":"pa_rozmiar-xl","21":"first","22":"instock","23":"taxable","24":"shipping-taxable","25":"product-type-variable"},"_links":{"self":[{"href":"https:\/\/altosekura.com\/pl\/wp-json\/wp\/v2\/product\/2888","targetHints":{"allow":["GET"]}}],"collection":[{"href":"https:\/\/altosekura.com\/pl\/wp-json\/wp\/v2\/product"}],"about":[{"href":"https:\/\/altosekura.com\/pl\/wp-json\/wp\/v2\/types\/product"}],"wp:featuredmedia":[{"embeddable":true,"href":"https:\/\/altosekura.com\/pl\/wp-json\/wp\/v2\/media\/732"}],"wp:attachment":[{"href":"https:\/\/altosekura.com\/pl\/wp-json\/wp\/v2\/media?parent=2888"}],"wp:term":[{"taxonomy":"product_brand","embeddable":true,"href":"https:\/\/altosekura.com\/pl\/wp-json\/wp\/v2\/product_brand?post=2888"},{"taxonomy":"product_cat","embeddable":true,"href":"https:\/\/altosekura.com\/pl\/wp-json\/wp\/v2\/product_cat?post=2888"},{"taxonomy":"product_tag","embeddable":true,"href":"https:\/\/altosekura.com\/pl\/wp-json\/wp\/v2\/product_tag?post=2888"}],"curies":[{"name":"wp","href":"https:\/\/api.w.org\/{rel}","templated":true}]}}