{"id":288,"date":"2024-05-09T00:09:37","date_gmt":"2024-05-08T22:09:37","guid":{"rendered":"https:\/\/altosecura.proadax-dev.pl\/?post_type=product&#038;p=288"},"modified":"2025-02-25T11:09:27","modified_gmt":"2025-02-25T10:09:27","slug":"fotowoltaika","status":"publish","type":"product","link":"https:\/\/altosekura.com\/pl\/p\/fotowoltaika\/","title":{"rendered":"Fotowoltaika"},"content":{"rendered":"<p>VRAPP at Height umo\u017cliwia przeprowadzenie szkolenia po kt\u00f3rym mo\u017cliwe jest wystawienie za\u015bwiadczenia.<\/p>\n<p>Szkolenie zawiera scenerie w trybie edukacyjnym dopasowane dla monter\u00f3w paneli fotowoltaicznych:<\/p>\n<ul>\n<li><a href=\"\/pl\/p\/bezpieczna-praca-na-stromym-dachu-podczas-montazu-paneli\/\" target=\"_blank\" rel=\"noopener\">Bezpieczna praca na stromym dachu podczas monta\u017cu paneli<\/a> \u2013 Blok<\/li>\n<li><a href=\"\/pl\/p\/bezpieczna-praca-na-stromym-dachu-podczas-montazu-paneli\/\" target=\"_blank\" rel=\"noopener\">Bezpieczna praca na stromym dachu podczas monta\u017cu paneli<\/a> \u2013 Dom<\/li>\n<li><a href=\"\/pl\/p\/wspinaczka-z-asekuracja-po-drabinie-przenosnej\/\" target=\"_blank\" rel=\"noopener\">Wspinaczka z asekuracj\u0105 po drabinie przeno\u015bnej<\/a><\/li>\n<li><a href=\"\/pl\/p\/ewakuacja-zjazd\/\" target=\"_blank\" rel=\"noopener\">Ewakuacja\/zjazd<\/a><\/li>\n<li><a href=\"\/pl\/p\/trawersowanie-i-ograniczanie-na-dachu\/\" target=\"_blank\" rel=\"noopener\">Trawersowanie i ograniczanie na dachu<\/a><\/li>\n<li><a href=\"\/pl\/p\/napinanie-poziomej-liny-asekuracyjnej\/\" target=\"_blank\" rel=\"noopener\">Napinanie poziomej liny asekuracyjnej<\/a><\/li>\n<li><a href=\"\/pl\/p\/zasady-kotwiczenia-i-budowa-stanowisk\/\" target=\"_blank\" rel=\"noopener\">Zasady kotwiczenia i budowa stanowisk<\/a><\/li>\n<\/ul>\n","protected":false},"excerpt":{"rendered":"<p>VRAPP at Height umo\u017cliwia przeprowadzenie szkolenia po kt\u00f3rym mo\u017cliwe jest wystawienie za\u015bwiadczenia. Szkolenie zawiera scenerie w trybie edukacyjnym dopasowane dla<\/p>\n","protected":false},"featured_media":125,"template":"","meta":[],"product_brand":[],"product_cat":[40,44],"product_tag":[],"class_list":{"0":"post-288","1":"product","2":"type-product","3":"status-publish","4":"has-post-thumbnail","6":"product_cat-pakiety","7":"product_cat-fotowoltaika","8":"pa_lista-pakietow-fotowoltaika","10":"first","11":"instock","12":"taxable","13":"shipping-taxable","14":"purchasable","15":"product-type-variable"},"_links":{"self":[{"href":"https:\/\/altosekura.com\/pl\/wp-json\/wp\/v2\/product\/288","targetHints":{"allow":["GET"]}}],"collection":[{"href":"https:\/\/altosekura.com\/pl\/wp-json\/wp\/v2\/product"}],"about":[{"href":"https:\/\/altosekura.com\/pl\/wp-json\/wp\/v2\/types\/product"}],"wp:featuredmedia":[{"embeddable":true,"href":"https:\/\/altosekura.com\/pl\/wp-json\/wp\/v2\/media\/125"}],"wp:attachment":[{"href":"https:\/\/altosekura.com\/pl\/wp-json\/wp\/v2\/media?parent=288"}],"wp:term":[{"taxonomy":"product_brand","embeddable":true,"href":"https:\/\/altosekura.com\/pl\/wp-json\/wp\/v2\/product_brand?post=288"},{"taxonomy":"product_cat","embeddable":true,"href":"https:\/\/altosekura.com\/pl\/wp-json\/wp\/v2\/product_cat?post=288"},{"taxonomy":"product_tag","embeddable":true,"href":"https:\/\/altosekura.com\/pl\/wp-json\/wp\/v2\/product_tag?post=288"}],"curies":[{"name":"wp","href":"https:\/\/api.w.org\/{rel}","templated":true}]}}