{"id":2879,"date":"2024-06-22T14:28:00","date_gmt":"2024-06-22T12:28:00","guid":{"rendered":"https:\/\/altosecura.proadax-dev.pl\/?post_type=product&#038;p=2879"},"modified":"2026-04-18T16:05:18","modified_gmt":"2026-04-18T14:05:18","slug":"szelki-bezpieczenstwa-body-ii-speed","status":"publish","type":"product","link":"https:\/\/altosekura.com\/pl\/p\/szelki-bezpieczenstwa-body-ii-speed\/","title":{"rendered":"Body II Speed"},"content":{"rendered":"<p>Uprz\u0105\u017c BODY II SPEED produkcji Singing Rock to regulowana i kompletna uprz\u0105\u017c zabezpieczaj\u0105ca przed upadkiem z wysoko\u015bci i do innych prostych prac wymagaj\u0105cych zabezpieczenia. Poniewa\u017c uprz\u0105\u017c jest zgodna z obowi\u0105zuj\u0105cymi normami, posiada oznakowanie miejsc do wpinania asekuracji. S\u0142u\u017cy do tego metalowy\u00a0O-ring z przodu, zgodnie z norm\u0105 z EN 361. Uprz\u0105\u017c \u0142atwa i do regulacji i do dopasowania do u\u017cytkownika, dlatego, \u017ce posiada klamry Speed.\u00a0Dzi\u0119ki klamerkom SPEED za\u0142o\u017cenie uprz\u0119\u017cy jest ekspresowe. Mo\u017cliwa kombinacja z pasem pozycjonuj\u0105cym POLE II. Zgodno\u015b\u0107 z norm\u0105: EN 361, CE1019<\/p>\n","protected":false},"excerpt":{"rendered":"<p>Uprz\u0105\u017c BODY II SPEED produkcji Singing Rock to regulowana i kompletna uprz\u0105\u017c zabezpieczaj\u0105ca przed upadkiem z wysoko\u015bci i do innych<\/p>\n","protected":false},"featured_media":712,"template":"","meta":[],"product_brand":[],"product_cat":[82],"product_tag":[],"class_list":{"0":"post-2879","1":"product","2":"type-product","3":"status-publish","4":"has-post-thumbnail","6":"product_cat-uprzeze-szelki-bezpieczenstwa","7":"pa_kolor-zolto-szary","8":"pa_marka-singing-rock","9":"pa_norma-ce-1019","10":"pa_norma-en-361","11":"pa_rozmiar-s-m-l","12":"pa_rozmiar-xl","13":"pa_rozmiar-xxxl","15":"first","16":"instock","17":"taxable","18":"shipping-taxable","19":"product-type-variable"},"_links":{"self":[{"href":"https:\/\/altosekura.com\/pl\/wp-json\/wp\/v2\/product\/2879","targetHints":{"allow":["GET"]}}],"collection":[{"href":"https:\/\/altosekura.com\/pl\/wp-json\/wp\/v2\/product"}],"about":[{"href":"https:\/\/altosekura.com\/pl\/wp-json\/wp\/v2\/types\/product"}],"wp:featuredmedia":[{"embeddable":true,"href":"https:\/\/altosekura.com\/pl\/wp-json\/wp\/v2\/media\/712"}],"wp:attachment":[{"href":"https:\/\/altosekura.com\/pl\/wp-json\/wp\/v2\/media?parent=2879"}],"wp:term":[{"taxonomy":"product_brand","embeddable":true,"href":"https:\/\/altosekura.com\/pl\/wp-json\/wp\/v2\/product_brand?post=2879"},{"taxonomy":"product_cat","embeddable":true,"href":"https:\/\/altosekura.com\/pl\/wp-json\/wp\/v2\/product_cat?post=2879"},{"taxonomy":"product_tag","embeddable":true,"href":"https:\/\/altosekura.com\/pl\/wp-json\/wp\/v2\/product_tag?post=2879"}],"curies":[{"name":"wp","href":"https:\/\/api.w.org\/{rel}","templated":true}]}}