{"id":2869,"date":"2024-06-24T13:51:26","date_gmt":"2024-06-24T11:51:26","guid":{"rendered":"https:\/\/altosecura.proadax-dev.pl\/?post_type=product&#038;p=2869"},"modified":"2026-03-10T15:59:02","modified_gmt":"2026-03-10T14:59:02","slug":"grippy-3-4","status":"publish","type":"product","link":"https:\/\/altosekura.com\/pl\/p\/grippy-3-4\/","title":{"rendered":"Grippy 3\/4"},"content":{"rendered":"<p>R\u0119kawice\u00a0Grippy 3\/4 produkcji Singing Rock wykonane ze sk\u00f3ry, wzmocnione na wewn\u0119trznej stronie d\u0142oni oraz u podstawy palc\u00f3w. Dzi\u0119ki\u00a0 specjalnym otworom zapewniaj\u0105 doskona\u0142\u0105 wentylacj\u0119 d\u0142oni, oraz umo\u017cliwiaj\u0105 manipulowanie przy przyrz\u0105dach z wi\u0119ksz\u0105 dok\u0142adno\u015bci\u0105, bez utraty zmys\u0142u dotyku. Wszyta p\u0119tla doskonale sprawdza si\u0119 przy zak\u0142adaniu, oraz pe\u0142ni funkcj\u0119 wieszaka. Ni\u0107 Kevlarowa. Dost\u0119pne w rozmiarach: 8 &#8211; 11.<\/p>\n","protected":false},"excerpt":{"rendered":"<p>R\u0119kawice\u00a0Grippy 3\/4 produkcji Singing Rock wykonane ze sk\u00f3ry, wzmocnione na wewn\u0119trznej stronie d\u0142oni oraz u podstawy palc\u00f3w. Dzi\u0119ki\u00a0 specjalnym otworom<\/p>\n","protected":false},"featured_media":3762,"template":"","meta":[],"product_brand":[],"product_cat":[79,99],"product_tag":[],"class_list":{"0":"post-2869","1":"product","2":"type-product","3":"status-publish","4":"has-post-thumbnail","6":"product_cat-akcesoria","7":"product_cat-wyprzedaz","8":"pa_kolor-naturalny-skory","9":"pa_marka-singing-rock","10":"pa_przeznaczenie-arborystyk","11":"pa_przeznaczenie-ratownictwo","12":"pa_przeznaczenie-sluzby-mundurowe","13":"pa_rozmiar-554","14":"pa_rozmiar-555","15":"pa_rozmiar-553","17":"first","18":"instock","19":"sale","20":"taxable","21":"shipping-taxable","22":"purchasable","23":"product-type-variable"},"_links":{"self":[{"href":"https:\/\/altosekura.com\/pl\/wp-json\/wp\/v2\/product\/2869","targetHints":{"allow":["GET"]}}],"collection":[{"href":"https:\/\/altosekura.com\/pl\/wp-json\/wp\/v2\/product"}],"about":[{"href":"https:\/\/altosekura.com\/pl\/wp-json\/wp\/v2\/types\/product"}],"wp:featuredmedia":[{"embeddable":true,"href":"https:\/\/altosekura.com\/pl\/wp-json\/wp\/v2\/media\/3762"}],"wp:attachment":[{"href":"https:\/\/altosekura.com\/pl\/wp-json\/wp\/v2\/media?parent=2869"}],"wp:term":[{"taxonomy":"product_brand","embeddable":true,"href":"https:\/\/altosekura.com\/pl\/wp-json\/wp\/v2\/product_brand?post=2869"},{"taxonomy":"product_cat","embeddable":true,"href":"https:\/\/altosekura.com\/pl\/wp-json\/wp\/v2\/product_cat?post=2869"},{"taxonomy":"product_tag","embeddable":true,"href":"https:\/\/altosekura.com\/pl\/wp-json\/wp\/v2\/product_tag?post=2869"}],"curies":[{"name":"wp","href":"https:\/\/api.w.org\/{rel}","templated":true}]}}