{"id":2861,"date":"2024-06-27T13:29:49","date_gmt":"2024-06-27T11:29:49","guid":{"rendered":"https:\/\/altosecura.proadax-dev.pl\/?post_type=product&#038;p=2861"},"modified":"2026-03-10T15:59:13","modified_gmt":"2026-03-10T14:59:13","slug":"static-105-route-44","status":"publish","type":"product","link":"https:\/\/altosekura.com\/pl\/p\/static-105-route-44\/","title":{"rendered":"STATIC 10,5 Route 44"},"content":{"rendered":"<p>Lina statyczna STATIC R44 10.5 mm typu A <span class=\" title=\">produkcji Singing Rock<\/span>. Lina splatana przy zastosowaniu technologii Route 44 ma oplot bardziej zwarty, jednocze\u015bnie mi\u0119kki i przede wszystkim bardziej wytrzyma\u0142y ni\u017c w innych linach. Przeznaczona do ratownictwa, jak i dost\u0119pu linowego oraz do pracy na wysoko\u015bci. Lina o \u015brednicy 10,5 mm oraz wytrzyma\u0142o\u015bci 31,5 kN. Dost\u0119pne kolory: bia\u0142y, czerwony, czarny. Zgodno\u015b\u0107 z norm\u0105: PN-EN 1891 A<\/p>\n","protected":false},"excerpt":{"rendered":"<p>Produkt sprzedawany w metrach<\/p>\n","protected":false},"featured_media":676,"template":"","meta":[],"product_brand":[],"product_cat":[88],"product_tag":[],"class_list":{"0":"post-2861","1":"product","2":"type-product","3":"status-publish","4":"has-post-thumbnail","6":"product_cat-liny","7":"pa_kolor-bialy","8":"pa_kolor-czarny","9":"pa_kolor-czerwony","10":"pa_marka-singing-rock","11":"pa_norma-pn-en-1891-a","12":"pa_srednica-10-5-mm","13":"pa_wytrzymalosc-31-5-kn","15":"first","16":"instock","17":"taxable","18":"shipping-taxable","19":"product-type-variable"},"_links":{"self":[{"href":"https:\/\/altosekura.com\/pl\/wp-json\/wp\/v2\/product\/2861","targetHints":{"allow":["GET"]}}],"collection":[{"href":"https:\/\/altosekura.com\/pl\/wp-json\/wp\/v2\/product"}],"about":[{"href":"https:\/\/altosekura.com\/pl\/wp-json\/wp\/v2\/types\/product"}],"wp:featuredmedia":[{"embeddable":true,"href":"https:\/\/altosekura.com\/pl\/wp-json\/wp\/v2\/media\/676"}],"wp:attachment":[{"href":"https:\/\/altosekura.com\/pl\/wp-json\/wp\/v2\/media?parent=2861"}],"wp:term":[{"taxonomy":"product_brand","embeddable":true,"href":"https:\/\/altosekura.com\/pl\/wp-json\/wp\/v2\/product_brand?post=2861"},{"taxonomy":"product_cat","embeddable":true,"href":"https:\/\/altosekura.com\/pl\/wp-json\/wp\/v2\/product_cat?post=2861"},{"taxonomy":"product_tag","embeddable":true,"href":"https:\/\/altosekura.com\/pl\/wp-json\/wp\/v2\/product_tag?post=2861"}],"curies":[{"name":"wp","href":"https:\/\/api.w.org\/{rel}","templated":true}]}}