{"id":2852,"date":"2024-06-26T13:05:39","date_gmt":"2024-06-26T11:05:39","guid":{"rendered":"https:\/\/altosecura.proadax-dev.pl\/?post_type=product&#038;p=2852"},"modified":"2026-03-10T15:59:13","modified_gmt":"2026-03-10T14:59:13","slug":"static-11","status":"publish","type":"product","link":"https:\/\/altosekura.com\/pl\/p\/static-11\/","title":{"rendered":"STATIC 11"},"content":{"rendered":"<p>Statyczna lina przeznaczona do prac ratowniczych oraz prac na wysoko\u015bciach. Lina o \u015brednicy 11 mm oraz wytrzyma\u0142o\u015bci 34,5 kN. Dost\u0119pne kolory: bia\u0142y, czerwony i czarny. Zgodno\u015b\u0107 z norm\u0105: EN 1891<\/p>\n","protected":false},"excerpt":{"rendered":"<p>Produkt sprzedawany w metrach<\/p>\n","protected":false},"featured_media":678,"template":"","meta":[],"product_brand":[],"product_cat":[88],"product_tag":[],"class_list":{"0":"post-2852","1":"product","2":"type-product","3":"status-publish","4":"has-post-thumbnail","6":"product_cat-liny","7":"pa_kolor-bialy","8":"pa_kolor-czarny","9":"pa_kolor-czerwony","10":"pa_marka-singing-rock","11":"pa_norma-en-1891","12":"pa_srednica-11-mm","13":"pa_wytrzymalosc-34-5","15":"first","16":"instock","17":"taxable","18":"shipping-taxable","19":"product-type-variable"},"_links":{"self":[{"href":"https:\/\/altosekura.com\/pl\/wp-json\/wp\/v2\/product\/2852","targetHints":{"allow":["GET"]}}],"collection":[{"href":"https:\/\/altosekura.com\/pl\/wp-json\/wp\/v2\/product"}],"about":[{"href":"https:\/\/altosekura.com\/pl\/wp-json\/wp\/v2\/types\/product"}],"wp:featuredmedia":[{"embeddable":true,"href":"https:\/\/altosekura.com\/pl\/wp-json\/wp\/v2\/media\/678"}],"wp:attachment":[{"href":"https:\/\/altosekura.com\/pl\/wp-json\/wp\/v2\/media?parent=2852"}],"wp:term":[{"taxonomy":"product_brand","embeddable":true,"href":"https:\/\/altosekura.com\/pl\/wp-json\/wp\/v2\/product_brand?post=2852"},{"taxonomy":"product_cat","embeddable":true,"href":"https:\/\/altosekura.com\/pl\/wp-json\/wp\/v2\/product_cat?post=2852"},{"taxonomy":"product_tag","embeddable":true,"href":"https:\/\/altosekura.com\/pl\/wp-json\/wp\/v2\/product_tag?post=2852"}],"curies":[{"name":"wp","href":"https:\/\/api.w.org\/{rel}","templated":true}]}}