{"id":2841,"date":"2024-06-25T11:51:04","date_gmt":"2024-06-25T09:51:04","guid":{"rendered":"https:\/\/altosecura.proadax-dev.pl\/?post_type=product&#038;p=2841"},"modified":"2026-03-10T15:58:56","modified_gmt":"2026-03-10T14:58:56","slug":"asap-sorber-axes","status":"publish","type":"product","link":"https:\/\/altosekura.com\/pl\/p\/asap-sorber-axes\/","title":{"rendered":"ASAP SORBER AXES"},"content":{"rendered":"<p>Asap\u2019Sorber Axess firmy Petzl to nowy absorber energii, dedykowany do przyrz\u0105d\u00f3w\u00a0<span class=\"caps\">ASAP<\/span>\u00a0i\u00a0<span class=\"caps\">ASAP<\/span>\u00a0Lock. Asap\u2019Sorber Axess pozwala na zwi\u0119kszenie dystansu mi\u0119dzy pracownikiem, a lin\u0105 asekuracyjn\u0105 oraz na skuteczn\u0105 ochron\u0119 przed upadkiem na wypadek awarii sprz\u0119tu lub liny roboczej. Absorber mo\u017cna wykorzysta\u0107 tak\u017ce w akcjach ratowniczych, podczas kt\u00f3rych obci\u0105\u017cany jest przez dwie osoby. Asap\u2019Sorber Axess to rozwi\u0105zanie, kt\u00f3re doceni\u0105 przede wszystkim technicy dost\u0119pu linowego szkoleni w systemach\u00a0<span class=\"caps\">IRATA<\/span>,\u00a0<span class=\"caps\">OTDL<\/span>\u00a0czy\u00a0<span class=\"caps\">SPRAT<\/span>, pracownicy wysoko\u015bciowi, a tak\u017ce ratownicy.<\/p>\n<p>Asap\u2019Sorber Axess ma posta\u0107 zszywanej, poliamidowej ta\u015bmy schowanej w specjalnym pokrowcu zapinanym na zamek. Dzi\u0119ki temu nie jest on nara\u017cony na tarcie oraz zanieczyszczenia, a jednocze\u015bnie mo\u017cliwy do \u0142atwego skontrolowania przed u\u017cyciem. Zasada dzia\u0142ania Asap\u2019Sorber Axess jest bardzo prosta: w sytuacji gdy dochodzi do upadku, absorber stopniowo rozdziera si\u0119, poch\u0142aniaj\u0105c energi\u0119 upadku. Zastosowanie specjalnych szw\u00f3w podnosi bezpiecze\u0144stwo pracy, zmniejszaj\u0105c si\u0142\u0119 oddzia\u0142uj\u0105c\u0105 na u\u017cytkownika. Jest to bardzo istotne zw\u0142aszcza w przypadku os\u00f3b o niewielkiej wadze. Absorber jest przeznaczony dla u\u017cytkownik\u00f3w wa\u017c\u0105cych mi\u0119dzy 50, a 130kg. Mo\u017ce by\u0107 u\u017cywany w dzia\u0142aniach ratowniczych z udzia\u0142em dw\u00f3ch os\u00f3b, z maksymalnym obci\u0105\u017ceniem 250kg.<\/p>\n<p>Asap\u2019Sorber Axess ma d\u0142ugo\u015b\u0107 40cm dzi\u0119ki czemu, wpi\u0119ty w punkt piersiowy \u201cA\u201d, pozwala na odsuni\u0119cie liny asekuracyjnej od u\u017cytkownika. Tym samym nie przeszkadza ona podczas pracy i jest dodatkowo chroniona przed ostrymi narz\u0119dziami, \u015brodkami chemicznymi, opi\u0142kami czy bryzgami roztopionego metalu.<\/p>\n<p>W zestawie z Asap\u2019Sorber Axess otrzymujemy ponadto dwa transparentne stabilizatory String, za pomoc\u0105 kt\u00f3rych ustawimy karabinki w osi ich najwi\u0119kszej wytrzyma\u0142o\u015bci oraz chronimy ta\u015bm\u0119 przed przetarciem.<\/p>\n","protected":false},"excerpt":{"rendered":"<p>Asap\u2019Sorber Axess firmy Petzl to nowy absorber energii, dedykowany do przyrz\u0105d\u00f3w\u00a0ASAP\u00a0i\u00a0ASAP\u00a0Lock. Asap\u2019Sorber Axess pozwala na zwi\u0119kszenie dystansu mi\u0119dzy pracownikiem, a<\/p>\n","protected":false},"featured_media":3889,"template":"","meta":[],"product_brand":[],"product_cat":[96],"product_tag":[],"class_list":{"0":"post-2841","1":"product","2":"type-product","3":"status-publish","4":"has-post-thumbnail","6":"product_cat-urzadzenia-asekuracyjne","7":"pa_marka-petzl","8":"pa_norma-ansi-z359-13-6-feet","9":"pa_norma-ce-en-355","10":"pa_przeznaczenie-arborystyk","11":"pa_przeznaczenie-prace-wysokosciowe","12":"pa_przeznaczenie-ratownictwo","14":"first","15":"onbackorder","16":"taxable","17":"shipping-taxable","18":"purchasable","19":"product-type-simple"},"_links":{"self":[{"href":"https:\/\/altosekura.com\/pl\/wp-json\/wp\/v2\/product\/2841","targetHints":{"allow":["GET"]}}],"collection":[{"href":"https:\/\/altosekura.com\/pl\/wp-json\/wp\/v2\/product"}],"about":[{"href":"https:\/\/altosekura.com\/pl\/wp-json\/wp\/v2\/types\/product"}],"wp:featuredmedia":[{"embeddable":true,"href":"https:\/\/altosekura.com\/pl\/wp-json\/wp\/v2\/media\/3889"}],"wp:attachment":[{"href":"https:\/\/altosekura.com\/pl\/wp-json\/wp\/v2\/media?parent=2841"}],"wp:term":[{"taxonomy":"product_brand","embeddable":true,"href":"https:\/\/altosekura.com\/pl\/wp-json\/wp\/v2\/product_brand?post=2841"},{"taxonomy":"product_cat","embeddable":true,"href":"https:\/\/altosekura.com\/pl\/wp-json\/wp\/v2\/product_cat?post=2841"},{"taxonomy":"product_tag","embeddable":true,"href":"https:\/\/altosekura.com\/pl\/wp-json\/wp\/v2\/product_tag?post=2841"}],"curies":[{"name":"wp","href":"https:\/\/api.w.org\/{rel}","templated":true}]}}