{"id":282,"date":"2024-05-09T00:00:57","date_gmt":"2024-05-08T22:00:57","guid":{"rendered":"https:\/\/altosecura.proadax-dev.pl\/?post_type=product&#038;p=282"},"modified":"2025-02-25T11:11:07","modified_gmt":"2025-02-25T10:11:07","slug":"przemysl","status":"publish","type":"product","link":"https:\/\/altosekura.com\/pl\/p\/przemysl\/","title":{"rendered":"Przemys\u0142"},"content":{"rendered":"<p>VRAPP at Height umo\u017cliwia przeprowadzenie szkolenia po kt\u00f3rym mo\u017cliwe jest wystawienie za\u015bwiadczenia.<\/p>\n<p>Szkolenie zawiera scenerie w trybie edukacyjnym dopasowane do pracy w bran\u017cy przemys\u0142owej:<\/p>\n<ul>\n<li><a href=\"\/pl\/p\/praca-w-zbiornikach\/\" target=\"_blank\" rel=\"noopener\">Asekuracja podczas pracy w zbiornikach i innych przestrzeniach zamkni\u0119tych<\/a><\/li>\n<li><a href=\"\/pl\/p\/autoasekuracja-na-drabince-przy-krawedzi\/\" target=\"_blank\" rel=\"noopener\">Autoasekuracja na drabince przy kraw\u0119dzi<\/a><\/li>\n<li><a href=\"\/pl\/p\/praca-w-podnosniku\/\" target=\"_blank\" rel=\"noopener\">Praca w podno\u015bniku<\/a><\/li>\n<li><a href=\"\/pl\/p\/praca-z-tyczka-teleskopowa-i-asekuracja-za-pomoca-urzadzenia-samohamownego\/\" target=\"_blank\" rel=\"noopener\">Praca z tyczk\u0105 teleskopow\u0105 i asekuracja za pomoc\u0105 urz\u0105dzenia samohamownego<\/a><\/li>\n<li><a href=\"\/pl\/p\/wspinaczka-z-asekuracja-po-drabinie-przenosnej\/\" target=\"_blank\" rel=\"noopener\">Wspinaczka z asekuracj\u0105 po drabinie przeno\u015bnej<\/a><\/li>\n<li><a href=\"\/pl\/p\/ratownictwo-w-przemysle\/\" target=\"_blank\" rel=\"noopener\">Ratownictwo w przemy\u015ble<\/a><\/li>\n<li><a href=\"\/pl\/p\/zasady-kotwiczenia-i-budowa-stanowisk\/\" target=\"_blank\" rel=\"noopener\">Zasady kotwiczenia i budowa stanowisk<\/a><\/li>\n<\/ul>\n","protected":false},"excerpt":{"rendered":"<p>VRAPP at Height umo\u017cliwia przeprowadzenie szkolenia po kt\u00f3rym mo\u017cliwe jest wystawienie za\u015bwiadczenia. Szkolenie zawiera scenerie w trybie edukacyjnym dopasowane do<\/p>\n","protected":false},"featured_media":126,"template":"","meta":[],"product_brand":[],"product_cat":[40,45],"product_tag":[],"class_list":{"0":"post-282","1":"product","2":"type-product","3":"status-publish","4":"has-post-thumbnail","6":"product_cat-pakiety","7":"product_cat-przemysl","8":"pa_lista-pakietow-przemysl","10":"first","11":"instock","12":"taxable","13":"shipping-taxable","14":"purchasable","15":"product-type-variable"},"_links":{"self":[{"href":"https:\/\/altosekura.com\/pl\/wp-json\/wp\/v2\/product\/282","targetHints":{"allow":["GET"]}}],"collection":[{"href":"https:\/\/altosekura.com\/pl\/wp-json\/wp\/v2\/product"}],"about":[{"href":"https:\/\/altosekura.com\/pl\/wp-json\/wp\/v2\/types\/product"}],"wp:featuredmedia":[{"embeddable":true,"href":"https:\/\/altosekura.com\/pl\/wp-json\/wp\/v2\/media\/126"}],"wp:attachment":[{"href":"https:\/\/altosekura.com\/pl\/wp-json\/wp\/v2\/media?parent=282"}],"wp:term":[{"taxonomy":"product_brand","embeddable":true,"href":"https:\/\/altosekura.com\/pl\/wp-json\/wp\/v2\/product_brand?post=282"},{"taxonomy":"product_cat","embeddable":true,"href":"https:\/\/altosekura.com\/pl\/wp-json\/wp\/v2\/product_cat?post=282"},{"taxonomy":"product_tag","embeddable":true,"href":"https:\/\/altosekura.com\/pl\/wp-json\/wp\/v2\/product_tag?post=282"}],"curies":[{"name":"wp","href":"https:\/\/api.w.org\/{rel}","templated":true}]}}