{"id":221,"date":"2024-09-08T22:14:03","date_gmt":"2024-09-08T20:14:03","guid":{"rendered":"https:\/\/altosecura.proadax-dev.pl\/?post_type=product&#038;p=221"},"modified":"2026-05-08T18:10:26","modified_gmt":"2026-05-08T16:10:26","slug":"quadropod-slupek-asekuracyjny-do-szalunkow-stropowych-drewnianych","status":"publish","type":"product","link":"https:\/\/altosekura.com\/pl\/p\/quadropod-slupek-asekuracyjny-do-szalunkow-stropowych-drewnianych\/","title":{"rendered":"Quadropod &#8211; S\u0142upek asekuracyjny do szalunk\u00f3w"},"content":{"rendered":"<p><img loading=\"lazy\" decoding=\"async\" class=\"wp-image-4339 aligncenter\" src=\"https:\/\/altosekura.com\/wp-content\/uploads\/2024\/04\/Patent-2-300x205.png\" alt=\"\" width=\"151\" height=\"103\" srcset=\"https:\/\/altosekura.com\/wp-content\/uploads\/2024\/04\/Patent-2-300x205.png 300w, https:\/\/altosekura.com\/wp-content\/uploads\/2024\/04\/Patent-2-1024x698.png 1024w, https:\/\/altosekura.com\/wp-content\/uploads\/2024\/04\/Patent-2-768x524.png 768w, https:\/\/altosekura.com\/wp-content\/uploads\/2024\/04\/Patent-2-1536x1047.png 1536w, https:\/\/altosekura.com\/wp-content\/uploads\/2024\/04\/Patent-2-2048x1396.png 2048w, https:\/\/altosekura.com\/wp-content\/uploads\/2024\/04\/Patent-2-1320x900.png 1320w, https:\/\/altosekura.com\/wp-content\/uploads\/2024\/04\/Patent-2-600x409.png 600w, https:\/\/altosekura.com\/wp-content\/uploads\/2024\/04\/Patent-2-100x68.png 100w\" sizes=\"auto, (max-width: 151px) 100vw, 151px\" \/><\/p>\n<p>S\u0142upek asekuracyjny SQ10 jest przeznaczony do monta\u017cu do poziomej p\u0142yty szalunkowej (drewnianej) szalunku stropowego drewnianego. SQ10 spe\u0142nia wymagania normy EN 795:2012 typ A dla 2 u\u017cytkownik\u00f3w jednocze\u015bnie. Wyj\u0105tkowa konstrukcja s\u0142upka zapewnia r\u00f3wnie\u017c funkcj\u0119 amortyzuj\u0105c\u0105 maj\u0105c\u0105 na celu ochron\u0119 pracownika oraz unikni\u0119cie zniszczenia konstrukcji szalunku.<\/p>\n<p>Mo\u017ce by\u0107 wykorzystywany jako s\u0142upek pojedynczy (r\u00f3wnie\u017c antywahada\u0142owy) lub jako element do budowy poziomego systemu linowego.<\/p>\n<p>Punkt do wpi\u0119cia \u0142\u0105cznika znajduje si\u0119 na wysoko\u015bci 70 cm od pod\u0142o\u017ca co podnosi komfort pracy u\u017cytkownik\u00f3w s\u0142upka lub systemu zbudowanego mi\u0119dzy nimi.<\/p>\n<p>Monta\u017c s\u0142upka do poziomo zamontowanej p\u0142yty szalunku stropowego wykonanej ze sklejki drewnianej odbywa si\u0119 poprzez u\u017cycie 24 wkr\u0119t\u00f3w. P\u0142yta szalunkowa musi by\u0107 przytwierdzona gwo\u017adziami do wszystkich d\u017awigar\u00f3w szalunku.<\/p>\n<p>Zar\u00f3wno s\u0142upek jak i podstawa zosta\u0142y wykonane z materia\u0142\u00f3w zabezpieczonych przed korozj\u0105 i\/ lub nierdzewnych.<\/p>\n<p>W sk\u0142ad zestawu wchodz\u0105:<\/p>\n<ul>\n<li>s\u0142upek asekuracyjny z funkcj\u0105 amortyzuj\u0105c\u0105 wraz z punktem do wpi\u0119cia \u0142\u0105cznik\u00f3w<\/li>\n<li>zestaw wkr\u0119t\u00f3w monta\u017cowych<\/li>\n<\/ul>\n<p><img loading=\"lazy\" decoding=\"async\" class=\"aligncenter wp-image-4461 size-full\" src=\"https:\/\/altosekura.com\/wp-content\/uploads\/2024\/05\/Quadropod-opis-1.png\" alt=\"\" width=\"826\" height=\"633\" srcset=\"https:\/\/altosekura.com\/wp-content\/uploads\/2024\/05\/Quadropod-opis-1.png 826w, https:\/\/altosekura.com\/wp-content\/uploads\/2024\/05\/Quadropod-opis-1-300x230.png 300w, https:\/\/altosekura.com\/wp-content\/uploads\/2024\/05\/Quadropod-opis-1-768x589.png 768w, https:\/\/altosekura.com\/wp-content\/uploads\/2024\/05\/Quadropod-opis-1-600x460.png 600w, https:\/\/altosekura.com\/wp-content\/uploads\/2024\/05\/Quadropod-opis-1-100x77.png 100w\" sizes=\"auto, (max-width: 826px) 100vw, 826px\" \/><img loading=\"lazy\" decoding=\"async\" class=\"aligncenter wp-image-4458 size-full\" src=\"https:\/\/altosekura.com\/wp-content\/uploads\/2024\/05\/Quadropod-opis-2.png\" alt=\"\" width=\"1099\" height=\"372\" srcset=\"https:\/\/altosekura.com\/wp-content\/uploads\/2024\/05\/Quadropod-opis-2.png 1099w, https:\/\/altosekura.com\/wp-content\/uploads\/2024\/05\/Quadropod-opis-2-300x102.png 300w, https:\/\/altosekura.com\/wp-content\/uploads\/2024\/05\/Quadropod-opis-2-1024x347.png 1024w, https:\/\/altosekura.com\/wp-content\/uploads\/2024\/05\/Quadropod-opis-2-768x260.png 768w, https:\/\/altosekura.com\/wp-content\/uploads\/2024\/05\/Quadropod-opis-2-600x203.png 600w, https:\/\/altosekura.com\/wp-content\/uploads\/2024\/05\/Quadropod-opis-2-100x34.png 100w\" sizes=\"auto, (max-width: 1099px) 100vw, 1099px\" \/><\/p>\n","protected":false},"excerpt":{"rendered":"<p>S\u0142upek asekuracyjny SQ10 jest przeznaczony do monta\u017cu do poziomej p\u0142yty szalunkowej (drewnianej) szalunku stropowego drewnianego. SQ10 spe\u0142nia wymagania normy EN<\/p>\n","protected":false},"featured_media":3622,"template":"","meta":[],"product_brand":[],"product_cat":[100],"product_tag":[],"class_list":{"0":"post-221","1":"product","2":"type-product","3":"status-publish","4":"has-post-thumbnail","6":"product_cat-urzadzenia-dla-budownictwa","7":"pa_dopuszczalne-obciazenie-max-100-kg-osoba","8":"pa_marka-rock-master","9":"pa_norma-en-7952012-a","10":"pa_wymiary-podstawy-44-cm-x-44-cm","12":"first","13":"instock","14":"taxable","15":"shipping-taxable","16":"purchasable","17":"product-type-variable"},"_links":{"self":[{"href":"https:\/\/altosekura.com\/pl\/wp-json\/wp\/v2\/product\/221","targetHints":{"allow":["GET"]}}],"collection":[{"href":"https:\/\/altosekura.com\/pl\/wp-json\/wp\/v2\/product"}],"about":[{"href":"https:\/\/altosekura.com\/pl\/wp-json\/wp\/v2\/types\/product"}],"wp:featuredmedia":[{"embeddable":true,"href":"https:\/\/altosekura.com\/pl\/wp-json\/wp\/v2\/media\/3622"}],"wp:attachment":[{"href":"https:\/\/altosekura.com\/pl\/wp-json\/wp\/v2\/media?parent=221"}],"wp:term":[{"taxonomy":"product_brand","embeddable":true,"href":"https:\/\/altosekura.com\/pl\/wp-json\/wp\/v2\/product_brand?post=221"},{"taxonomy":"product_cat","embeddable":true,"href":"https:\/\/altosekura.com\/pl\/wp-json\/wp\/v2\/product_cat?post=221"},{"taxonomy":"product_tag","embeddable":true,"href":"https:\/\/altosekura.com\/pl\/wp-json\/wp\/v2\/product_tag?post=221"}],"curies":[{"name":"wp","href":"https:\/\/api.w.org\/{rel}","templated":true}]}}