{"id":209,"date":"2024-09-03T21:48:55","date_gmt":"2024-09-03T19:48:55","guid":{"rendered":"https:\/\/altosecura.proadax-dev.pl\/?post_type=product&#038;p=209"},"modified":"2026-03-10T15:59:05","modified_gmt":"2026-03-10T14:59:05","slug":"hawp-hak-asekuracyjny-do-wiez-podporowych","status":"publish","type":"product","link":"https:\/\/altosekura.com\/pl\/p\/hawp-hak-asekuracyjny-do-wiez-podporowych\/","title":{"rendered":"HAWP &#8211; Hak Asekuracyjny do Wie\u017c Podporowych"},"content":{"rendered":"<p>Hak asekuracyjny do wie\u017c podporowych HAWP jest indywidualnym urz\u0105dzeniem chroni\u0105cym przed upadkiem zgodnym z norm\u0105 EN795 typ B.<\/p>\n<p>Jest to mobilny punkt kotwicz\u0105cy pozwalaj\u0105cy na asekuracj\u0119 pracownik\u00f3w podczas pracy na wie\u017cach podporowych o konstrukcji \u017cerdziowej. Dost\u0119pny jest w dw\u00f3ch rozmiarach: S do profili do \u015brednic\/ rozmiar\u00f3w przekroju od 48 do 80 mm, oraz L do profili pomi\u0119dzy 100 a 120 mm.<\/p>\n<p>Otw\u00f3r przeznaczony do wpinania \u0142\u0105cznika znajduje si\u0119 w po\u0142o\u017ceniu kt\u00f3re u\u0142atwia wpinanie linki bezpiecze\u0144stwa. D\u017awignia mimo\u015brodowa u\u0142atwia ciasne zamkni\u0119cie haka na profilu wie\u017cy podporowej, a dwustopniowa blokada uniemo\u017cliwia przypadkowe wypi\u0119cie urz\u0105dzenia. Zastosowane silikonowe ok\u0142adki poprawiaj\u0105 dopasowanie haka.<\/p>\n<p>Dzi\u0119ki swojej zaciskowej konstrukcji urz\u0105dzenie mo\u017ce by\u0107 wykorzystywane w uk\u0142adzie pionowym, sko\u015bnym. Mo\u017ce te\u017c by\u0107 mocowane w uk\u0142adzie poziomym jako tradycyjny hak do asekuracji (np. podczas korzystania z drabin lub por\u0119czy)<\/p>\n<p>Urz\u0105dzenie jest opatentowane w Europejskim Urz\u0119dzie Patentowym. Urz\u0105dzenie jest certyfikowane przez PRS.<\/p>\n<p data-wp-editing=\"1\"><img loading=\"lazy\" decoding=\"async\" class=\"aligncenter wp-image-4369 size-full\" src=\"https:\/\/altosekura.com\/wp-content\/uploads\/2024\/05\/HAWP-opis-1.png\" alt=\"\" width=\"1162\" height=\"468\" srcset=\"https:\/\/altosekura.com\/wp-content\/uploads\/2024\/05\/HAWP-opis-1.png 1162w, https:\/\/altosekura.com\/wp-content\/uploads\/2024\/05\/HAWP-opis-1-300x121.png 300w, https:\/\/altosekura.com\/wp-content\/uploads\/2024\/05\/HAWP-opis-1-1024x412.png 1024w, https:\/\/altosekura.com\/wp-content\/uploads\/2024\/05\/HAWP-opis-1-768x309.png 768w, https:\/\/altosekura.com\/wp-content\/uploads\/2024\/05\/HAWP-opis-1-600x242.png 600w, https:\/\/altosekura.com\/wp-content\/uploads\/2024\/05\/HAWP-opis-1-100x40.png 100w\" sizes=\"auto, (max-width: 1162px) 100vw, 1162px\" \/><img loading=\"lazy\" decoding=\"async\" class=\"aligncenter wp-image-4366 size-full\" src=\"https:\/\/altosecura.proadax-dev.pl\/wp-content\/uploads\/2024\/05\/HAWP-opis-2.png\" alt=\"\" width=\"1151\" height=\"553\" srcset=\"https:\/\/altosekura.com\/wp-content\/uploads\/2024\/05\/HAWP-opis-2.png 1151w, https:\/\/altosekura.com\/wp-content\/uploads\/2024\/05\/HAWP-opis-2-300x144.png 300w, https:\/\/altosekura.com\/wp-content\/uploads\/2024\/05\/HAWP-opis-2-1024x492.png 1024w, https:\/\/altosekura.com\/wp-content\/uploads\/2024\/05\/HAWP-opis-2-768x369.png 768w, https:\/\/altosekura.com\/wp-content\/uploads\/2024\/05\/HAWP-opis-2-600x288.png 600w, https:\/\/altosekura.com\/wp-content\/uploads\/2024\/05\/HAWP-opis-2-100x48.png 100w\" sizes=\"auto, (max-width: 1151px) 100vw, 1151px\" \/><img loading=\"lazy\" decoding=\"async\" class=\"aligncenter wp-image-4363 size-full\" src=\"https:\/\/altosekura.com\/wp-content\/uploads\/2024\/05\/HAWP-opis-3.png\" alt=\"\" width=\"1173\" height=\"740\" srcset=\"https:\/\/altosekura.com\/wp-content\/uploads\/2024\/05\/HAWP-opis-3.png 1173w, https:\/\/altosekura.com\/wp-content\/uploads\/2024\/05\/HAWP-opis-3-300x189.png 300w, https:\/\/altosekura.com\/wp-content\/uploads\/2024\/05\/HAWP-opis-3-1024x646.png 1024w, https:\/\/altosekura.com\/wp-content\/uploads\/2024\/05\/HAWP-opis-3-768x485.png 768w, https:\/\/altosekura.com\/wp-content\/uploads\/2024\/05\/HAWP-opis-3-600x379.png 600w, https:\/\/altosekura.com\/wp-content\/uploads\/2024\/05\/HAWP-opis-3-100x63.png 100w\" sizes=\"auto, (max-width: 1173px) 100vw, 1173px\" \/><\/p>\n","protected":false},"excerpt":{"rendered":"<p>Hak asekuracyjny do wie\u017c podporowych HAWP jest indywidualnym urz\u0105dzeniem chroni\u0105cym przed upadkiem zgodnym z norm\u0105 EN795 typ B. Jest to<\/p>\n","protected":false},"featured_media":3619,"template":"","meta":[],"product_brand":[],"product_cat":[100],"product_tag":[],"class_list":{"0":"post-209","1":"product","2":"type-product","3":"status-publish","4":"has-post-thumbnail","6":"product_cat-urzadzenia-dla-budownictwa","7":"pa_marka-rock-master","8":"pa_norma-en-795-b","10":"first","11":"instock","12":"sale","13":"taxable","14":"shipping-taxable","15":"purchasable","16":"product-type-variable"},"_links":{"self":[{"href":"https:\/\/altosekura.com\/pl\/wp-json\/wp\/v2\/product\/209","targetHints":{"allow":["GET"]}}],"collection":[{"href":"https:\/\/altosekura.com\/pl\/wp-json\/wp\/v2\/product"}],"about":[{"href":"https:\/\/altosekura.com\/pl\/wp-json\/wp\/v2\/types\/product"}],"wp:featuredmedia":[{"embeddable":true,"href":"https:\/\/altosekura.com\/pl\/wp-json\/wp\/v2\/media\/3619"}],"wp:attachment":[{"href":"https:\/\/altosekura.com\/pl\/wp-json\/wp\/v2\/media?parent=209"}],"wp:term":[{"taxonomy":"product_brand","embeddable":true,"href":"https:\/\/altosekura.com\/pl\/wp-json\/wp\/v2\/product_brand?post=209"},{"taxonomy":"product_cat","embeddable":true,"href":"https:\/\/altosekura.com\/pl\/wp-json\/wp\/v2\/product_cat?post=209"},{"taxonomy":"product_tag","embeddable":true,"href":"https:\/\/altosekura.com\/pl\/wp-json\/wp\/v2\/product_tag?post=209"}],"curies":[{"name":"wp","href":"https:\/\/api.w.org\/{rel}","templated":true}]}}