{"id":174,"date":"2024-05-04T13:05:24","date_gmt":"2024-05-04T11:05:24","guid":{"rendered":"https:\/\/altosecura.proadax-dev.pl\/?post_type=product&#038;p=174"},"modified":"2025-02-25T11:06:44","modified_gmt":"2025-02-25T10:06:44","slug":"autoasekuracja-na-drabince-przy-krawedzi","status":"publish","type":"product","link":"https:\/\/altosekura.com\/pl\/p\/autoasekuracja-na-drabince-przy-krawedzi\/","title":{"rendered":"Autoasekuracja na drabince przy kraw\u0119dzi"},"content":{"rendered":"<p>VRAPP at Height umo\u017cliwia zrealizowanie zadania polegaj\u0105cego na zabezpieczeniu si\u0119 przez upadkiem i wymianie urz\u0105dzenia podczas pracy na drabinie umieszczonej na pomo\u015bcie.<\/p>\n","protected":false},"excerpt":{"rendered":"<p>VRAPP at Height umo\u017cliwia zrealizowanie zadania polegaj\u0105cego na zabezpieczeniu si\u0119 przez upadkiem i wymianie urz\u0105dzenia podczas pracy na drabinie umieszczonej<\/p>\n","protected":false},"featured_media":176,"template":"","meta":[],"product_brand":[],"product_cat":[24],"product_tag":[],"class_list":{"0":"post-174","1":"product","2":"type-product","3":"status-publish","4":"has-post-thumbnail","6":"product_cat-scenariusze","7":"pa_nazwa-scenariusza-skrocona-autoasekuracja","8":"pa_sceneria-budowa","9":"pa_sceneria-dach","10":"pa_sceneria-hala-przemyslowa","11":"pa_wersja-edukacyjna","12":"pa_wersja-podstawowa","14":"first","15":"instock","16":"taxable","17":"shipping-taxable","18":"purchasable","19":"product-type-variable"},"_links":{"self":[{"href":"https:\/\/altosekura.com\/pl\/wp-json\/wp\/v2\/product\/174","targetHints":{"allow":["GET"]}}],"collection":[{"href":"https:\/\/altosekura.com\/pl\/wp-json\/wp\/v2\/product"}],"about":[{"href":"https:\/\/altosekura.com\/pl\/wp-json\/wp\/v2\/types\/product"}],"wp:featuredmedia":[{"embeddable":true,"href":"https:\/\/altosekura.com\/pl\/wp-json\/wp\/v2\/media\/176"}],"wp:attachment":[{"href":"https:\/\/altosekura.com\/pl\/wp-json\/wp\/v2\/media?parent=174"}],"wp:term":[{"taxonomy":"product_brand","embeddable":true,"href":"https:\/\/altosekura.com\/pl\/wp-json\/wp\/v2\/product_brand?post=174"},{"taxonomy":"product_cat","embeddable":true,"href":"https:\/\/altosekura.com\/pl\/wp-json\/wp\/v2\/product_cat?post=174"},{"taxonomy":"product_tag","embeddable":true,"href":"https:\/\/altosekura.com\/pl\/wp-json\/wp\/v2\/product_tag?post=174"}],"curies":[{"name":"wp","href":"https:\/\/api.w.org\/{rel}","templated":true}]}}