{"id":1393,"date":"2024-08-06T00:44:03","date_gmt":"2024-08-05T22:44:03","guid":{"rendered":"https:\/\/altosecura.proadax-dev.pl\/?post_type=product&#038;p=1393"},"modified":"2026-04-18T14:35:20","modified_gmt":"2026-04-18T12:35:20","slug":"tracker-block","status":"publish","type":"product","link":"https:\/\/altosekura.com\/pl\/p\/tracker-block\/","title":{"rendered":"Tracker Block"},"content":{"rendered":"<p><img loading=\"lazy\" decoding=\"async\" class=\" wp-image-4339 aligncenter\" src=\"https:\/\/altosekura.com\/wp-content\/uploads\/2024\/04\/Patent-2-300x205.png\" alt=\"\" width=\"151\" height=\"103\" srcset=\"https:\/\/altosekura.com\/wp-content\/uploads\/2024\/04\/Patent-2-300x205.png 300w, https:\/\/altosekura.com\/wp-content\/uploads\/2024\/04\/Patent-2-1024x698.png 1024w, https:\/\/altosekura.com\/wp-content\/uploads\/2024\/04\/Patent-2-768x524.png 768w, https:\/\/altosekura.com\/wp-content\/uploads\/2024\/04\/Patent-2-1536x1047.png 1536w, https:\/\/altosekura.com\/wp-content\/uploads\/2024\/04\/Patent-2-2048x1396.png 2048w, https:\/\/altosekura.com\/wp-content\/uploads\/2024\/04\/Patent-2-1320x900.png 1320w, https:\/\/altosekura.com\/wp-content\/uploads\/2024\/04\/Patent-2-600x409.png 600w, https:\/\/altosekura.com\/wp-content\/uploads\/2024\/04\/Patent-2-100x68.png 100w\" sizes=\"auto, (max-width: 151px) 100vw, 151px\" \/><\/p>\n<p>&nbsp;<\/p>\n<ul>\n<li>Urz\u0105dzenie samozaciskowe z funkcj\u0105 kotwicz\u0105c\u0105 do prowadnicy sztywnej,<\/li>\n<li>Zgodny z norm\u0105 EN 353-1+A1:2018-03,<\/li>\n<li>Przeznaczony do ruchu w systemie pionowym i poziomym na linie 8 mm,<\/li>\n<li>Wyposa\u017cony w amortyzator i zatrza\u015bnik<\/li>\n<li>System blokowania j\u0119zyka samozaciskowego<\/li>\n<li>Element przepinaj\u0105cy blokad\u0119<\/li>\n<li>Urz\u0105dzenia chronione patentem.<\/li>\n<\/ul>\n","protected":false},"excerpt":{"rendered":"<p>&nbsp; Urz\u0105dzenie samozaciskowe z funkcj\u0105 kotwicz\u0105c\u0105 do prowadnicy sztywnej, Zgodny z norm\u0105 EN 353-1+A1:2018-03, Przeznaczony do ruchu w systemie pionowym<\/p>\n","protected":false},"featured_media":3616,"template":"","meta":[],"product_brand":[],"product_cat":[17,96],"product_tag":[],"class_list":{"0":"post-1393","1":"product","2":"type-product","3":"status-publish","4":"has-post-thumbnail","6":"product_cat-sprzet-do-pracy-na-wysokosci","7":"product_cat-urzadzenia-asekuracyjne","8":"pa_marka-rock-master","9":"pa_norma-a12018-03","10":"pa_norma-en-353-1","12":"first","13":"instock","14":"taxable","15":"shipping-taxable","16":"purchasable","17":"product-type-simple"},"_links":{"self":[{"href":"https:\/\/altosekura.com\/pl\/wp-json\/wp\/v2\/product\/1393","targetHints":{"allow":["GET"]}}],"collection":[{"href":"https:\/\/altosekura.com\/pl\/wp-json\/wp\/v2\/product"}],"about":[{"href":"https:\/\/altosekura.com\/pl\/wp-json\/wp\/v2\/types\/product"}],"wp:featuredmedia":[{"embeddable":true,"href":"https:\/\/altosekura.com\/pl\/wp-json\/wp\/v2\/media\/3616"}],"wp:attachment":[{"href":"https:\/\/altosekura.com\/pl\/wp-json\/wp\/v2\/media?parent=1393"}],"wp:term":[{"taxonomy":"product_brand","embeddable":true,"href":"https:\/\/altosekura.com\/pl\/wp-json\/wp\/v2\/product_brand?post=1393"},{"taxonomy":"product_cat","embeddable":true,"href":"https:\/\/altosekura.com\/pl\/wp-json\/wp\/v2\/product_cat?post=1393"},{"taxonomy":"product_tag","embeddable":true,"href":"https:\/\/altosekura.com\/pl\/wp-json\/wp\/v2\/product_tag?post=1393"}],"curies":[{"name":"wp","href":"https:\/\/api.w.org\/{rel}","templated":true}]}}