{"id":1308,"date":"2024-08-07T13:30:04","date_gmt":"2024-08-07T11:30:04","guid":{"rendered":"https:\/\/altosecura.proadax-dev.pl\/p\/przyrzad-zjazdowy-uzo\/"},"modified":"2025-07-11T09:31:40","modified_gmt":"2025-07-11T07:31:40","slug":"przyrzad-zjazdowy-uzo","status":"publish","type":"product","link":"https:\/\/altosekura.com\/pl\/p\/przyrzad-zjazdowy-uzo\/","title":{"rendered":"UZO zestaw"},"content":{"rendered":"<p><img loading=\"lazy\" decoding=\"async\" class=\"aligncenter wp-image-4339 \" src=\"https:\/\/altosekura.com\/wp-content\/uploads\/2024\/04\/Patent-2.png\" alt=\"\" width=\"151\" height=\"103\" srcset=\"https:\/\/altosekura.com\/wp-content\/uploads\/2024\/04\/Patent-2.png 2510w, https:\/\/altosekura.com\/wp-content\/uploads\/2024\/04\/Patent-2-300x205.png 300w, https:\/\/altosekura.com\/wp-content\/uploads\/2024\/04\/Patent-2-1024x698.png 1024w, https:\/\/altosekura.com\/wp-content\/uploads\/2024\/04\/Patent-2-768x524.png 768w, https:\/\/altosekura.com\/wp-content\/uploads\/2024\/04\/Patent-2-1536x1047.png 1536w, https:\/\/altosekura.com\/wp-content\/uploads\/2024\/04\/Patent-2-2048x1396.png 2048w, https:\/\/altosekura.com\/wp-content\/uploads\/2024\/04\/Patent-2-1320x900.png 1320w, https:\/\/altosekura.com\/wp-content\/uploads\/2024\/04\/Patent-2-600x409.png 600w, https:\/\/altosekura.com\/wp-content\/uploads\/2024\/04\/Patent-2-100x68.png 100w\" sizes=\"auto, (max-width: 151px) 100vw, 151px\" \/>Urz\u0105dzenie zjazdowe z funkcj\u0105 ratownicz\u0105 UZO 9 zosta\u0142o opracowane w oparciu o wytyczne normy EN 341:2011. Urz\u0105dzenie jest sterowane manualnie i spe\u0142nia wymagania klasy B.<\/p>\n<p>UZO 9 jest na sta\u0142e po\u0142\u0105czone z w\u0142\u00f3kiennicz\u0105 lin\u0105 statyczn\u0105 o \u015brednicy 11 mm. Podstaw\u0105 konstrukcji jest sta\u0142a p\u0142yta stalowa znajduj\u0105ca si\u0119 pomi\u0119dzy obudowami. Urz\u0105dzenie zw\u0119\u017ca si\u0119 ku do\u0142u, a w jego dolnej cz\u0119\u015bci znajduje si\u0119 punkt kotwicz\u0105cy urz\u0105dzenia s\u0142u\u017c\u0105cy do wpi\u0119cia \u0142\u0105cznika spe\u0142niaj\u0105cego norm\u0119 EN362.<\/p>\n<p>Wewn\u0105trz urz\u0105dzenia znajduje si\u0119 uk\u0142ad rolek prowadz\u0105cych lin\u0119 oraz krzywka obrotowa, kt\u00f3ra dzi\u0119ki zmianie swojego po\u0142o\u017cenia pozwala na blokowanie i odblokowanie liny w urz\u0105dzeniu, poprzez dociskanie liny do nieruchomego docisku. Lina w\u0142\u00f3kiennicza wprowadzona jest do urz\u0105dzenia od g\u00f3ry, nast\u0119pnie w d\u00f3\u0142, dooko\u0142a krzywki obrotowej od lewej strony i kolejno w g\u00f3r\u0119 pomi\u0119dzy krzywk\u0105 obrotow\u0105 a dociskiem liny wychodz\u0105c nast\u0119pnie z urz\u0105dzenia w kierunku d\u017awigni s\u0142u\u017c\u0105cej do kontrolowania opuszczania.<\/p>\n<p>Po drugiej stronie sta\u0142ej p\u0142yty stalowej urz\u0105dzenia, pod tyln\u0105 obudow\u0105, znajduj\u0105 si\u0119 pozosta\u0142e elementy mechaniczne \u2013 przek\u0142adnia z\u0119bata, dzi\u0119ki kt\u00f3rej ruch d\u017awigni steruj\u0105cej zjazdem po\u0142\u0105czony jest z obrotem krzywki obrotowej.<\/p>\n<p>Wymiana liny mo\u017cliwa jest jedynie po odkr\u0119ceniu obudowy przedniej.<br \/>\n<img loading=\"lazy\" decoding=\"async\" class=\"aligncenter size-full wp-image-4856\" src=\"https:\/\/altosekura.com\/wp-content\/uploads\/2024\/05\/UZO-opis-1.png\" alt=\"\" width=\"895\" height=\"484\" srcset=\"https:\/\/altosekura.com\/wp-content\/uploads\/2024\/05\/UZO-opis-1.png 895w, https:\/\/altosekura.com\/wp-content\/uploads\/2024\/05\/UZO-opis-1-300x162.png 300w, https:\/\/altosekura.com\/wp-content\/uploads\/2024\/05\/UZO-opis-1-768x415.png 768w, https:\/\/altosekura.com\/wp-content\/uploads\/2024\/05\/UZO-opis-1-600x324.png 600w, https:\/\/altosekura.com\/wp-content\/uploads\/2024\/05\/UZO-opis-1-100x54.png 100w\" sizes=\"auto, (max-width: 895px) 100vw, 895px\" \/><img loading=\"lazy\" decoding=\"async\" class=\"aligncenter size-full wp-image-4853\" src=\"https:\/\/altosekura.com\/wp-content\/uploads\/2024\/05\/UZO-opis-2.png\" alt=\"\" width=\"1075\" height=\"793\" srcset=\"https:\/\/altosekura.com\/wp-content\/uploads\/2024\/05\/UZO-opis-2.png 1075w, https:\/\/altosekura.com\/wp-content\/uploads\/2024\/05\/UZO-opis-2-300x221.png 300w, https:\/\/altosekura.com\/wp-content\/uploads\/2024\/05\/UZO-opis-2-1024x755.png 1024w, https:\/\/altosekura.com\/wp-content\/uploads\/2024\/05\/UZO-opis-2-768x567.png 768w, https:\/\/altosekura.com\/wp-content\/uploads\/2024\/05\/UZO-opis-2-600x443.png 600w, https:\/\/altosekura.com\/wp-content\/uploads\/2024\/05\/UZO-opis-2-100x74.png 100w\" sizes=\"auto, (max-width: 1075px) 100vw, 1075px\" \/><\/p>\n<p><img loading=\"lazy\" decoding=\"async\" class=\"aligncenter size-full wp-image-4850\" src=\"https:\/\/altosekura.com\/wp-content\/uploads\/2024\/05\/UZO-opis-3.png\" alt=\"\" width=\"1069\" height=\"499\" srcset=\"https:\/\/altosekura.com\/wp-content\/uploads\/2024\/05\/UZO-opis-3.png 1069w, https:\/\/altosekura.com\/wp-content\/uploads\/2024\/05\/UZO-opis-3-300x140.png 300w, https:\/\/altosekura.com\/wp-content\/uploads\/2024\/05\/UZO-opis-3-1024x478.png 1024w, https:\/\/altosekura.com\/wp-content\/uploads\/2024\/05\/UZO-opis-3-768x358.png 768w, https:\/\/altosekura.com\/wp-content\/uploads\/2024\/05\/UZO-opis-3-600x280.png 600w, https:\/\/altosekura.com\/wp-content\/uploads\/2024\/05\/UZO-opis-3-100x47.png 100w\" sizes=\"auto, (max-width: 1069px) 100vw, 1069px\" \/><\/p>\n<p>&nbsp;<\/p>\n<p>&nbsp;<\/p>\n","protected":false},"excerpt":{"rendered":"<p>Urz\u0105dzenie zjazdowe z funkcj\u0105 ratownicz\u0105 UZO 9 zosta\u0142o opracowane w oparciu o wytyczne normy EN 341:2011. Urz\u0105dzenie jest sterowane manualnie<\/p>\n","protected":false},"featured_media":3598,"template":"","meta":[],"product_brand":[],"product_cat":[98],"product_tag":[],"class_list":{"0":"post-1308","1":"product","2":"type-product","3":"status-publish","4":"has-post-thumbnail","6":"product_cat-urzadzenia-ratownicze","7":"pa_dopuszczalne-obciazenie-60-150-kg","8":"pa_marka-rock-master","9":"pa_norma-en-3412011-2b","11":"first","12":"onbackorder","13":"taxable","14":"shipping-taxable","15":"purchasable","16":"product-type-variable"},"_links":{"self":[{"href":"https:\/\/altosekura.com\/pl\/wp-json\/wp\/v2\/product\/1308","targetHints":{"allow":["GET"]}}],"collection":[{"href":"https:\/\/altosekura.com\/pl\/wp-json\/wp\/v2\/product"}],"about":[{"href":"https:\/\/altosekura.com\/pl\/wp-json\/wp\/v2\/types\/product"}],"wp:featuredmedia":[{"embeddable":true,"href":"https:\/\/altosekura.com\/pl\/wp-json\/wp\/v2\/media\/3598"}],"wp:attachment":[{"href":"https:\/\/altosekura.com\/pl\/wp-json\/wp\/v2\/media?parent=1308"}],"wp:term":[{"taxonomy":"product_brand","embeddable":true,"href":"https:\/\/altosekura.com\/pl\/wp-json\/wp\/v2\/product_brand?post=1308"},{"taxonomy":"product_cat","embeddable":true,"href":"https:\/\/altosekura.com\/pl\/wp-json\/wp\/v2\/product_cat?post=1308"},{"taxonomy":"product_tag","embeddable":true,"href":"https:\/\/altosekura.com\/pl\/wp-json\/wp\/v2\/product_tag?post=1308"}],"curies":[{"name":"wp","href":"https:\/\/api.w.org\/{rel}","templated":true}]}}