{"id":1299,"date":"2025-12-14T13:29:52","date_gmt":"2025-12-14T12:29:52","guid":{"rendered":"https:\/\/altosecura.proadax-dev.pl\/p\/petzl-kask-strato-vent-czerwony-2019\/"},"modified":"2026-03-10T15:59:12","modified_gmt":"2026-03-10T14:59:12","slug":"petzl-kask-strato-vent-czerwony-2019","status":"publish","type":"product","link":"https:\/\/altosekura.com\/pl\/p\/petzl-kask-strato-vent-czerwony-2019\/","title":{"rendered":"Strato Vent"},"content":{"rendered":"<p>Kask do prac na wysoko\u015bci Petzl Strato Vent &#8211; red to lekka oraz wygodna konstrukcja, kt\u00f3ra za spraw\u0105 technologii Centerfit oraz Flip&amp;Fit zapewnia odpowiedni\u0105 stabilizacj\u0119, oraz ochron\u0119 g\u0142owy podczas prac z dost\u0119pem linowym.<\/p>\n<p>Skorupa modelu Petzl Strato Vent wykonano z odpornego na uszkodzenia tworzywa ABS. Natomiast jej wn\u0119trze sk\u0142ada si\u0119 z dw\u00f3ch cz\u0119\u015bci: spienionego polipropylenu oraz spienionego polistyrenu. Powy\u017csza mieszanka zosta\u0142a zastosowana w celu zniwelowania wagi modelu, co znacz\u0105co wp\u0142ywa na komfort pracy oraz bezpiecze\u0144stwo w razie ewentualnego wstrz\u0105su.<\/p>\n<p>Do czynienia mamy z systemem regulacji Centerfit, kt\u00f3ry odpowiada za odpowiednie wycentrowanie kasku na g\u0142owie, za pomoc\u0105 bocznych pokr\u0119te\u0142. System Flip&amp;Fit jest odpowiedzialny za ustawienie wewn\u0119trznej opaski podtrzymuj\u0105cej, co umo\u017cliwia stabilizacj\u0119 modelu podczas u\u017cytkowania. Ca\u0142o\u015b\u0107 dostarczana jest z wymiennymi piankami wewn\u0119trznymi, kt\u00f3re zwi\u0119kszaj\u0105 komfort podczas d\u0142ugich godzin sp\u0119dzonych w kasku. Po bokach znajdziemy sze\u015b\u0107 otwor\u00f3w wentylacyjnych, dzi\u0119ki kt\u00f3rym mo\u017cliwa jest wi\u0119ksza cyrkulacja powietrza, szczeg\u00f3lnie wa\u017cna w cieplejsze dni.<\/p>\n<p>Kask do prac na wysoko\u015bci Petzl Strato Vent &#8211; red to doskona\u0142y wyb\u00f3r dla pracownik\u00f3w wysoko\u015bciowych. Posiada tak\u017ce szereg funkcjonalno\u015bci, kt\u00f3re \u015bwietnie sprawdz\u0105 si\u0119 podczas prac z dost\u0119pem linowym. Model posiada mo\u017cliwo\u015b\u0107 integracji latarek czo\u0142owych Petzl, os\u0142on s\u0142uchu, czy wzroku oraz wszelkich akcesori\u00f3w modu\u0142owych, takich jak: uchwyt na identyfikator, czy os\u0142ona karku.<\/p>\n","protected":false},"excerpt":{"rendered":"<p>Kask do prac na wysoko\u015bci Petzl Strato Vent &#8211; red to lekka oraz wygodna konstrukcja, kt\u00f3ra za spraw\u0105 technologii Centerfit<\/p>\n","protected":false},"featured_media":3802,"template":"","meta":[],"product_brand":[],"product_cat":[81,99],"product_tag":[],"class_list":{"0":"post-1299","1":"product","2":"type-product","3":"status-publish","4":"has-post-thumbnail","6":"product_cat-kaski","7":"product_cat-wyprzedaz","8":"pa_marka-petzl","9":"pa_norma-ansi-z89-1-type-i-class-c","10":"pa_norma-ce","11":"pa_norma-eac","12":"pa_norma-en-12492","14":"first","15":"instock","16":"sale","17":"taxable","18":"shipping-taxable","19":"purchasable","20":"product-type-simple"},"_links":{"self":[{"href":"https:\/\/altosekura.com\/pl\/wp-json\/wp\/v2\/product\/1299","targetHints":{"allow":["GET"]}}],"collection":[{"href":"https:\/\/altosekura.com\/pl\/wp-json\/wp\/v2\/product"}],"about":[{"href":"https:\/\/altosekura.com\/pl\/wp-json\/wp\/v2\/types\/product"}],"wp:featuredmedia":[{"embeddable":true,"href":"https:\/\/altosekura.com\/pl\/wp-json\/wp\/v2\/media\/3802"}],"wp:attachment":[{"href":"https:\/\/altosekura.com\/pl\/wp-json\/wp\/v2\/media?parent=1299"}],"wp:term":[{"taxonomy":"product_brand","embeddable":true,"href":"https:\/\/altosekura.com\/pl\/wp-json\/wp\/v2\/product_brand?post=1299"},{"taxonomy":"product_cat","embeddable":true,"href":"https:\/\/altosekura.com\/pl\/wp-json\/wp\/v2\/product_cat?post=1299"},{"taxonomy":"product_tag","embeddable":true,"href":"https:\/\/altosekura.com\/pl\/wp-json\/wp\/v2\/product_tag?post=1299"}],"curies":[{"name":"wp","href":"https:\/\/api.w.org\/{rel}","templated":true}]}}