{"id":1293,"date":"2024-05-14T13:29:52","date_gmt":"2024-05-14T11:29:52","guid":{"rendered":"https:\/\/altosecura.proadax-dev.pl\/?post_type=product&#038;p=1293"},"modified":"2025-09-08T14:08:40","modified_gmt":"2025-09-08T12:08:40","slug":"tendon-reep-reflective-6-mm-linka-pomocnicza-14-m-2015","status":"publish","type":"product","link":"https:\/\/altosekura.com\/pl\/p\/tendon-reep-reflective-6-mm-linka-pomocnicza-14-m-2015\/","title":{"rendered":"Tendon &#8211; Reep Reflective 6 mm &#8211; 11 m"},"content":{"rendered":"<p>Linka pomocnicza o \u015brednicy 6 mm. Posiada wszechstronne zastosowanie.<\/p>\n<p>Wytrzyma\u0142o\u015b\u0107 minimalna: 1000daN (10kN)<\/p>\n<p>Certyfikacja: CE 1019, EN 564, UIAA<\/p>\n","protected":false},"excerpt":{"rendered":"<p>Linka pomocnicza o \u015brednicy 6 mm. Posiada wszechstronne zastosowanie. Wytrzyma\u0142o\u015b\u0107 minimalna: 1000daN (10kN) Certyfikacja: CE 1019, EN 564, UIAA<\/p>\n","protected":false},"featured_media":3772,"template":"","meta":[],"product_brand":[],"product_cat":[79,99],"product_tag":[],"class_list":{"0":"post-1293","1":"product","2":"type-product","3":"status-publish","4":"has-post-thumbnail","6":"product_cat-akcesoria","7":"product_cat-wyprzedaz","8":"pa_marka-tendon","9":"pa_norma-ce-1019","10":"pa_norma-en-564","11":"pa_norma-uiaa","12":"pa_srednica-6-mm","13":"pa_wytrzymalosc-10-kn","15":"first","16":"instock","17":"sale","18":"taxable","19":"shipping-taxable","20":"purchasable","21":"product-type-simple"},"_links":{"self":[{"href":"https:\/\/altosekura.com\/pl\/wp-json\/wp\/v2\/product\/1293","targetHints":{"allow":["GET"]}}],"collection":[{"href":"https:\/\/altosekura.com\/pl\/wp-json\/wp\/v2\/product"}],"about":[{"href":"https:\/\/altosekura.com\/pl\/wp-json\/wp\/v2\/types\/product"}],"wp:featuredmedia":[{"embeddable":true,"href":"https:\/\/altosekura.com\/pl\/wp-json\/wp\/v2\/media\/3772"}],"wp:attachment":[{"href":"https:\/\/altosekura.com\/pl\/wp-json\/wp\/v2\/media?parent=1293"}],"wp:term":[{"taxonomy":"product_brand","embeddable":true,"href":"https:\/\/altosekura.com\/pl\/wp-json\/wp\/v2\/product_brand?post=1293"},{"taxonomy":"product_cat","embeddable":true,"href":"https:\/\/altosekura.com\/pl\/wp-json\/wp\/v2\/product_cat?post=1293"},{"taxonomy":"product_tag","embeddable":true,"href":"https:\/\/altosekura.com\/pl\/wp-json\/wp\/v2\/product_tag?post=1293"}],"curies":[{"name":"wp","href":"https:\/\/api.w.org\/{rel}","templated":true}]}}