{"id":1261,"date":"2024-05-14T13:29:44","date_gmt":"2024-05-14T11:29:44","guid":{"rendered":"https:\/\/altosecura.proadax-dev.pl\/p\/tasma-20-mm-tubular-webbing\/"},"modified":"2026-03-10T15:59:14","modified_gmt":"2026-03-10T14:59:14","slug":"tasma-20-mm-tubular-webbing","status":"publish","type":"product","link":"https:\/\/altosekura.com\/pl\/p\/tasma-20-mm-tubular-webbing\/","title":{"rendered":"Tubular Webbing 20 mm"},"content":{"rendered":"<p>Ta\u015bma Singing Rock Tubular Webbing to uniwersalna ta\u015bma rurowa do pracy na wysoko\u015bci. Wykonana jest z PES (poliester) o ma\u0142ej rozci\u0105gliwo\u015bci. Dane szczeg\u00f3lne:<\/p>\n<ul>\n<li>Waga odcinka (metr): 39,4 g<\/li>\n<li>Wytrzyma\u0142o\u015b\u0107: 17 kN<\/li>\n<\/ul>\n","protected":false},"excerpt":{"rendered":"<p>Produkt sprzedawany w metrach<\/p>\n","protected":false},"featured_media":3799,"template":"","meta":[],"product_brand":[],"product_cat":[79,99],"product_tag":[],"class_list":{"0":"post-1261","1":"product","2":"type-product","3":"status-publish","4":"has-post-thumbnail","6":"product_cat-akcesoria","7":"product_cat-wyprzedaz","8":"pa_marka-singing-rock","9":"pa_wytrzymalosc-17-kn","11":"first","12":"instock","13":"sale","14":"taxable","15":"shipping-taxable","16":"purchasable","17":"product-type-simple"},"_links":{"self":[{"href":"https:\/\/altosekura.com\/pl\/wp-json\/wp\/v2\/product\/1261","targetHints":{"allow":["GET"]}}],"collection":[{"href":"https:\/\/altosekura.com\/pl\/wp-json\/wp\/v2\/product"}],"about":[{"href":"https:\/\/altosekura.com\/pl\/wp-json\/wp\/v2\/types\/product"}],"wp:featuredmedia":[{"embeddable":true,"href":"https:\/\/altosekura.com\/pl\/wp-json\/wp\/v2\/media\/3799"}],"wp:attachment":[{"href":"https:\/\/altosekura.com\/pl\/wp-json\/wp\/v2\/media?parent=1261"}],"wp:term":[{"taxonomy":"product_brand","embeddable":true,"href":"https:\/\/altosekura.com\/pl\/wp-json\/wp\/v2\/product_brand?post=1261"},{"taxonomy":"product_cat","embeddable":true,"href":"https:\/\/altosekura.com\/pl\/wp-json\/wp\/v2\/product_cat?post=1261"},{"taxonomy":"product_tag","embeddable":true,"href":"https:\/\/altosekura.com\/pl\/wp-json\/wp\/v2\/product_tag?post=1261"}],"curies":[{"name":"wp","href":"https:\/\/api.w.org\/{rel}","templated":true}]}}