{"id":1243,"date":"2023-05-14T13:29:35","date_gmt":"2023-05-14T11:29:35","guid":{"rendered":"https:\/\/altosecura.proadax-dev.pl\/p\/track-plus-2015\/"},"modified":"2025-09-08T14:39:50","modified_gmt":"2025-09-08T12:39:50","slug":"track-plus-2015","status":"publish","type":"product","link":"https:\/\/altosekura.com\/pl\/p\/track-plus-2015\/","title":{"rendered":"Track Plus 2015"},"content":{"rendered":"<p style=\"text-align: justify;\">Track Plus to ta\u015bma do regulacji d\u0142ugo\u015bci (w zakresie: 80 &#8211; 130 cm). Posiada D-kszta\u0142tne kolucho na obu ko\u0144cach, z kutej stali.<\/p>\n","protected":false},"excerpt":{"rendered":"<p>Track Plus to ta\u015bma do regulacji d\u0142ugo\u015bci (w zakresie: 80 &#8211; 130 cm). Posiada D-kszta\u0142tne kolucho na obu ko\u0144cach, z<\/p>\n","protected":false},"featured_media":3826,"template":"","meta":[],"product_brand":[],"product_cat":[87,99],"product_tag":[],"class_list":{"0":"post-1243","1":"product","2":"type-product","3":"status-publish","4":"has-post-thumbnail","6":"product_cat-linki-opasujace","7":"product_cat-wyprzedaz","8":"pa_marka-singing-rock","9":"pa_norma-ce-0123","10":"pa_norma-en-354","11":"pa_norma-en-358","12":"pa_norma-en-795-b","14":"first","15":"instock","16":"sale","17":"taxable","18":"shipping-taxable","19":"purchasable","20":"product-type-simple"},"_links":{"self":[{"href":"https:\/\/altosekura.com\/pl\/wp-json\/wp\/v2\/product\/1243","targetHints":{"allow":["GET"]}}],"collection":[{"href":"https:\/\/altosekura.com\/pl\/wp-json\/wp\/v2\/product"}],"about":[{"href":"https:\/\/altosekura.com\/pl\/wp-json\/wp\/v2\/types\/product"}],"wp:featuredmedia":[{"embeddable":true,"href":"https:\/\/altosekura.com\/pl\/wp-json\/wp\/v2\/media\/3826"}],"wp:attachment":[{"href":"https:\/\/altosekura.com\/pl\/wp-json\/wp\/v2\/media?parent=1243"}],"wp:term":[{"taxonomy":"product_brand","embeddable":true,"href":"https:\/\/altosekura.com\/pl\/wp-json\/wp\/v2\/product_brand?post=1243"},{"taxonomy":"product_cat","embeddable":true,"href":"https:\/\/altosekura.com\/pl\/wp-json\/wp\/v2\/product_cat?post=1243"},{"taxonomy":"product_tag","embeddable":true,"href":"https:\/\/altosekura.com\/pl\/wp-json\/wp\/v2\/product_tag?post=1243"}],"curies":[{"name":"wp","href":"https:\/\/api.w.org\/{rel}","templated":true}]}}