{"id":1241,"date":"2024-06-26T13:29:35","date_gmt":"2024-06-26T11:29:35","guid":{"rendered":"https:\/\/altosecura.proadax-dev.pl\/p\/pilot-3-4-2015\/"},"modified":"2025-01-14T12:57:34","modified_gmt":"2025-01-14T11:57:34","slug":"pilot-3-4-2015","status":"publish","type":"product","link":"https:\/\/altosekura.com\/pl\/p\/pilot-3-4-2015\/","title":{"rendered":"PILOT 3\/4&#8243; 2015"},"content":{"rendered":"<p style=\"text-align: justify\">Pilot to kotwa wielokrotnego u\u017cytku produkcji Singing Rock. Dopracowana pod k\u0105tem ochrony przed upadkiem z wysoko\u015bci , bezpieczna, lekka i \u0142atwa w u\u017cyciu. Testowana pod k\u0105tem zgodno\u015bci z normami ANSI Z359.1 i EN 795. Prosta instalacja: nale\u017cy wywierci\u0107 otw\u00f3r w betonowej lub kamiennej powierzchni o \u015bci\u015ble zalecanej \u015brednicy, usun\u0105\u0107 py\u0142 po wierceniu, wsun\u0105\u0107 urz\u0105dzenie ze \u015bci\u0105gni\u0119tym spustem, zwolni\u0107 spust\u2013urz\u0105dzenie rozpr\u0119\u017cy si\u0119 w otworze i jest gotowe do u\u017cycia. Kotwa pracuje wielokierunkowo. Po zako\u0144czeniu pracy, kotw\u0119 mo\u017cna usun\u0105\u0107, a pozosta\u0142y otw\u00f3r za\u015blepi\u0107 klejem lub zapraw\u0105. Zastosowanie w budownictwie, przemy\u015ble, g\u00f3rnictwie i wspinaczce. Wymagany otw\u00f3r monta\u017cowy to 20 mm.\u00a0 Obci\u0105\u017cenie robocze: 181 kg, rozmiary: 25 mm \/ \u00be cala, wytrzyma\u0142o\u015b\u0107: 22 kN.<\/p>\n","protected":false},"excerpt":{"rendered":"<p>Pilot to kotwa wielokrotnego u\u017cytku produkcji Singing Rock. Dopracowana pod k\u0105tem ochrony przed upadkiem z wysoko\u015bci , bezpieczna, lekka i<\/p>\n","protected":false},"featured_media":3832,"template":"","meta":[],"product_brand":[],"product_cat":[94,99],"product_tag":[],"class_list":{"0":"post-1241","1":"product","2":"type-product","3":"status-publish","4":"has-post-thumbnail","6":"product_cat-punkty-kotwiczace","7":"product_cat-wyprzedaz","8":"pa_marka-singing-rock","9":"pa_norma-ansi-z359-1","10":"pa_norma-en-795-typu-b","11":"pa_norma-xce-0321","13":"first","14":"instock","15":"sale","16":"taxable","17":"shipping-taxable","18":"purchasable","19":"product-type-simple"},"_links":{"self":[{"href":"https:\/\/altosekura.com\/pl\/wp-json\/wp\/v2\/product\/1241","targetHints":{"allow":["GET"]}}],"collection":[{"href":"https:\/\/altosekura.com\/pl\/wp-json\/wp\/v2\/product"}],"about":[{"href":"https:\/\/altosekura.com\/pl\/wp-json\/wp\/v2\/types\/product"}],"wp:featuredmedia":[{"embeddable":true,"href":"https:\/\/altosekura.com\/pl\/wp-json\/wp\/v2\/media\/3832"}],"wp:attachment":[{"href":"https:\/\/altosekura.com\/pl\/wp-json\/wp\/v2\/media?parent=1241"}],"wp:term":[{"taxonomy":"product_brand","embeddable":true,"href":"https:\/\/altosekura.com\/pl\/wp-json\/wp\/v2\/product_brand?post=1241"},{"taxonomy":"product_cat","embeddable":true,"href":"https:\/\/altosekura.com\/pl\/wp-json\/wp\/v2\/product_cat?post=1241"},{"taxonomy":"product_tag","embeddable":true,"href":"https:\/\/altosekura.com\/pl\/wp-json\/wp\/v2\/product_tag?post=1241"}],"curies":[{"name":"wp","href":"https:\/\/api.w.org\/{rel}","templated":true}]}}