{"id":1229,"date":"2024-05-14T13:25:07","date_gmt":"2024-05-14T11:25:07","guid":{"rendered":"https:\/\/altosecura.proadax-dev.pl\/?post_type=product&#038;p=1229"},"modified":"2025-09-08T14:54:25","modified_gmt":"2025-09-08T12:54:25","slug":"mini-rope-grab-rp209a","status":"publish","type":"product","link":"https:\/\/altosekura.com\/pl\/p\/mini-rope-grab-rp209a\/","title":{"rendered":"Mini Rope Grab RP209A"},"content":{"rendered":"<p>Przyrz\u0105d samozaciskowy ma\u0142y nieotwierany z aluminium do lin o \u015brednicy:\u00a010,5 &#8211; 13 mm.<\/p>\n","protected":false},"excerpt":{"rendered":"<p>Przyrz\u0105d samozaciskowy ma\u0142y nieotwierany z aluminium do lin o \u015brednicy:\u00a010,5 &#8211; 13 mm.<\/p>\n","protected":false},"featured_media":3844,"template":"","meta":[],"product_brand":[],"product_cat":[99,92],"product_tag":[],"class_list":{"0":"post-1229","1":"product","2":"type-product","3":"status-publish","4":"has-post-thumbnail","6":"product_cat-wyprzedaz","7":"product_cat-przyrzady-zaciskowe","8":"pa_marka-isc","9":"pa_norma-ce-en-353-2","10":"pa_norma-ce-en358","11":"pa_norma-nfpa-2001","12":"pa_srednica-lin-mm-10-5-13-mm","14":"first","15":"instock","16":"sale","17":"taxable","18":"shipping-taxable","19":"purchasable","20":"product-type-variable"},"_links":{"self":[{"href":"https:\/\/altosekura.com\/pl\/wp-json\/wp\/v2\/product\/1229","targetHints":{"allow":["GET"]}}],"collection":[{"href":"https:\/\/altosekura.com\/pl\/wp-json\/wp\/v2\/product"}],"about":[{"href":"https:\/\/altosekura.com\/pl\/wp-json\/wp\/v2\/types\/product"}],"wp:featuredmedia":[{"embeddable":true,"href":"https:\/\/altosekura.com\/pl\/wp-json\/wp\/v2\/media\/3844"}],"wp:attachment":[{"href":"https:\/\/altosekura.com\/pl\/wp-json\/wp\/v2\/media?parent=1229"}],"wp:term":[{"taxonomy":"product_brand","embeddable":true,"href":"https:\/\/altosekura.com\/pl\/wp-json\/wp\/v2\/product_brand?post=1229"},{"taxonomy":"product_cat","embeddable":true,"href":"https:\/\/altosekura.com\/pl\/wp-json\/wp\/v2\/product_cat?post=1229"},{"taxonomy":"product_tag","embeddable":true,"href":"https:\/\/altosekura.com\/pl\/wp-json\/wp\/v2\/product_tag?post=1229"}],"curies":[{"name":"wp","href":"https:\/\/api.w.org\/{rel}","templated":true}]}}