{"id":1149,"date":"2021-06-05T13:25:07","date_gmt":"2021-06-05T11:25:07","guid":{"rendered":"https:\/\/altosecura.proadax-dev.pl\/p\/ringo\/"},"modified":"2026-03-10T15:59:10","modified_gmt":"2026-03-10T14:59:10","slug":"ringo","status":"publish","type":"product","link":"https:\/\/altosekura.com\/pl\/p\/ringo\/","title":{"rendered":"Ringo"},"content":{"rendered":"<p style=\"text-align: justify;\">Zdejmowany pier\u015bcie\u0144 dla\u00a0 pracownik\u00f3w wysoko\u015bciowych oraz arboryst\u00f3w. Przeznaczony do po\u0142\u0105cze\u0144 p\u00f3\u0142sta\u0142ych.<\/p>\n<ul>\n<li style=\"text-align: justify;\">Mocny i lekki korpus wykonany ze stopu aluminium o maksymalnej wytrzyma\u0142o\u015bci 20 kN w dowolnym kierunku.<\/li>\n<li style=\"text-align: justify;\">Szczelina na zapi\u0119cia 10 mm, \u015brednica wewn\u0119trzna 46 mm.<\/li>\n<li style=\"text-align: justify;\">Stalowa \u015bruba s\u0142u\u017c\u0105ca do po\u0142\u0105czenia.<\/li>\n<li style=\"text-align: justify;\">Mo\u017cna zak\u0142ada\u0107 w dowolnym kierunku.<\/li>\n<\/ul>\n","protected":false},"excerpt":{"rendered":"<p>Zdejmowany pier\u015bcie\u0144 dla\u00a0 pracownik\u00f3w wysoko\u015bciowych oraz arboryst\u00f3w. Przeznaczony do po\u0142\u0105cze\u0144 p\u00f3\u0142sta\u0142ych. Mocny i lekki korpus wykonany ze stopu aluminium o<\/p>\n","protected":false},"featured_media":1150,"template":"","meta":[],"product_brand":[],"product_cat":[83],"product_tag":[],"class_list":{"0":"post-1149","1":"product","2":"type-product","3":"status-publish","4":"has-post-thumbnail","6":"product_cat-karabinki","7":"pa_kolor-czarny","8":"pa_marka-singing-rock","9":"pa_wytrzymalosc-20-kn","11":"first","12":"instock","13":"taxable","14":"shipping-taxable","15":"purchasable","16":"product-type-simple"},"_links":{"self":[{"href":"https:\/\/altosekura.com\/pl\/wp-json\/wp\/v2\/product\/1149","targetHints":{"allow":["GET"]}}],"collection":[{"href":"https:\/\/altosekura.com\/pl\/wp-json\/wp\/v2\/product"}],"about":[{"href":"https:\/\/altosekura.com\/pl\/wp-json\/wp\/v2\/types\/product"}],"wp:featuredmedia":[{"embeddable":true,"href":"https:\/\/altosekura.com\/pl\/wp-json\/wp\/v2\/media\/1150"}],"wp:attachment":[{"href":"https:\/\/altosekura.com\/pl\/wp-json\/wp\/v2\/media?parent=1149"}],"wp:term":[{"taxonomy":"product_brand","embeddable":true,"href":"https:\/\/altosekura.com\/pl\/wp-json\/wp\/v2\/product_brand?post=1149"},{"taxonomy":"product_cat","embeddable":true,"href":"https:\/\/altosekura.com\/pl\/wp-json\/wp\/v2\/product_cat?post=1149"},{"taxonomy":"product_tag","embeddable":true,"href":"https:\/\/altosekura.com\/pl\/wp-json\/wp\/v2\/product_tag?post=1149"}],"curies":[{"name":"wp","href":"https:\/\/api.w.org\/{rel}","templated":true}]}}