{"id":11283,"date":"2026-02-18T09:22:55","date_gmt":"2026-02-18T08:22:55","guid":{"rendered":"https:\/\/altosekura.com\/?post_type=product&#038;p=11283"},"modified":"2026-02-18T10:02:54","modified_gmt":"2026-02-18T09:02:54","slug":"reactor-140-lanyard-v-ringo-2-x-k408tr-k4241tr","status":"publish","type":"product","link":"https:\/\/altosekura.com\/pl\/p\/reactor-140-lanyard-v-ringo-2-x-k408tr-k4241tr\/","title":{"rendered":"Reactor 140 + Lanyard V + Ringo + 2 x K408TR + K4241TR"},"content":{"rendered":"<p data-start=\"61\" data-end=\"140\"><strong data-start=\"61\" data-end=\"140\">Profesjonalny zestaw do pracy na wysoko\u015bci z podw\u00f3jn\u0105 lon\u017c\u0105 i amortyzatorem<\/strong><\/p>\n<p data-start=\"142\" data-end=\"420\">Kompletny zestaw asekuracyjny przeznaczony do pracy na wysoko\u015bci, w tym dla pracownik\u00f3w budowlanych, monta\u017cowych oraz arboryst\u00f3w. Zestaw oparty na amortyzatorze <strong data-start=\"303\" data-end=\"318\">Reactor 140<\/strong> umo\u017cliwia bezpieczn\u0105 prac\u0119 u\u017cytkownikom o maksymalnej wadze <strong data-start=\"379\" data-end=\"417\">do 140 kg (\u0142\u0105cznie z wyposa\u017ceniem)<\/strong>.<\/p>\n<p data-start=\"422\" data-end=\"546\">Podw\u00f3jna lon\u017ca w uk\u0142adzie \u201eV\u201d pozwala na p\u0142ynne przepinanie si\u0119 mi\u0119dzy punktami kotwiczenia, zachowuj\u0105c ci\u0105g\u0142o\u015b\u0107 asekuracji.<\/p>\n<p data-start=\"422\" data-end=\"546\">\n<p><strong>Amortyzator Reactor 140<\/strong><\/p>\n<p data-start=\"827\" data-end=\"992\">Amortyzator energii przeznaczony dla u\u017cytkownik\u00f3w o masie do 140 kg (z wyposa\u017ceniem).<br data-start=\"916\" data-end=\"919\" \/>Zapewnia skuteczne poch\u0142anianie energii podczas ewentualnego odpadni\u0119cia.<\/p>\n<p data-start=\"994\" data-end=\"1030\">Wa\u017cne informacje eksploatacyjne:<\/p>\n<ol data-start=\"1031\" data-end=\"1319\">\n<li data-start=\"1031\" data-end=\"1086\">\n<p data-start=\"1033\" data-end=\"1086\">Przed ka\u017cdym u\u017cyciem nale\u017cy sprawdzi\u0107 stan absorbera.<\/p>\n<\/li>\n<li data-start=\"1087\" data-end=\"1177\">\n<p data-start=\"1089\" data-end=\"1177\">Po rozerwaniu amortyzator traci swoje w\u0142a\u015bciwo\u015bci \u2013 zawsze kontroluj wska\u017anik aktywacji.<\/p>\n<\/li>\n<li data-start=\"1178\" data-end=\"1243\">\n<p data-start=\"1180\" data-end=\"1243\">Przed rozpocz\u0119ciem pracy nale\u017cy sprawdzi\u0107 wszystkie po\u0142\u0105czenia.<\/p>\n<\/li>\n<\/ol>\n<p data-start=\"1180\" data-end=\"1243\">\n<p data-start=\"1180\" data-end=\"1243\"><strong>Ringo<\/strong><\/p>\n<p data-start=\"1990\" data-end=\"2108\">Przeznaczony do po\u0142\u0105cze\u0144 p\u00f3\u0142sta\u0142ych w systemach asekuracyjnych.<br data-start=\"2053\" data-end=\"2056\" \/>Idealny dla pracownik\u00f3w wysoko\u015bciowych i arboryst\u00f3w.<\/p>\n<p data-start=\"2110\" data-end=\"2135\">Parametry techniczne:<\/p>\n<ul data-start=\"2136\" data-end=\"2341\">\n<li data-start=\"2136\" data-end=\"2162\">\n<p data-start=\"2138\" data-end=\"2162\">Materia\u0142: stop aluminium<\/p>\n<\/li>\n<li data-start=\"2163\" data-end=\"2208\">\n<p data-start=\"2165\" data-end=\"2208\">Wytrzyma\u0142o\u015b\u0107: 20 kN w dowolnym kierunku<\/p>\n<\/li>\n<li data-start=\"2209\" data-end=\"2241\">\n<p data-start=\"2211\" data-end=\"2241\">\u015arednica wewn\u0119trzna: 46 mm<\/p>\n<\/li>\n<li data-start=\"2242\" data-end=\"2274\">\n<p data-start=\"2244\" data-end=\"2274\">Szeroko\u015b\u0107 szczeliny: 10 mm<\/p>\n<\/li>\n<li data-start=\"2275\" data-end=\"2301\">\n<p data-start=\"2277\" data-end=\"2301\">Stalowa \u015bruba zamykaj\u0105ca<\/p>\n<\/li>\n<li data-start=\"2302\" data-end=\"2341\">\n<p data-start=\"2304\" data-end=\"2341\">Mo\u017cliwo\u015b\u0107 monta\u017cu w dowolnym kierunku<\/p>\n<\/li>\n<\/ul>\n<p>&nbsp;<\/p>\n<p><strong>Lanyard \u201eV\u201d 100\/100<\/strong><\/p>\n<p data-start=\"1368\" data-end=\"1496\">Podw\u00f3jna lon\u017ca wykonana z liny statycznej Singing Rock.<br data-start=\"1423\" data-end=\"1426\" \/>Ramiona zako\u0144czone zszywanymi oczkami oraz centralnym punktem wpi\u0119cia.<\/p>\n<p data-start=\"1498\" data-end=\"1522\">Cechy konstrukcyjne:<\/p>\n<ul data-start=\"1523\" data-end=\"1817\">\n<li data-start=\"1523\" data-end=\"1637\">\n<p data-start=\"1525\" data-end=\"1553\">Podw\u00f3jna ochrona ko\u0144c\u00f3wek:<\/p>\n<ul data-start=\"1556\" data-end=\"1637\">\n<li data-start=\"1556\" data-end=\"1601\">\n<p data-start=\"1558\" data-end=\"1601\">os\u0142ona szw\u00f3w chroni\u0105ca przed przetarciem,<\/p>\n<\/li>\n<li data-start=\"1604\" data-end=\"1637\">\n<p data-start=\"1606\" data-end=\"1637\">ta\u015bma rurowa oplataj\u0105ca lin\u0119.<\/p>\n<\/li>\n<\/ul>\n<\/li>\n<li data-start=\"1638\" data-end=\"1692\">\n<p data-start=\"1640\" data-end=\"1692\">Centralny punkt wpi\u0119cia wyposa\u017cony w os\u0142on\u0119 szw\u00f3w.<\/p>\n<\/li>\n<li data-start=\"1693\" data-end=\"1755\">\n<p data-start=\"1695\" data-end=\"1755\">R\u00f3\u017cne kolory os\u0142on oczek u\u0142atwiaj\u0105 identyfikacj\u0119 d\u0142ugo\u015bci.<\/p>\n<\/li>\n<li data-start=\"1756\" data-end=\"1783\">\n<p data-start=\"1758\" data-end=\"1783\">Wytrzyma\u0142o\u015b\u0107: <strong data-start=\"1772\" data-end=\"1781\">22 kN<\/strong><\/p>\n<\/li>\n<li data-start=\"1784\" data-end=\"1817\">\n<p data-start=\"1786\" data-end=\"1817\">Zgodno\u015b\u0107 z norm\u0105: <strong data-start=\"1804\" data-end=\"1817\">PN-EN 354<\/strong><\/p>\n<\/li>\n<\/ul>\n<p>&nbsp;<\/p>\n<p><strong>2 x Karabinek D Steel Triple-lock (K408TR)<\/strong><\/p>\n<p>Stalowe, ocynkowane karabinki o du\u017cej wytrzyma\u0142o\u015bci, wyposa\u017cone w zamek Keylock oraz automatyczne zabezpieczenie Triple-lock.<\/p>\n<table class=\"woocommerce-product-attributes shop_attributes\">\n<tbody>\n<tr class=\"woocommerce-product-attributes-item woocommerce-product-attributes-item--attribute_pa_wytrzymalosc-otwarty-zamek\">\n<th class=\"woocommerce-product-attributes-item__label\"><span class=\"wd-attr-name\">Wytrzyma\u0142o\u015b\u0107 &#8211; otwarty zamek<\/span><\/th>\n<td class=\"woocommerce-product-attributes-item__value\">20 kN<\/td>\n<\/tr>\n<tr class=\"woocommerce-product-attributes-item woocommerce-product-attributes-item--attribute_pa_wytrzymalosc-os-podluzna\">\n<th class=\"woocommerce-product-attributes-item__label\"><span class=\"wd-attr-name\">Wytrzyma\u0142o\u015b\u0107 &#8211; o\u015b pod\u0142u\u017cna<\/span><\/th>\n<td class=\"woocommerce-product-attributes-item__value\">50 kN<\/td>\n<\/tr>\n<tr class=\"woocommerce-product-attributes-item woocommerce-product-attributes-item--attribute_pa_wytrzymalosc-os-poprzeczna\">\n<th class=\"woocommerce-product-attributes-item__label\"><span class=\"wd-attr-name\">Wytrzyma\u0142o\u015b\u0107 &#8211; o\u015b poprzeczna<\/span><\/th>\n<td class=\"woocommerce-product-attributes-item__value\">13 kN<\/td>\n<\/tr>\n<tr class=\"woocommerce-product-attributes-item woocommerce-product-attributes-item--attribute_pa_przeswit\">\n<th class=\"woocommerce-product-attributes-item__label\"><span class=\"wd-attr-name\">Prze\u015bwit<\/span><\/th>\n<td class=\"woocommerce-product-attributes-item__value\">25 mm<\/td>\n<\/tr>\n<\/tbody>\n<\/table>\n<p>&nbsp;<\/p>\n<p><strong>Karabinek OVAL Steel Triple-lock (K4241TR)<\/strong><\/p>\n<p>Stalowy karabinek o owalnym kszta\u0142cie, zapewniaj\u0105cy optymalne ustawienie element\u00f3w wpi\u0119tych w system.<\/p>\n<table class=\"woocommerce-product-attributes shop_attributes\">\n<tbody>\n<tr class=\"woocommerce-product-attributes-item woocommerce-product-attributes-item--attribute_pa_wytrzymalosc-otwarty-zamek\">\n<th class=\"woocommerce-product-attributes-item__label\"><span class=\"wd-attr-name\">Wytrzyma\u0142o\u015b\u0107 &#8211; otwarty zamek<\/span><\/th>\n<td class=\"woocommerce-product-attributes-item__value\">8 kN<\/td>\n<\/tr>\n<tr class=\"woocommerce-product-attributes-item woocommerce-product-attributes-item--attribute_pa_wytrzymalosc-os-podluzna\">\n<th class=\"woocommerce-product-attributes-item__label\"><span class=\"wd-attr-name\">Wytrzyma\u0142o\u015b\u0107 &#8211; o\u015b pod\u0142u\u017cna<\/span><\/th>\n<td class=\"woocommerce-product-attributes-item__value\">30 kN<\/td>\n<\/tr>\n<tr class=\"woocommerce-product-attributes-item woocommerce-product-attributes-item--attribute_pa_wytrzymalosc-os-poprzeczna\">\n<th class=\"woocommerce-product-attributes-item__label\"><span class=\"wd-attr-name\">Wytrzyma\u0142o\u015b\u0107 &#8211; o\u015b poprzeczna<\/span><\/th>\n<td class=\"woocommerce-product-attributes-item__value\">9 kN<\/td>\n<\/tr>\n<tr class=\"woocommerce-product-attributes-item woocommerce-product-attributes-item--attribute_pa_przeswit\">\n<th class=\"woocommerce-product-attributes-item__label\"><span class=\"wd-attr-name\">Prze\u015bwit<\/span><\/th>\n<td class=\"woocommerce-product-attributes-item__value\">18 mm<\/td>\n<\/tr>\n<\/tbody>\n<\/table>\n","protected":false},"excerpt":{"rendered":"<p style=\"text-align: center;\">Zestaw zawiera:<\/p>\n<p style=\"text-align: center;\">1 szt. OVAL Steel Triple-lock<\/p>\n<p style=\"text-align: center;\">1 szt. Reactor 140<\/p>\n<p style=\"text-align: center;\">1 szt. Ringo<\/p>\n<p style=\"text-align: center;\">1 szt. Lanyard \u201eV\u201d 100\/100<\/p>\n<p style=\"text-align: center;\">2 szt. D Steel Triple-lock<\/p>\n","protected":false},"featured_media":11284,"template":"","meta":[],"product_brand":[],"product_cat":[85],"product_tag":[],"class_list":{"0":"post-11283","1":"product","2":"type-product","3":"status-publish","4":"has-post-thumbnail","6":"product_cat-amortyzatory","7":"pa_marka-singing-rock","8":"pa_norma-ce-1019","9":"pa_norma-en-354","10":"pa_norma-en-355","11":"pa_norma-en-362","13":"first","14":"instock","15":"taxable","16":"shipping-taxable","17":"purchasable","18":"product-type-simple"},"_links":{"self":[{"href":"https:\/\/altosekura.com\/pl\/wp-json\/wp\/v2\/product\/11283","targetHints":{"allow":["GET"]}}],"collection":[{"href":"https:\/\/altosekura.com\/pl\/wp-json\/wp\/v2\/product"}],"about":[{"href":"https:\/\/altosekura.com\/pl\/wp-json\/wp\/v2\/types\/product"}],"wp:featuredmedia":[{"embeddable":true,"href":"https:\/\/altosekura.com\/pl\/wp-json\/wp\/v2\/media\/11284"}],"wp:attachment":[{"href":"https:\/\/altosekura.com\/pl\/wp-json\/wp\/v2\/media?parent=11283"}],"wp:term":[{"taxonomy":"product_brand","embeddable":true,"href":"https:\/\/altosekura.com\/pl\/wp-json\/wp\/v2\/product_brand?post=11283"},{"taxonomy":"product_cat","embeddable":true,"href":"https:\/\/altosekura.com\/pl\/wp-json\/wp\/v2\/product_cat?post=11283"},{"taxonomy":"product_tag","embeddable":true,"href":"https:\/\/altosekura.com\/pl\/wp-json\/wp\/v2\/product_tag?post=11283"}],"curies":[{"name":"wp","href":"https:\/\/api.w.org\/{rel}","templated":true}]}}