{"id":11251,"date":"2026-01-29T14:53:42","date_gmt":"2026-01-29T13:53:42","guid":{"rendered":"https:\/\/altosekura.com\/?post_type=product&#038;p=11251"},"modified":"2026-01-29T14:58:57","modified_gmt":"2026-01-29T13:58:57","slug":"reactor-140-y-85-2-x-k408tr-k4241tr","status":"publish","type":"product","link":"https:\/\/altosekura.com\/pl\/p\/reactor-140-y-85-2-x-k408tr-k4241tr\/","title":{"rendered":"Reactor 140 \u2018\u2019Y\u201d 85 + 2 x K408TR + K4241TR"},"content":{"rendered":"<p>Podw\u00f3jna linka bezpiecze\u0144stwa w sk\u0142ad zestawu wchodz\u0105:<\/p>\n<ul>\n<li>1 szt. Amortyzator Reactor 140 \u201eY\u201d 85<\/li>\n<\/ul>\n<p>Reactor 140 Y\u00a0produkcji Singing Rock o d\u0142ugo\u015bci 85 cm to absorber energii do stosowania przez pracownik\u00f3w wysoko\u015bciowych na konstrukcjach, drabinach i pylonach. Lekki, o praktycznym kszta\u0142cie, nie przeszkadzaj\u0105cy podczas przemieszczania si\u0119.<\/p>\n<p>Dla u\u017cytkownik\u00f3w o maksymalnej wadze 140 kg (\u0142\u0105cznie z wyposa\u017ceniem).<\/p>\n<p>Ca\u0142kowita d\u0142ugo\u015b\u0107 zrywanego absorbera wynosi 175 cm. \u0141atwa kontrola wzrokowa absorbera poprzez otwarcie zamka pokrowca. Posiada pomara\u0144czowy wska\u017anik aktywacji absorbera energii. Wska\u017anik aktywnego u\u017cycia absorbera przewleczony przez p\u0119tle amortyzuj\u0105ce wskazuje rzeczywiste uszkodzenie.<\/p>\n<p>Pami\u0119taj, aby przed ka\u017cdym u\u017cyciem lon\u017cy sprawdzi\u0107 stan absorbera. Po rozerwaniu nie wykazuje on ju\u017c swoich w\u0142a\u015bciwo\u015bci, zawsze zwracaj wi\u0119c uwag\u0119 na wska\u017anik aktywacji. Przed rozpocz\u0119ciem pracy skontroluj r\u00f3wnie\u017c wszystkie po\u0142\u0105czenia. Podw\u00f3jna linka bezpiecze\u0144stwa nie mo\u017ce by\u0107 przed\u0142u\u017cana dodatkowymi ta\u015bmami.<\/p>\n<ul>\n<li>2 szt. Karabinki D Steel produkcji Singing Rock z zabezpieczeniem Triple-lock i zamkiem Keylock. Ocynkowane.<\/li>\n<\/ul>\n<table class=\"woocommerce-product-attributes shop_attributes\">\n<tbody>\n<tr class=\"woocommerce-product-attributes-item woocommerce-product-attributes-item--attribute_pa_wytrzymalosc-otwarty-zamek\">\n<th class=\"woocommerce-product-attributes-item__label\"><span class=\"wd-attr-name\">Wytrzyma\u0142o\u015b\u0107 &#8211; otwarty zamek<\/span><\/th>\n<td class=\"woocommerce-product-attributes-item__value\">20 kN<\/td>\n<\/tr>\n<tr class=\"woocommerce-product-attributes-item woocommerce-product-attributes-item--attribute_pa_wytrzymalosc-os-podluzna\">\n<th class=\"woocommerce-product-attributes-item__label\"><span class=\"wd-attr-name\">Wytrzyma\u0142o\u015b\u0107 &#8211; o\u015b pod\u0142u\u017cna<\/span><\/th>\n<td class=\"woocommerce-product-attributes-item__value\">50 kN<\/td>\n<\/tr>\n<tr class=\"woocommerce-product-attributes-item woocommerce-product-attributes-item--attribute_pa_wytrzymalosc-os-poprzeczna\">\n<th class=\"woocommerce-product-attributes-item__label\"><span class=\"wd-attr-name\">Wytrzyma\u0142o\u015b\u0107 &#8211; o\u015b poprzeczna<\/span><\/th>\n<td class=\"woocommerce-product-attributes-item__value\">13 kN<\/td>\n<\/tr>\n<tr class=\"woocommerce-product-attributes-item woocommerce-product-attributes-item--attribute_pa_przeswit\">\n<th class=\"woocommerce-product-attributes-item__label\"><span class=\"wd-attr-name\">Prze\u015bwit<\/span><\/th>\n<td class=\"woocommerce-product-attributes-item__value\">25 mm<\/td>\n<\/tr>\n<\/tbody>\n<\/table>\n<p>&nbsp;<\/p>\n<ul>\n<li>1 szt. Karabinek OVAL Steel produkcji Singing Rock z zabezpieczeniem Triple-lock i zamkiem Keylock. Ocynkowany.<\/li>\n<\/ul>\n<table class=\"woocommerce-product-attributes shop_attributes\">\n<tbody>\n<tr class=\"woocommerce-product-attributes-item woocommerce-product-attributes-item--attribute_pa_wytrzymalosc-otwarty-zamek\">\n<th class=\"woocommerce-product-attributes-item__label\"><span class=\"wd-attr-name\">Wytrzyma\u0142o\u015b\u0107 &#8211; otwarty zamek<\/span><\/th>\n<td class=\"woocommerce-product-attributes-item__value\">8 kN<\/td>\n<\/tr>\n<tr class=\"woocommerce-product-attributes-item woocommerce-product-attributes-item--attribute_pa_wytrzymalosc-os-podluzna\">\n<th class=\"woocommerce-product-attributes-item__label\"><span class=\"wd-attr-name\">Wytrzyma\u0142o\u015b\u0107 &#8211; o\u015b pod\u0142u\u017cna<\/span><\/th>\n<td class=\"woocommerce-product-attributes-item__value\">30 kN<\/td>\n<\/tr>\n<tr class=\"woocommerce-product-attributes-item woocommerce-product-attributes-item--attribute_pa_wytrzymalosc-os-poprzeczna\">\n<th class=\"woocommerce-product-attributes-item__label\"><span class=\"wd-attr-name\">Wytrzyma\u0142o\u015b\u0107 &#8211; o\u015b poprzeczna<\/span><\/th>\n<td class=\"woocommerce-product-attributes-item__value\">9 kN<\/td>\n<\/tr>\n<tr class=\"woocommerce-product-attributes-item woocommerce-product-attributes-item--attribute_pa_przeswit\">\n<th class=\"woocommerce-product-attributes-item__label\"><span class=\"wd-attr-name\">Prze\u015bwit<\/span><\/th>\n<td class=\"woocommerce-product-attributes-item__value\">18 mm<\/td>\n<\/tr>\n<\/tbody>\n<\/table>\n","protected":false},"excerpt":{"rendered":"<p style=\"text-align: center;\">Zestaw zawiera:<\/p>\n<p style=\"text-align: center;\">1 szt. Reactor 140 \u201eY\u201d 85<\/p>\n<p style=\"text-align: center;\">2 szt. D Steel Triple-lock<\/p>\n<p style=\"text-align: center;\">1 szt. OVAL Steel Triple-lock<\/p>\n","protected":false},"featured_media":11242,"template":"","meta":[],"product_brand":[],"product_cat":[85],"product_tag":[],"class_list":{"0":"post-11251","1":"product","2":"type-product","3":"status-publish","4":"has-post-thumbnail","6":"product_cat-amortyzatory","7":"pa_marka-singing-rock","8":"pa_norma-ce-1019","9":"pa_norma-en-355","10":"pa_norma-en-362","12":"first","13":"instock","14":"taxable","15":"shipping-taxable","16":"purchasable","17":"product-type-simple"},"_links":{"self":[{"href":"https:\/\/altosekura.com\/pl\/wp-json\/wp\/v2\/product\/11251","targetHints":{"allow":["GET"]}}],"collection":[{"href":"https:\/\/altosekura.com\/pl\/wp-json\/wp\/v2\/product"}],"about":[{"href":"https:\/\/altosekura.com\/pl\/wp-json\/wp\/v2\/types\/product"}],"wp:featuredmedia":[{"embeddable":true,"href":"https:\/\/altosekura.com\/pl\/wp-json\/wp\/v2\/media\/11242"}],"wp:attachment":[{"href":"https:\/\/altosekura.com\/pl\/wp-json\/wp\/v2\/media?parent=11251"}],"wp:term":[{"taxonomy":"product_brand","embeddable":true,"href":"https:\/\/altosekura.com\/pl\/wp-json\/wp\/v2\/product_brand?post=11251"},{"taxonomy":"product_cat","embeddable":true,"href":"https:\/\/altosekura.com\/pl\/wp-json\/wp\/v2\/product_cat?post=11251"},{"taxonomy":"product_tag","embeddable":true,"href":"https:\/\/altosekura.com\/pl\/wp-json\/wp\/v2\/product_tag?post=11251"}],"curies":[{"name":"wp","href":"https:\/\/api.w.org\/{rel}","templated":true}]}}