{"id":11224,"date":"2024-05-27T13:05:44","date_gmt":"2024-05-27T11:05:44","guid":{"rendered":"https:\/\/altosekura.com\/?post_type=product&#038;p=11224"},"modified":"2026-03-10T15:59:10","modified_gmt":"2026-03-10T14:59:10","slug":"rescue-s","status":"publish","type":"product","link":"https:\/\/altosekura.com\/pl\/p\/rescue-s\/","title":{"rendered":"Rescue S"},"content":{"rendered":"<p>Bloczek RESCUE S zosta\u0142 zaprojektowany z my\u015bl\u0105 o profesjonalistach pracuj\u0105cych na wysoko\u015bci oraz do budowy systemu ratowniczego w miejscu pracy. Bloczek jest ultrakompaktowy, lekki, o du\u017cej wydajno\u015bci, zosta\u0142 zaprojektowany do obs\u0142ugi \u015brednich obci\u0105\u017ce\u0144.<\/p>\n<p>\u2022 Przewidziany do \u015brednich obci\u0105\u017ce\u0144:<br \/>\n\u2013 wysoka wydajno\u015b\u0107 zapewniona przez rolk\u0119 zamontowan\u0105 uszczelnionym \u0142o\u017cysku kulkowym,<br \/>\n\u2013 Ultrakompaktowy i lekki, idealny do codziennego u\u017cycia podczas pracy na wysoko\u015bci do budowy systemu ratowniczego w miejscu pracy.<br \/>\n\u2022 Ok\u0142adki ruchome umo\u017cliwiaj\u0105 szybkie i \u0142atwe za\u0142o\u017cenie bloczka.<br \/>\n\u2022 Otwory do wpinania umo\u017cliwiaj\u0105 obr\u00f3t wi\u0119kszo\u015bci karabink\u00f3w zgodnych z normami europejskimi.<\/p>\n<p><strong>Parametry:<\/strong><br \/>\n\u2022 Kompatybilny z linami o \u015brednicy 6 do 11 mm<br \/>\n\u2022 \u015arednica rolki: 25 mm<br \/>\n\u2022 Wydajno\u015b\u0107: 95%<br \/>\n\u2022 Obci\u0105\u017cenie niszcz\u0105ce: 18 kN<br \/>\n\u2022 Maksymalne obci\u0105\u017cenie robocze: 5 kN<br \/>\n\u2022 Ci\u0119\u017car 52 g<br \/>\n\u2022 CE EN 12278, UIAA, NFPA Technical Use, XF 494 Light<br \/>\n\u2022 Materia\u0142: aluminium, stal nierdzewna<br \/>\n\u2022 Gwarancja 3 lata<\/p>\n","protected":false},"excerpt":{"rendered":"<p>Bloczek RESCUE S zosta\u0142 zaprojektowany z my\u015bl\u0105 o profesjonalistach pracuj\u0105cych na wysoko\u015bci oraz do budowy systemu ratowniczego w miejscu pracy.<\/p>\n","protected":false},"featured_media":11233,"template":"","meta":[],"product_brand":[],"product_cat":[84],"product_tag":[],"class_list":{"0":"post-11224","1":"product","2":"type-product","3":"status-publish","4":"has-post-thumbnail","6":"product_cat-bloczki","7":"pa_marka-petzl","8":"pa_norma-ce-en-12278","9":"pa_norma-nfpa-general-use","10":"pa_norma-uiaa","11":"pa_norma-xf-494-general","12":"pa_przeznaczenie-arborystyk","13":"pa_przeznaczenie-praca-w-dostepie-linowym","14":"pa_przeznaczenie-prace-wysokosciowe","15":"pa_przeznaczenie-ratownictwo","17":"first","18":"onbackorder","19":"taxable","20":"shipping-taxable","21":"purchasable","22":"product-type-simple"},"_links":{"self":[{"href":"https:\/\/altosekura.com\/pl\/wp-json\/wp\/v2\/product\/11224","targetHints":{"allow":["GET"]}}],"collection":[{"href":"https:\/\/altosekura.com\/pl\/wp-json\/wp\/v2\/product"}],"about":[{"href":"https:\/\/altosekura.com\/pl\/wp-json\/wp\/v2\/types\/product"}],"wp:featuredmedia":[{"embeddable":true,"href":"https:\/\/altosekura.com\/pl\/wp-json\/wp\/v2\/media\/11233"}],"wp:attachment":[{"href":"https:\/\/altosekura.com\/pl\/wp-json\/wp\/v2\/media?parent=11224"}],"wp:term":[{"taxonomy":"product_brand","embeddable":true,"href":"https:\/\/altosekura.com\/pl\/wp-json\/wp\/v2\/product_brand?post=11224"},{"taxonomy":"product_cat","embeddable":true,"href":"https:\/\/altosekura.com\/pl\/wp-json\/wp\/v2\/product_cat?post=11224"},{"taxonomy":"product_tag","embeddable":true,"href":"https:\/\/altosekura.com\/pl\/wp-json\/wp\/v2\/product_tag?post=11224"}],"curies":[{"name":"wp","href":"https:\/\/api.w.org\/{rel}","templated":true}]}}