{"id":11211,"date":"2024-05-27T12:31:22","date_gmt":"2024-05-27T10:31:22","guid":{"rendered":"https:\/\/altosekura.com\/?post_type=product&#038;p=11211"},"modified":"2026-03-10T15:59:10","modified_gmt":"2026-03-10T14:59:10","slug":"rescue-m","status":"publish","type":"product","link":"https:\/\/altosekura.com\/pl\/p\/rescue-m\/","title":{"rendered":"Rescue M"},"content":{"rendered":"<p>Bloczek RESCUE M zosta\u0142 zaprojektowany z my\u015bl\u0105 o profesjonalistach pracuj\u0105cych na wysoko\u015bci i ratownikach. Bloczek ma bardzo du\u017c\u0105 wydajno\u015b\u0107 i wytrzyma\u0142o\u015b\u0107, jest przeznaczony do intensywnego u\u017cytkowania oraz do obs\u0142ugi du\u017cych ci\u0119\u017car\u00f3w.<\/p>\n<p>\u2022 Przewidziany do du\u017cych obci\u0105\u017ce\u0144 i intensywnego u\u017cytkowania:<br \/>\n\u2013 bardzo wysoka wydajno\u015b\u0107 zapewniona przez rolk\u0119 o du\u017cej \u015brednicy, zamontowan\u0105 uszczelnionym \u0142o\u017cysku kulkowym,<br \/>\n\u2013 u\u0142atwione manipulacje dzi\u0119ki otworom do w obudowie umo\u017cliwiaj\u0105cym jednoczesne wpi\u0119cie do trzech karabink\u00f3w,<br \/>\n\u2013 lina jest chroniona przez specjalny kszta\u0142t ok\u0142adek.<br \/>\n\u2022 Ok\u0142adki ruchome umo\u017cliwiaj\u0105 szybkie i \u0142atwe za\u0142o\u017cenie bloczka.<\/p>\n<p><strong>Parametry:<\/strong><br \/>\n\u2022 Kompatybilny z linami o \u015brednicy 6 do 13 mm<br \/>\n\u2022 \u015arednica rolki: 38 mm<br \/>\n\u2022 Wydajno\u015b\u0107: 95%<br \/>\n\u2022 Obci\u0105\u017cenie niszcz\u0105ce: 36 kN<br \/>\n\u2022 Maksymalne obci\u0105\u017cenie robocze: 8 kN<br \/>\n\u2022 Ci\u0119\u017car 140 g<br \/>\n\u2022 CE EN 12278, UIAA, NFPA General Use, XF 494 General<br \/>\n\u2022 Materia\u0142: aluminium, stal nierdzewna<br \/>\n\u2022 Gwarancja 3 lata<\/p>\n","protected":false},"excerpt":{"rendered":"<p>Bloczek RESCUE M zosta\u0142 zaprojektowany z my\u015bl\u0105 o profesjonalistach pracuj\u0105cych na wysoko\u015bci i ratownikach. Bloczek ma bardzo du\u017c\u0105 wydajno\u015b\u0107 i<\/p>\n","protected":false},"featured_media":11216,"template":"","meta":[],"product_brand":[],"product_cat":[84],"product_tag":[],"class_list":{"0":"post-11211","1":"product","2":"type-product","3":"status-publish","4":"has-post-thumbnail","6":"product_cat-bloczki","7":"pa_marka-petzl","8":"pa_norma-ce-en-12278","9":"pa_norma-nfpa-general-use","10":"pa_norma-uiaa","11":"pa_norma-xf-494-general","12":"pa_przeznaczenie-arborystyk","13":"pa_przeznaczenie-praca-w-dostepie-linowym","14":"pa_przeznaczenie-prace-wysokosciowe","15":"pa_przeznaczenie-ratownictwo","17":"first","18":"instock","19":"taxable","20":"shipping-taxable","21":"purchasable","22":"product-type-simple"},"_links":{"self":[{"href":"https:\/\/altosekura.com\/pl\/wp-json\/wp\/v2\/product\/11211","targetHints":{"allow":["GET"]}}],"collection":[{"href":"https:\/\/altosekura.com\/pl\/wp-json\/wp\/v2\/product"}],"about":[{"href":"https:\/\/altosekura.com\/pl\/wp-json\/wp\/v2\/types\/product"}],"wp:featuredmedia":[{"embeddable":true,"href":"https:\/\/altosekura.com\/pl\/wp-json\/wp\/v2\/media\/11216"}],"wp:attachment":[{"href":"https:\/\/altosekura.com\/pl\/wp-json\/wp\/v2\/media?parent=11211"}],"wp:term":[{"taxonomy":"product_brand","embeddable":true,"href":"https:\/\/altosekura.com\/pl\/wp-json\/wp\/v2\/product_brand?post=11211"},{"taxonomy":"product_cat","embeddable":true,"href":"https:\/\/altosekura.com\/pl\/wp-json\/wp\/v2\/product_cat?post=11211"},{"taxonomy":"product_tag","embeddable":true,"href":"https:\/\/altosekura.com\/pl\/wp-json\/wp\/v2\/product_tag?post=11211"}],"curies":[{"name":"wp","href":"https:\/\/api.w.org\/{rel}","templated":true}]}}