{"id":11111,"date":"2025-11-18T11:28:32","date_gmt":"2025-11-18T10:28:32","guid":{"rendered":"https:\/\/altosekura.com\/?post_type=product&#038;p=11111"},"modified":"2026-03-10T15:59:08","modified_gmt":"2026-03-10T14:59:08","slug":"oxy-screw","status":"publish","type":"product","link":"https:\/\/altosekura.com\/pl\/p\/oxy-screw\/","title":{"rendered":"OXY screw"},"content":{"rendered":"<p data-start=\"39\" data-end=\"181\">Kuty na gor\u0105co, owalny karabinek z lekkiego stopu, zaprojektowany do u\u017cycia szczeg\u00f3lnie z bloczkami, przyrz\u0105dami zaciskowymi i zjazdowymi.<\/p>\n<ul data-start=\"183\" data-end=\"839\">\n<li data-start=\"183\" data-end=\"215\">\n<p data-start=\"185\" data-end=\"215\">zakr\u0119cany zamek (screw gate)<\/p>\n<\/li>\n<li data-start=\"216\" data-end=\"278\">\n<p data-start=\"218\" data-end=\"278\">chropowate naci\u0119cia na tulei zamka u\u0142atwiaj\u0105ce manipulacj\u0119<\/p>\n<\/li>\n<li data-start=\"279\" data-end=\"365\">\n<p data-start=\"281\" data-end=\"365\">profilowany, bezz\u0105bkowy nos typu Keylock umo\u017cliwiaj\u0105cy p\u0142ynne wpinanie i wypinanie<\/p>\n<\/li>\n<li data-start=\"366\" data-end=\"478\">\n<p data-start=\"368\" data-end=\"478\">kuta na gor\u0105co konstrukcja o profilu I-beam sprawia, \u017ce karabinek jest wyj\u0105tkowo wytrzyma\u0142y, sztywny i lekki<\/p>\n<\/li>\n<li data-start=\"479\" data-end=\"588\">\n<p data-start=\"481\" data-end=\"588\">niemal owalny kszta\u0142t u\u0142atwia obracanie karabinka w punktach wpi\u0119cia przyrz\u0105d\u00f3w, stanowiskach lub ta\u015bmach<\/p>\n<\/li>\n<li data-start=\"589\" data-end=\"653\">\n<p data-start=\"591\" data-end=\"653\">dzi\u0119ki owalnemu kszta\u0142towi bloczki s\u0105 obci\u0105\u017cane symetrycznie<\/p>\n<\/li>\n<li data-start=\"654\" data-end=\"737\">\n<p data-start=\"656\" data-end=\"737\">du\u017ca powierzchnia styku liny zapewnia lepszy \u015blizg i mniejsze zu\u017cycie karabinka<\/p>\n<\/li>\n<li data-start=\"738\" data-end=\"808\">\n<p data-start=\"740\" data-end=\"808\">ka\u017cdy karabinek jest indywidualnie testowany przy obci\u0105\u017ceniu 10 kN<\/p>\n<\/li>\n<li data-start=\"809\" data-end=\"839\">\n<p data-start=\"811\" data-end=\"839\">unikalny numer produkcyjny<\/p>\n<\/li>\n<\/ul>\n","protected":false},"excerpt":{"rendered":"<p>Kuty na gor\u0105co, owalny karabinek z lekkiego stopu, zaprojektowany do u\u017cycia szczeg\u00f3lnie z bloczkami, przyrz\u0105dami zaciskowymi i zjazdowymi. zakr\u0119cany zamek<\/p>\n","protected":false},"featured_media":11112,"template":"","meta":[],"product_brand":[],"product_cat":[83,99],"product_tag":[],"class_list":{"0":"post-11111","1":"product","2":"type-product","3":"status-publish","4":"has-post-thumbnail","6":"product_cat-karabinki","7":"product_cat-wyprzedaz","8":"pa_blokada-zakrecany","9":"pa_kolor-zloty","10":"pa_marka-singing-rock","11":"pa_norma-ce-1019","12":"pa_norma-en-12275","13":"pa_norma-en-362","14":"pa_przeswit-21-mm","15":"pa_rodzaj-karabinka-zakrecany","17":"first","18":"instock","19":"sale","20":"taxable","21":"shipping-taxable","22":"purchasable","23":"product-type-simple"},"_links":{"self":[{"href":"https:\/\/altosekura.com\/pl\/wp-json\/wp\/v2\/product\/11111","targetHints":{"allow":["GET"]}}],"collection":[{"href":"https:\/\/altosekura.com\/pl\/wp-json\/wp\/v2\/product"}],"about":[{"href":"https:\/\/altosekura.com\/pl\/wp-json\/wp\/v2\/types\/product"}],"wp:featuredmedia":[{"embeddable":true,"href":"https:\/\/altosekura.com\/pl\/wp-json\/wp\/v2\/media\/11112"}],"wp:attachment":[{"href":"https:\/\/altosekura.com\/pl\/wp-json\/wp\/v2\/media?parent=11111"}],"wp:term":[{"taxonomy":"product_brand","embeddable":true,"href":"https:\/\/altosekura.com\/pl\/wp-json\/wp\/v2\/product_brand?post=11111"},{"taxonomy":"product_cat","embeddable":true,"href":"https:\/\/altosekura.com\/pl\/wp-json\/wp\/v2\/product_cat?post=11111"},{"taxonomy":"product_tag","embeddable":true,"href":"https:\/\/altosekura.com\/pl\/wp-json\/wp\/v2\/product_tag?post=11111"}],"curies":[{"name":"wp","href":"https:\/\/api.w.org\/{rel}","templated":true}]}}