{"id":11109,"date":"2025-11-13T13:56:33","date_gmt":"2025-11-13T12:56:33","guid":{"rendered":"https:\/\/altosekura.com\/?post_type=product&#038;p=11109"},"modified":"2026-03-10T15:58:58","modified_gmt":"2026-03-10T14:58:58","slug":"contra-105-biala-40m","status":"publish","type":"product","link":"https:\/\/altosekura.com\/pl\/p\/contra-105-biala-40m\/","title":{"rendered":"CONTRA 10,5 bia\u0142a &#8211; 40m"},"content":{"rendered":"<p>Lina statyczna <span class=\" title=\">produkcji Singing Rock\u00a0<\/span>przeznaczona do wszelkich zastosowa\u0144. Lina o \u015brednicy 10,5 mm oraz wytrzyma\u0142o\u015bci 30.4 kN. Zgodno\u015b\u0107 z norm\u0105: EN 1891 A<\/p>\n","protected":false},"excerpt":{"rendered":"<p>Produkt zawiera 40 metr\u00f3w liny w jednym odcinku.<\/p>\n","protected":false},"featured_media":673,"template":"","meta":[],"product_brand":[],"product_cat":[88,99],"product_tag":[],"class_list":{"0":"post-11109","1":"product","2":"type-product","3":"status-publish","4":"has-post-thumbnail","6":"product_cat-liny","7":"product_cat-wyprzedaz","8":"pa_kolor-bialy","9":"pa_marka-singing-rock","10":"pa_srednica-10-5-mm","11":"pa_wytrzymalosc-30-4-kn","13":"first","14":"instock","15":"sale","16":"taxable","17":"shipping-taxable","18":"purchasable","19":"product-type-simple"},"_links":{"self":[{"href":"https:\/\/altosekura.com\/pl\/wp-json\/wp\/v2\/product\/11109","targetHints":{"allow":["GET"]}}],"collection":[{"href":"https:\/\/altosekura.com\/pl\/wp-json\/wp\/v2\/product"}],"about":[{"href":"https:\/\/altosekura.com\/pl\/wp-json\/wp\/v2\/types\/product"}],"wp:featuredmedia":[{"embeddable":true,"href":"https:\/\/altosekura.com\/pl\/wp-json\/wp\/v2\/media\/673"}],"wp:attachment":[{"href":"https:\/\/altosekura.com\/pl\/wp-json\/wp\/v2\/media?parent=11109"}],"wp:term":[{"taxonomy":"product_brand","embeddable":true,"href":"https:\/\/altosekura.com\/pl\/wp-json\/wp\/v2\/product_brand?post=11109"},{"taxonomy":"product_cat","embeddable":true,"href":"https:\/\/altosekura.com\/pl\/wp-json\/wp\/v2\/product_cat?post=11109"},{"taxonomy":"product_tag","embeddable":true,"href":"https:\/\/altosekura.com\/pl\/wp-json\/wp\/v2\/product_tag?post=11109"}],"curies":[{"name":"wp","href":"https:\/\/api.w.org\/{rel}","templated":true}]}}