{"id":11093,"date":"2025-11-05T15:32:47","date_gmt":"2025-11-05T14:32:47","guid":{"rendered":"https:\/\/altosekura.com\/?post_type=product&#038;p=11093"},"modified":"2026-03-10T15:59:02","modified_gmt":"2026-03-10T14:59:02","slug":"rekawiczki-falconer-tactical","status":"publish","type":"product","link":"https:\/\/altosekura.com\/pl\/p\/rekawiczki-falconer-tactical\/","title":{"rendered":"R\u0119kawiczki FALCONER TACTICAL"},"content":{"rendered":"<p data-start=\"0\" data-end=\"165\">Lekkie r\u0119kawice z ods\u0142oni\u0119tymi ko\u0144c\u00f3wkami kciuka, palca wskazuj\u0105cego i \u015brodkowego, u\u0142atwiaj\u0105ce manipulacj\u0119 metalowymi elementami.<\/p>\n<ul data-start=\"167\" data-end=\"580\">\n<li data-start=\"167\" data-end=\"244\">\n<p data-start=\"169\" data-end=\"244\">wytrzyma\u0142a podw\u00f3jna warstwa sztucznej i dwoiny bydl\u0119cej klasy A na d\u0142oni,<\/p>\n<\/li>\n<li data-start=\"245\" data-end=\"334\">\n<p data-start=\"247\" data-end=\"334\">dodatkowe wzmocnienie w obszarze du\u017cego zu\u017cycia mi\u0119dzy kciukiem a palcem wskazuj\u0105cym,<\/p>\n<\/li>\n<li data-start=\"335\" data-end=\"398\">\n<p data-start=\"337\" data-end=\"398\">oddychaj\u0105cy i odporny na \u015bcieranie nylon na wierzchu d\u0142oni,<\/p>\n<\/li>\n<li data-start=\"399\" data-end=\"459\">\n<p data-start=\"401\" data-end=\"459\">mankiet z neoprenu z wzmocnionym otworem do zawieszenia,<\/p>\n<\/li>\n<li data-start=\"460\" data-end=\"490\">\n<p data-start=\"462\" data-end=\"490\">zapi\u0119cie na rzep (velcro),<\/p>\n<\/li>\n<li data-start=\"491\" data-end=\"580\">\n<p data-start=\"493\" data-end=\"580\">odpowiednie do wszelkich prac, dzia\u0142a\u0144 ratowniczych oraz wspinaczki typu via ferrata.<\/p>\n<\/li>\n<\/ul>\n","protected":false},"excerpt":{"rendered":"<p>Lekkie r\u0119kawice z ods\u0142oni\u0119tymi ko\u0144c\u00f3wkami kciuka, palca wskazuj\u0105cego i \u015brodkowego, u\u0142atwiaj\u0105ce manipulacj\u0119 metalowymi elementami. wytrzyma\u0142a podw\u00f3jna warstwa sztucznej i dwoiny<\/p>\n","protected":false},"featured_media":11096,"template":"","meta":[],"product_brand":[],"product_cat":[79,99],"product_tag":[],"class_list":{"0":"post-11093","1":"product","2":"type-product","3":"status-publish","4":"has-post-thumbnail","6":"product_cat-akcesoria","7":"product_cat-wyprzedaz","8":"pa_kolor-czarno-zolty","9":"pa_marka-singing-rock","10":"pa_rozmiar-554","11":"pa_rozmiar-553","13":"first","14":"instock","15":"sale","16":"taxable","17":"shipping-taxable","18":"purchasable","19":"product-type-variable"},"_links":{"self":[{"href":"https:\/\/altosekura.com\/pl\/wp-json\/wp\/v2\/product\/11093","targetHints":{"allow":["GET"]}}],"collection":[{"href":"https:\/\/altosekura.com\/pl\/wp-json\/wp\/v2\/product"}],"about":[{"href":"https:\/\/altosekura.com\/pl\/wp-json\/wp\/v2\/types\/product"}],"wp:featuredmedia":[{"embeddable":true,"href":"https:\/\/altosekura.com\/pl\/wp-json\/wp\/v2\/media\/11096"}],"wp:attachment":[{"href":"https:\/\/altosekura.com\/pl\/wp-json\/wp\/v2\/media?parent=11093"}],"wp:term":[{"taxonomy":"product_brand","embeddable":true,"href":"https:\/\/altosekura.com\/pl\/wp-json\/wp\/v2\/product_brand?post=11093"},{"taxonomy":"product_cat","embeddable":true,"href":"https:\/\/altosekura.com\/pl\/wp-json\/wp\/v2\/product_cat?post=11093"},{"taxonomy":"product_tag","embeddable":true,"href":"https:\/\/altosekura.com\/pl\/wp-json\/wp\/v2\/product_tag?post=11093"}],"curies":[{"name":"wp","href":"https:\/\/api.w.org\/{rel}","templated":true}]}}