{"id":1106,"date":"2024-06-08T13:24:14","date_gmt":"2024-06-08T11:24:14","guid":{"rendered":"https:\/\/altosecura.proadax-dev.pl\/p\/big-snap-hook\/"},"modified":"2026-04-18T14:05:17","modified_gmt":"2026-04-18T12:05:17","slug":"big-snap-hook","status":"publish","type":"product","link":"https:\/\/altosekura.com\/pl\/p\/big-snap-hook\/","title":{"rendered":"Big Snap Hook MGO K353"},"content":{"rendered":"<p>Du\u017cy karabinek hakowy specjalistycznego przeznaczenia, do wpinania si\u0119 w liny stalowe, konstrukcje lub rusztowania produkcji Singing Rock. Zamek posiada podw\u00f3jn\u0105 blokad\u0119 otwarcia, po wpi\u0119ciu automatycznie zabezpiecza zamek przed otwarciem. Wytrzyma\u0142o\u015b\u0107: 28 kN, prze\u015bwit: 60 mm. Zgodno\u015b\u0107 z norm\u0105: EN 362<\/p>\n","protected":false},"excerpt":{"rendered":"<p>Du\u017cy karabinek hakowy specjalistycznego przeznaczenia, do wpinania si\u0119 w liny stalowe, konstrukcje lub rusztowania produkcji Singing Rock. Zamek posiada podw\u00f3jn\u0105<\/p>\n","protected":false},"featured_media":1107,"template":"","meta":[],"product_brand":[],"product_cat":[83],"product_tag":[],"class_list":{"0":"post-1106","1":"product","2":"type-product","3":"status-publish","4":"has-post-thumbnail","6":"product_cat-karabinki","7":"pa_kolor-stalowy","8":"pa_marka-singing-rock","9":"pa_norma-en-362","10":"pa_przeswit-60-mm","12":"first","13":"onbackorder","14":"taxable","15":"shipping-taxable","16":"purchasable","17":"product-type-simple"},"_links":{"self":[{"href":"https:\/\/altosekura.com\/pl\/wp-json\/wp\/v2\/product\/1106","targetHints":{"allow":["GET"]}}],"collection":[{"href":"https:\/\/altosekura.com\/pl\/wp-json\/wp\/v2\/product"}],"about":[{"href":"https:\/\/altosekura.com\/pl\/wp-json\/wp\/v2\/types\/product"}],"wp:featuredmedia":[{"embeddable":true,"href":"https:\/\/altosekura.com\/pl\/wp-json\/wp\/v2\/media\/1107"}],"wp:attachment":[{"href":"https:\/\/altosekura.com\/pl\/wp-json\/wp\/v2\/media?parent=1106"}],"wp:term":[{"taxonomy":"product_brand","embeddable":true,"href":"https:\/\/altosekura.com\/pl\/wp-json\/wp\/v2\/product_brand?post=1106"},{"taxonomy":"product_cat","embeddable":true,"href":"https:\/\/altosekura.com\/pl\/wp-json\/wp\/v2\/product_cat?post=1106"},{"taxonomy":"product_tag","embeddable":true,"href":"https:\/\/altosekura.com\/pl\/wp-json\/wp\/v2\/product_tag?post=1106"}],"curies":[{"name":"wp","href":"https:\/\/api.w.org\/{rel}","templated":true}]}}