{"id":1069,"date":"2024-06-25T13:24:14","date_gmt":"2024-06-25T11:24:14","guid":{"rendered":"https:\/\/altosecura.proadax-dev.pl\/p\/reactor-140-y-155\/"},"modified":"2026-03-10T15:59:09","modified_gmt":"2026-03-10T14:59:09","slug":"reactor-140-y-155","status":"publish","type":"product","link":"https:\/\/altosekura.com\/pl\/p\/reactor-140-y-155\/","title":{"rendered":"Reactor 140 &#8222;Y&#8221; 155"},"content":{"rendered":"<p>Reactor 140 Y produkcji Singing Rock o d\u0142ugo\u015bci 155 cm to absorber energii do stosowania przez pracownik\u00f3w wysoko\u015bciowych na konstrukcjach, drabinach i pylonach. Lekki, o praktycznym kszta\u0142cie, nie przeszkadzaj\u0105cy podczas przemieszczania si\u0119.<\/p>\n<p>Dla u\u017cytkownik\u00f3w o maksymalnej wadze 140 kg (\u0142\u0105cznie z wyposa\u017ceniem).<\/p>\n<p>Ca\u0142kowita d\u0142ugo\u015b\u0107 zrywanego absorbera wynosi 175 cm. \u0141atwa kontrola wzrokowa absorbera poprzez otwarcie zamka pokrowca. Posiada pomara\u0144czowy wska\u017anik aktywacji absorbera energii. Wska\u017anik aktywnego u\u017cycia absorbera przewleczony przez p\u0119tle amortyzuj\u0105ce wskazuje rzeczywiste uszkodzenie.<\/p>\n<p>Mo\u017cna u\u017cywa\u0107 z dowolnym karabinkiem posiadaj\u0105cy certyfikat EN 362, istnieje mo\u017cliwo\u015b\u0107 wszycia go w p\u0119tl\u0119 mocuj\u0105c\u0105. Stosowany z r\u00f3\u017cnymi d\u0142ugo\u015bciami lon\u017cy.<\/p>\n<p>Zgodno\u015b\u0107 z norm\u0105: PN-EN 355<\/p>\n","protected":false},"excerpt":{"rendered":"<p>Reactor 140 Y produkcji Singing Rock o d\u0142ugo\u015bci 155 cm to absorber energii do stosowania przez pracownik\u00f3w wysoko\u015bciowych na konstrukcjach,<\/p>\n","protected":false},"featured_media":1070,"template":"","meta":[],"product_brand":[],"product_cat":[85],"product_tag":[],"class_list":{"0":"post-1069","1":"product","2":"type-product","3":"status-publish","4":"has-post-thumbnail","6":"product_cat-amortyzatory","7":"pa_marka-singing-rock","8":"pa_norma-pn-en-355","10":"first","11":"instock","12":"taxable","13":"shipping-taxable","14":"purchasable","15":"product-type-simple"},"_links":{"self":[{"href":"https:\/\/altosekura.com\/pl\/wp-json\/wp\/v2\/product\/1069","targetHints":{"allow":["GET"]}}],"collection":[{"href":"https:\/\/altosekura.com\/pl\/wp-json\/wp\/v2\/product"}],"about":[{"href":"https:\/\/altosekura.com\/pl\/wp-json\/wp\/v2\/types\/product"}],"wp:featuredmedia":[{"embeddable":true,"href":"https:\/\/altosekura.com\/pl\/wp-json\/wp\/v2\/media\/1070"}],"wp:attachment":[{"href":"https:\/\/altosekura.com\/pl\/wp-json\/wp\/v2\/media?parent=1069"}],"wp:term":[{"taxonomy":"product_brand","embeddable":true,"href":"https:\/\/altosekura.com\/pl\/wp-json\/wp\/v2\/product_brand?post=1069"},{"taxonomy":"product_cat","embeddable":true,"href":"https:\/\/altosekura.com\/pl\/wp-json\/wp\/v2\/product_cat?post=1069"},{"taxonomy":"product_tag","embeddable":true,"href":"https:\/\/altosekura.com\/pl\/wp-json\/wp\/v2\/product_tag?post=1069"}],"curies":[{"name":"wp","href":"https:\/\/api.w.org\/{rel}","templated":true}]}}