{"id":10579,"date":"2025-09-12T14:15:02","date_gmt":"2025-09-12T12:15:02","guid":{"rendered":"https:\/\/altosekura.com\/?post_type=product&#038;p=10579"},"modified":"2026-04-18T16:05:20","modified_gmt":"2026-04-18T14:05:20","slug":"pixa","status":"publish","type":"product","link":"https:\/\/altosekura.com\/pl\/p\/pixa\/","title":{"rendered":"Latarka czo\u0142owa Petzl PIXA"},"content":{"rendered":"<p>PIXA zosta\u0142a opracowana, by odpowiedzie\u0107 na wymagania profesjonalist\u00f3w z bran\u017cy przemys\u0142u i\u00a0konserwacji. Wytrzyma\u0142a, wodoszczelna, odporna na niekt\u00f3re substancje chemiczne, jest przeznaczona do intensywnych i\u00a0wymagaj\u0105cych zastosowa\u0144. Latark\u0119 PIXA mo\u017cna \u0142atwo zainstalowa\u0107 na kasku przy pomocy dostarczonej p\u0142ytki SLOT ADAPT. \u0141atwa w\u00a0u\u017cyciu, posiada jeden przycisk, kt\u00f3ry obs\u0142uguje wszystkie funkcje. Pokr\u0119t\u0142o wyboru mo\u017ce by\u0107 obs\u0142ugiwane w\u00a0r\u0119kawiczkach. Wyposa\u017cona w technologi\u0119 CONSTANT LIGHTING zapewniaj\u0105c\u0105 sta\u0142y poziom \u015bwiat\u0142a. PIXA dzi\u0119ki 450 lumen\u00f3w w\u00a0trybie BOOST, trzem kszta\u0142tom wi\u0105zki \u015bwiat\u0142a (szerokiej, mieszanej i\u00a0skupionej) dostosowuje si\u0119 do wszystkich sytuacji roboczych. PIXA nie mo\u017ce by\u0107 u\u017cywana w\u00a0atmosferze wybuchowej.<\/p>\n<p>\u2022 Przeznaczona do intensywnego i wymagaj\u0105cego u\u017cywania przez profesjonalist\u00f3w:<br \/>\n\u2013 wytrzyma\u0142a konstrukcja: latarka jest odporna na uderzenia (IK08) i upadki (do 2 metr\u00f3w) i zgniatanie (do 80 kg),<br \/>\n\u2013 py\u0142oszczelna i wodoodporna do -2 m (IP68),<br \/>\n\u2013 odporna na niekt\u00f3re substancje chemiczne (1).<\/p>\n<p>\u2022 Wszechstronne o\u015bwietlenie do ka\u017cdej sytuacji:<br \/>\n\u2013 Wyposa\u017cona w technologi\u0119 CONSTANT LIGHTING zapewniaj\u0105c\u0105 sta\u0142y poziom \u015bwiat\u0142a przez ca\u0142y czas u\u017cytkowania.<br \/>\n\u2013 szeroka i jednorodna wi\u0105zka, zapewniaj\u0105ca komfortowe o\u015bwietlenie do pracy w bliskiej odleg\u0142o\u015bci,<br \/>\n\u2013 dwie wi\u0105zki mieszane do przemieszczania si\u0119,<br \/>\n\u2013 skupiona wi\u0105zka dalekiego zasi\u0119gu,<br \/>\n\u2013 tryb BOOST umo\u017cliwia chwilowe (10 sekund) skorzystanie z maksymalnej mocy latarki.<\/p>\n<p>\u2022 \u0141atwa w u\u017cyciu i praktyczna:<br \/>\n\u2013 jeden przycisk-pokr\u0119t\u0142o, zapewniaj\u0105cy \u0142atw\u0105 i szybk\u0105 zmian\u0119 trybu \u015bwiat\u0142a,<br \/>\n\u2013 p\u0142ytka umo\u017cliwiaj\u0105ca nachylenie latarki w po\u017c\u0105dane po\u0142o\u017cenie,<br \/>\n\u2013 wska\u017anik na\u0142adowania baterii pokazuje poziom ich na\u0142adowania za ka\u017cdym razem, gdy latarka jest w\u0142\u0105czana lub wy\u0142\u0105czana,<br \/>\n\u2013 po wy\u0142\u0105czeniu latarka blokuje si\u0119 automatycznie chroni\u0105c przed przypadkowym w\u0142\u0105czeniem,<br \/>\n\u2013 system obrotu o 180\u2070 chroni szybk\u0119 podczas przechowywania i transportu,<br \/>\n\u2013 opask\u0119 mo\u017cna wymontowa\u0107 z latarki i wypra\u0107,<br \/>\n\u2013 p\u0142ytka SLOT ADAPT, dostarczana z latark\u0105, umo\u017cliwia \u0142atwe zamocowanie na kasku przemys\u0142owym Petzl , wyposa\u017conym w odpowiedni otw\u00f3r.<br \/>\n\u2013 PIXA jest kompatybilna z p\u0142ytk\u0105 samoprzylepn\u0105 HELMET ADAPT (dost\u0119pn\u0105 jako akcesorium), umo\u017cliwiaj\u0105c\u0105 monta\u017c na ka\u017cdym typie kasku,<br \/>\n\u2013 dostarczana z trzema bateriami AAA\/LR03 i jest r\u00f3wnie\u017c kompatybilna z akumulatorem CORE (osobne akcesorium), dzi\u0119ki konstrukcji HYBRID CONCEPT.<\/p>\n<p>(1) Lista testowanych substancji chemicznych: alkohol 90\u00b0, wybielacz, benzyna lakowa, heksan (jeden z g\u0142\u00f3wnych sk\u0142adnik\u00f3w benzyny), silikon do uszczelek.<br \/>\nUwaga: PIXA nie mo\u017ce by\u0107 u\u017cywana w atmosferach wybuchowych.<\/p>\n<p><strong>Parametry produktu<\/strong><br \/>\n\u2022 Moc: 450 lumen\u00f3w (ANSI\/PLATO FL 1)<br \/>\n\u2022 Ci\u0119\u017car: 138 g<br \/>\n\u2022 Wi\u0105zka: szeroka, mieszana, skupiona<br \/>\n\u2022 Wodoszczelno\u015b\u0107: IP68<br \/>\n\u2022 Wytrzyma\u0142o\u015b\u0107: odporno\u015b\u0107 na uderzenia IK08 (EN\/IEC 62262)<br \/>\n\u2022 Zasilanie: 3 baterie AAA,<br \/>\n\u2022 Kompatybilno\u015b\u0107: baterie AAA, akumulator CORE Petzl<br \/>\n\u2022 Certyfikacja: CE<br \/>\n\u2022 Gwarancja: 5 lat<\/p>\n<p>&nbsp;<\/p>\n<div class=\"table-responsive\">\n<table class=\"biggerTable\">\n<tbody>\n<tr>\n<td class=\"headerCell\" colspan=\"1\" rowspan=\"1\" align=\"center\"><strong>Technologia o\u015bwietlenia<\/strong><\/td>\n<td class=\"headerCell\" colspan=\"1\" rowspan=\"1\" align=\"center\"><strong>Tryb<\/strong><\/td>\n<td class=\"headerCell\" colspan=\"1\" rowspan=\"1\" align=\"center\"><strong>Wi\u0105zka<\/strong><\/td>\n<td class=\"headerCell\" colspan=\"1\" rowspan=\"1\" align=\"center\"><strong>Jasno\u015b\u0107<\/strong><\/td>\n<td class=\"headerCell\" colspan=\"1\" rowspan=\"1\" align=\"center\"><strong>Zasi\u0119g\u00a0<\/strong><\/td>\n<td class=\"headerCell\" colspan=\"1\" rowspan=\"1\" align=\"center\"><strong>Czas \u015bwiecenia<\/strong><\/td>\n<td class=\"headerCell\" colspan=\"1\" rowspan=\"1\" align=\"center\"><strong>Rezerwa<\/strong><\/td>\n<\/tr>\n<tr>\n<td class=\"headerCell\" colspan=\"1\" rowspan=\"4\" align=\"center\">CONSTANT LIGHTING<\/td>\n<td class=\"headerCell\" colspan=\"1\" rowspan=\"1\" align=\"center\">Praca w zasi\u0119gu r\u0105k<\/td>\n<td colspan=\"1\" rowspan=\"1\" align=\"center\">Szeroka<\/td>\n<td colspan=\"1\" rowspan=\"1\" align=\"center\">35 lm<\/td>\n<td colspan=\"1\" rowspan=\"1\" align=\"center\">10 m<\/td>\n<td colspan=\"1\" rowspan=\"1\" align=\"center\">12 h<\/td>\n<td colspan=\"1\" rowspan=\"4\" align=\"center\">15 lm przez 2 h<\/td>\n<\/tr>\n<tr>\n<td class=\"headerCell\" colspan=\"1\" rowspan=\"1\" align=\"center\">Przemieszczanie si\u0119<\/td>\n<td colspan=\"1\" rowspan=\"2\" align=\"center\">Mieszana<\/td>\n<td colspan=\"1\" rowspan=\"1\" align=\"center\">60 lm<\/td>\n<td colspan=\"1\" rowspan=\"1\" align=\"center\">25 m<\/td>\n<td colspan=\"1\" rowspan=\"1\" align=\"center\">6 h<\/td>\n<\/tr>\n<tr>\n<td class=\"headerCell\" colspan=\"1\" rowspan=\"1\" align=\"center\">Szybki ruch<\/td>\n<td colspan=\"1\" rowspan=\"1\" align=\"center\">145 lm<\/td>\n<td colspan=\"1\" rowspan=\"1\" align=\"center\">40 m<\/td>\n<td colspan=\"1\" rowspan=\"2\" align=\"center\">2 h<\/td>\n<\/tr>\n<tr>\n<td class=\"headerCell\" colspan=\"1\" rowspan=\"1\" align=\"center\">Daleki zasi\u0119g<\/td>\n<td colspan=\"1\" rowspan=\"1\" align=\"center\">Skupiona<\/td>\n<td colspan=\"1\" rowspan=\"1\" align=\"center\">140 lm<\/td>\n<td colspan=\"1\" rowspan=\"1\" align=\"center\">50 m<\/td>\n<\/tr>\n<tr>\n<td class=\"headerCell\" colspan=\"2\" rowspan=\"null\" align=\"center\">BOOST<\/td>\n<td colspan=\"1\" rowspan=\"null\" align=\"center\">Mieszana<\/td>\n<td colspan=\"1\" rowspan=\"null\" align=\"center\">450 lm<\/td>\n<td colspan=\"1\" rowspan=\"null\" align=\"center\">80 m<\/td>\n<td colspan=\"1\" rowspan=\"null\" align=\"center\">10 sekund<\/td>\n<td colspan=\"1\" rowspan=\"null\" align=\"center\"><\/td>\n<\/tr>\n<\/tbody>\n<\/table>\n<\/div>\n","protected":false},"excerpt":{"rendered":"<p>PIXA zosta\u0142a opracowana, by odpowiedzie\u0107 na wymagania profesjonalist\u00f3w z bran\u017cy przemys\u0142u i\u00a0konserwacji. Wytrzyma\u0142a, wodoszczelna, odporna na niekt\u00f3re substancje chemiczne, jest<\/p>\n","protected":false},"featured_media":10584,"template":"","meta":[],"product_brand":[],"product_cat":[80],"product_tag":[],"class_list":{"0":"post-10579","1":"product","2":"type-product","3":"status-publish","4":"has-post-thumbnail","6":"product_cat-oswietlenie","7":"pa_marka-petzl","8":"pa_norma-ansi-nema-fl1","9":"pa_norma-atex-ce0080","11":"first","12":"onbackorder","13":"taxable","14":"shipping-taxable","15":"purchasable","16":"product-type-simple"},"_links":{"self":[{"href":"https:\/\/altosekura.com\/pl\/wp-json\/wp\/v2\/product\/10579","targetHints":{"allow":["GET"]}}],"collection":[{"href":"https:\/\/altosekura.com\/pl\/wp-json\/wp\/v2\/product"}],"about":[{"href":"https:\/\/altosekura.com\/pl\/wp-json\/wp\/v2\/types\/product"}],"wp:featuredmedia":[{"embeddable":true,"href":"https:\/\/altosekura.com\/pl\/wp-json\/wp\/v2\/media\/10584"}],"wp:attachment":[{"href":"https:\/\/altosekura.com\/pl\/wp-json\/wp\/v2\/media?parent=10579"}],"wp:term":[{"taxonomy":"product_brand","embeddable":true,"href":"https:\/\/altosekura.com\/pl\/wp-json\/wp\/v2\/product_brand?post=10579"},{"taxonomy":"product_cat","embeddable":true,"href":"https:\/\/altosekura.com\/pl\/wp-json\/wp\/v2\/product_cat?post=10579"},{"taxonomy":"product_tag","embeddable":true,"href":"https:\/\/altosekura.com\/pl\/wp-json\/wp\/v2\/product_tag?post=10579"}],"curies":[{"name":"wp","href":"https:\/\/api.w.org\/{rel}","templated":true}]}}