{"id":10187,"date":"2025-02-27T08:49:25","date_gmt":"2025-02-27T07:49:25","guid":{"rendered":"https:\/\/altosekura.com\/?post_type=product&#038;p=10187"},"modified":"2025-02-27T09:04:40","modified_gmt":"2025-02-27T08:04:40","slug":"lina-tendon-trust-11-30m","status":"publish","type":"product","link":"https:\/\/altosekura.com\/pl\/p\/lina-tendon-trust-11-30m\/","title":{"rendered":"Lina Tendon Trust 11 &#8211; 30m"},"content":{"rendered":"<p>Lina do wspinaczki \u2013 Trust 11.0 Tendon 30 m to dynamiczna lina pojedyncza o wysokim wsp\u00f3\u0142czynniku bezpiecze\u0144stwa i ogromnej wytrzyma\u0142o\u015bci. Bardzo elastyczna lina pojedyncza o wysokim wsp\u00f3\u0142czynniku bezpiecze\u0144stwa i d\u0142ugiej \u017cywotno\u015bci. W\u0142a\u015bciwy wyb\u00f3r do codziennego profesjonalnego u\u017cytku.<\/p>\n","protected":false},"excerpt":{"rendered":"<p>Lina do wspinaczki \u2013 Trust 11.0 Tendon 30 m to dynamiczna lina pojedyncza o wysokim wsp\u00f3\u0142czynniku bezpiecze\u0144stwa i ogromnej wytrzyma\u0142o\u015bci.<\/p>\n","protected":false},"featured_media":10188,"template":"","meta":[],"product_brand":[],"product_cat":[88,99],"product_tag":[],"class_list":{"0":"post-10187","1":"product","2":"type-product","3":"status-publish","4":"has-post-thumbnail","6":"product_cat-liny","7":"product_cat-wyprzedaz","8":"pa_marka-tendon","9":"pa_norma-ce-1019","10":"pa_norma-en-892","11":"pa_srednica-11-mm","13":"first","14":"instock","15":"taxable","16":"shipping-taxable","17":"purchasable","18":"product-type-simple"},"_links":{"self":[{"href":"https:\/\/altosekura.com\/pl\/wp-json\/wp\/v2\/product\/10187","targetHints":{"allow":["GET"]}}],"collection":[{"href":"https:\/\/altosekura.com\/pl\/wp-json\/wp\/v2\/product"}],"about":[{"href":"https:\/\/altosekura.com\/pl\/wp-json\/wp\/v2\/types\/product"}],"wp:featuredmedia":[{"embeddable":true,"href":"https:\/\/altosekura.com\/pl\/wp-json\/wp\/v2\/media\/10188"}],"wp:attachment":[{"href":"https:\/\/altosekura.com\/pl\/wp-json\/wp\/v2\/media?parent=10187"}],"wp:term":[{"taxonomy":"product_brand","embeddable":true,"href":"https:\/\/altosekura.com\/pl\/wp-json\/wp\/v2\/product_brand?post=10187"},{"taxonomy":"product_cat","embeddable":true,"href":"https:\/\/altosekura.com\/pl\/wp-json\/wp\/v2\/product_cat?post=10187"},{"taxonomy":"product_tag","embeddable":true,"href":"https:\/\/altosekura.com\/pl\/wp-json\/wp\/v2\/product_tag?post=10187"}],"curies":[{"name":"wp","href":"https:\/\/api.w.org\/{rel}","templated":true}]}}