{"id":1016,"date":"2024-05-14T13:23:20","date_gmt":"2024-05-14T11:23:20","guid":{"rendered":"https:\/\/altosecura.proadax-dev.pl\/p\/reactor-3\/"},"modified":"2026-03-10T15:59:11","modified_gmt":"2026-03-10T14:59:11","slug":"reactor-3","status":"publish","type":"product","link":"https:\/\/altosekura.com\/pl\/p\/reactor-3\/","title":{"rendered":"Reactor 3"},"content":{"rendered":"<p>Absorber energii produkcji Singing Rock. Kluczowe elementy do wpinania karabink\u00f3w os\u0142oni\u0119te ta\u015bm\u0105 rurow\u0105. Absorber pokryty materia\u0142ow\u0105 os\u0142on\u0105. Pokrowiec absorbera otwierany zamkiem b\u0142yskawicznym, ta\u015bm\u0119 no\u015bn\u0105 mo\u017cna \u0142atwo wyj\u0105\u0107 i wysuszy\u0107. Instrukcja u\u017cytkowania oraz metka identyfikacyjna umieszczone wewn\u0105trz pokrowca. Kolucho ze stopu lekkiego umo\u017cliwia skracanie lon\u017cy o po\u0142ow\u0119. Na \u017cyczenie klienta absorber mo\u017ce mie\u0107 indywidualne dopasowane d\u0142ugo\u015bci lon\u017cy. D\u0142ugo\u015b\u0107 u\u017cytkowa absorbera wraz z karabinkami i lon\u017cami nie mo\u017ce przekroczy\u0107 2 m. Na \u017cyczenie klienta, do absorbera mo\u017cna wszy\u0107 na sta\u0142e dowolny karabinek spe\u0142niaj\u0105cy norm\u0119 (EN 362). Ta\u015bma no\u015bna po zadzia\u0142aniu absorbera \u2013 rozerwaniu ma d\u0142ugo\u015b\u0107 140 cm. Zgodno\u015b\u0107 z norm\u0105: PN-EN 355<\/p>\n","protected":false},"excerpt":{"rendered":"<p>Absorber energii produkcji Singing Rock. Kluczowe elementy do wpinania karabink\u00f3w os\u0142oni\u0119te ta\u015bm\u0105 rurow\u0105. Absorber pokryty materia\u0142ow\u0105 os\u0142on\u0105. Pokrowiec absorbera otwierany<\/p>\n","protected":false},"featured_media":3850,"template":"","meta":[],"product_brand":[],"product_cat":[85,99],"product_tag":[],"class_list":{"0":"post-1016","1":"product","2":"type-product","3":"status-publish","4":"has-post-thumbnail","6":"product_cat-amortyzatory","7":"product_cat-wyprzedaz","8":"pa_marka-singing-rock","9":"pa_norma-pn-en-355","11":"first","12":"instock","13":"sale","14":"taxable","15":"shipping-taxable","16":"purchasable","17":"product-type-variable"},"_links":{"self":[{"href":"https:\/\/altosekura.com\/pl\/wp-json\/wp\/v2\/product\/1016","targetHints":{"allow":["GET"]}}],"collection":[{"href":"https:\/\/altosekura.com\/pl\/wp-json\/wp\/v2\/product"}],"about":[{"href":"https:\/\/altosekura.com\/pl\/wp-json\/wp\/v2\/types\/product"}],"wp:featuredmedia":[{"embeddable":true,"href":"https:\/\/altosekura.com\/pl\/wp-json\/wp\/v2\/media\/3850"}],"wp:attachment":[{"href":"https:\/\/altosekura.com\/pl\/wp-json\/wp\/v2\/media?parent=1016"}],"wp:term":[{"taxonomy":"product_brand","embeddable":true,"href":"https:\/\/altosekura.com\/pl\/wp-json\/wp\/v2\/product_brand?post=1016"},{"taxonomy":"product_cat","embeddable":true,"href":"https:\/\/altosekura.com\/pl\/wp-json\/wp\/v2\/product_cat?post=1016"},{"taxonomy":"product_tag","embeddable":true,"href":"https:\/\/altosekura.com\/pl\/wp-json\/wp\/v2\/product_tag?post=1016"}],"curies":[{"name":"wp","href":"https:\/\/api.w.org\/{rel}","templated":true}]}}