{"id":1010,"date":"2024-06-27T13:23:20","date_gmt":"2024-06-27T11:23:20","guid":{"rendered":"https:\/\/altosecura.proadax-dev.pl\/p\/working-bag\/"},"modified":"2026-03-10T15:59:16","modified_gmt":"2026-03-10T14:59:16","slug":"working-bag","status":"publish","type":"product","link":"https:\/\/altosekura.com\/pl\/p\/working-bag\/","title":{"rendered":"WORKING bag"},"content":{"rendered":"<p>Torba ochronna do przechowywania i transportowania uprz\u0119\u017cy roboczych, nadaje si\u0119 r\u00f3wnie\u017c jako torba narz\u0119dziowa produkcji Singing Rock. Wykonana z odpornego na \u015bcieranie materia\u0142u PES 600 g \/ m2. Prosty system zamykania za pomoc\u0105 plastikowej klamry. Torba ma dno wykonane z siatki dla lepszego przep\u0142ywu powietrza (torba nie jest wodoodporna). Prze\u017aroczysta kiesze\u0144 na plakietk\u0119 identyfikacyjn\u0105 lub instrukcj\u0119 u\u017cytkowania. Szeroki otw\u00f3r u\u0142atwia wk\u0142adanie uprz\u0119\u017cy lub sprz\u0119tu. Brzeg torby zawiera wszyt\u0105 ta\u015bm\u0119, kt\u00f3ra s\u0142u\u017cy za rolowane zamkni\u0119cie. Materia\u0142: PES. Pojemno\u015bc\u0301 10\/12 litr\u00f3w. Mie\u015bci 30 m liny (\u00d810.0 mm).<\/p>\n","protected":false},"excerpt":{"rendered":"<p>Torba ochronna do przechowywania i transportowania uprz\u0119\u017cy roboczych, nadaje si\u0119 r\u00f3wnie\u017c jako torba narz\u0119dziowa produkcji Singing Rock. Wykonana z odpornego<\/p>\n","protected":false},"featured_media":1011,"template":"","meta":[],"product_brand":[],"product_cat":[79,99],"product_tag":[],"class_list":{"0":"post-1010","1":"product","2":"type-product","3":"status-publish","4":"has-post-thumbnail","6":"product_cat-akcesoria","7":"product_cat-wyprzedaz","8":"pa_kolor-czarny","9":"pa_marka-singing-rock","10":"pa_pojemnosc-10-12-litrow","12":"first","13":"instock","14":"taxable","15":"shipping-taxable","16":"purchasable","17":"product-type-simple"},"_links":{"self":[{"href":"https:\/\/altosekura.com\/pl\/wp-json\/wp\/v2\/product\/1010","targetHints":{"allow":["GET"]}}],"collection":[{"href":"https:\/\/altosekura.com\/pl\/wp-json\/wp\/v2\/product"}],"about":[{"href":"https:\/\/altosekura.com\/pl\/wp-json\/wp\/v2\/types\/product"}],"wp:featuredmedia":[{"embeddable":true,"href":"https:\/\/altosekura.com\/pl\/wp-json\/wp\/v2\/media\/1011"}],"wp:attachment":[{"href":"https:\/\/altosekura.com\/pl\/wp-json\/wp\/v2\/media?parent=1010"}],"wp:term":[{"taxonomy":"product_brand","embeddable":true,"href":"https:\/\/altosekura.com\/pl\/wp-json\/wp\/v2\/product_brand?post=1010"},{"taxonomy":"product_cat","embeddable":true,"href":"https:\/\/altosekura.com\/pl\/wp-json\/wp\/v2\/product_cat?post=1010"},{"taxonomy":"product_tag","embeddable":true,"href":"https:\/\/altosekura.com\/pl\/wp-json\/wp\/v2\/product_tag?post=1010"}],"curies":[{"name":"wp","href":"https:\/\/api.w.org\/{rel}","templated":true}]}}