{"id":96,"date":"2024-04-17T03:25:15","date_gmt":"2024-04-17T01:25:15","guid":{"rendered":"https:\/\/altosecura.proadax-dev.pl\/?page_id=96"},"modified":"2024-04-17T03:25:15","modified_gmt":"2024-04-17T01:25:15","slug":"opcje-dostawy","status":"publish","type":"page","link":"https:\/\/altosekura.com\/pl\/opcje-dostawy\/","title":{"rendered":"Opcje dostawy"},"content":{"rendered":"<p>Sklep internetowy umo\u017cliwia wyb\u00f3r nast\u0119puj\u0105cych sposob\u00f3w dostawy:<\/p>\n<ul>\n<li>przesy\u0142ka kurierska,<\/li>\n<li>paczkomat,<\/li>\n<li>odbi\u00f3r osobisty w magazynie oraz dostawa cyfrowa.<\/li>\n<\/ul>\n<p>Przewo\u017anicy:<\/p>\n<ul>\n<li>FedEX\/TNT,<\/li>\n<li>GLS,<\/li>\n<li>InPost.<\/li>\n<\/ul>\n<p>Do czasu realizacji zam\u00f3wienia nale\u017cy doliczy\u0107 ewentualny czas dostawy Towaru do Klienta przez przewo\u017anika zgodnie z wybran\u0105 przez Klienta metod\u0105 dostawy.<\/p>\n<p>Zam\u00f3wienia wydawane s\u0105 do dostawy przewo\u017anikowi wy\u0142\u0105cznie w dni robocze.<\/p>\n<p>Po otrzymaniu przesy\u0142ki Klient powinien dok\u0142adnie sprawdzi\u0107 stan opakowania i jego zawarto\u015b\u0107. W razie stwierdzenia ewentualnych uszkodze\u0144 b\u0105d\u017a innych nieprawid\u0142owo\u015bci powinien w obecno\u015bci kuriera sporz\u0105dzi\u0107 protok\u00f3\u0142 ze szkody oraz zawiadomi\u0107 Sprzedawc\u0119.<\/p>\n<p>Sprzedawca umo\u017cliwia odbi\u00f3r Towaru w magazynie pod adresem ul. Sportowa 20, 32-083 Balice po uprzednim potwierdzeniu mo\u017cliwo\u015bci odbioru przez Sprzedawc\u0119<\/p>\n","protected":false},"excerpt":{"rendered":"<p>Sklep internetowy umo\u017cliwia wyb\u00f3r nast\u0119puj\u0105cych sposob\u00f3w dostawy: przesy\u0142ka kurierska, paczkomat, odbi\u00f3r osobisty w magazynie oraz dostawa cyfrowa. Przewo\u017anicy: FedEX\/TNT, GLS,<\/p>\n","protected":false},"author":1,"featured_media":0,"parent":0,"menu_order":0,"comment_status":"closed","ping_status":"closed","template":"","meta":{"footnotes":""},"class_list":["post-96","page","type-page","status-publish","hentry"],"_links":{"self":[{"href":"https:\/\/altosekura.com\/pl\/wp-json\/wp\/v2\/pages\/96","targetHints":{"allow":["GET"]}}],"collection":[{"href":"https:\/\/altosekura.com\/pl\/wp-json\/wp\/v2\/pages"}],"about":[{"href":"https:\/\/altosekura.com\/pl\/wp-json\/wp\/v2\/types\/page"}],"author":[{"embeddable":true,"href":"https:\/\/altosekura.com\/pl\/wp-json\/wp\/v2\/users\/1"}],"replies":[{"embeddable":true,"href":"https:\/\/altosekura.com\/pl\/wp-json\/wp\/v2\/comments?post=96"}],"version-history":[{"count":1,"href":"https:\/\/altosekura.com\/pl\/wp-json\/wp\/v2\/pages\/96\/revisions"}],"predecessor-version":[{"id":97,"href":"https:\/\/altosekura.com\/pl\/wp-json\/wp\/v2\/pages\/96\/revisions\/97"}],"wp:attachment":[{"href":"https:\/\/altosekura.com\/pl\/wp-json\/wp\/v2\/media?parent=96"}],"curies":[{"name":"wp","href":"https:\/\/api.w.org\/{rel}","templated":true}]}}