{"id":313,"date":"2024-05-10T15:14:06","date_gmt":"2024-05-10T13:14:06","guid":{"rendered":"https:\/\/altosecura.proadax-dev.pl\/?page_id=313"},"modified":"2025-06-30T11:06:53","modified_gmt":"2025-06-30T09:06:53","slug":"zwroty-i-reklamacje","status":"publish","type":"page","link":"https:\/\/altosekura.com\/pl\/zwroty-i-reklamacje\/","title":{"rendered":"Zwroty i reklamacje"},"content":{"rendered":"<div class=\"wpb-content-wrapper\"><p>[vc_row][vc_column][vc_column_text]<\/p>\n<h3 style=\"text-align: center;\"><strong>Odst\u0105pienie od umowy<\/strong><\/h3>\n<p>Je\u015bli jeste\u015b konsumentem &#8211; co do zasady masz prawo do odst\u0105pienia od umowy zawartej na odleg\u0142o\u015b\u0107. U\u017cytkownik mo\u017ce odst\u0105pi\u0107 od umowy, sk\u0142adaj\u0105c\u00a0<strong>nam o\u015bwiadczenie o odst\u0105pieniu od <\/strong>umowy, na przyk\u0142ad za po\u015brednictwem wiadomo\u015bci e-mail wys\u0142anej na adres: office@altosekura.com.<\/p>\n<p>Niezw\u0142ocznie wy\u015blij przedmiot, kt\u00f3ry chcesz nam zwr\u00f3ci\u0107, na adres:\u00a0 Sportowa, 32-083 Balice, Polska, jednak nie p\u00f3\u017aniej ni\u017c w terminie 14 dni od dnia, w kt\u00f3rym odst\u0105pi\u0142e\u015b od umowy.<\/p>\n<p>U\u017cytkownik mo\u017ce odst\u0105pi\u0107 od umowy w ci\u0105gu 14 dni.<\/p>\n<p>Rozpoczyna si\u0119 czternastodniowy okres odst\u0105pienia od umowy:<\/p>\n<ul>\n<li>W przypadku umowy, w wykonaniu kt\u00f3rej wydajemy rzecz, b\u0119d\u0105c zobowi\u0105zanym do przeniesienia jej w\u0142asno\u015bci &#8211; od obj\u0119cia rzeczy w posiadanie przez Ciebie lub wskazan\u0105 przez Ciebie osob\u0119 trzeci\u0105 inn\u0105 ni\u017c przewo\u017anik.<\/li>\n<li>W przypadku tre\u015bci cyfrowych &#8211; od daty zawarcia umowy.<\/li>\n<\/ul>\n<p>Do zachowania terminu wystarczy wys\u0142anie o\u015bwiadczenia przed jego up\u0142ywem.<\/p>\n<p>W przypadku p\u0142atno\u015bci dokonanych przez u\u017cytkownika, zgodnie z warunkami okre\u015blonymi w regulaminie, dokonamy zwrotu p\u0142atno\u015bci niezw\u0142ocznie, nie p\u00f3\u017aniej jednak ni\u017c w terminie 14 dni od dnia otrzymania od u\u017cytkownika o\u015bwiadczenia o odst\u0105pieniu od umowy.<\/p>\n<p>Mo\u017cemy wstrzyma\u0107 si\u0119 ze zwrotem p\u0142atno\u015bci otrzymanej od u\u017cytkownika do czasu otrzymania przedmiotu z powrotem.<\/p>\n<p>Pami\u0119taj, \u017ce prawo do odst\u0105pienia od umowy zawartej na odleg\u0142o\u015b\u0107 nie przys\u0142uguje konsumentowi m.in. w zwi\u0105zku z zawart\u0105 umow\u0105:<\/p>\n<ul>\n<li>w kt\u00f3rej przedmiotem \u015bwiadczenia jest rzecz nieprefabrykowana, wyprodukowana wed\u0142ug specyfikacji konsumenta lub s\u0142u\u017c\u0105ca zaspokojeniu jego zindywidualizowanych potrzeb,<\/li>\n<li>w kt\u00f3rym przedmiotem us\u0142ugi jest rzecz ulegaj\u0105ca szybkiemu zepsuciu lub maj\u0105ca kr\u00f3tki okres przydatno\u015bci do u\u017cycia,<\/li>\n<li>w kt\u00f3rej przedmiotem \u015bwiadczenia jest rzecz dostarczana w zapiecz\u0119towanym opakowaniu, kt\u00f3rej po otwarciu opakowania nie mo\u017cna zwr\u00f3ci\u0107 ze wzgl\u0119du na ochron\u0119 zdrowia lub ze wzgl\u0119d\u00f3w higienicznych, je\u017celi opakowanie zosta\u0142o otwarte po dostarczeniu,<\/li>\n<li>w kt\u00f3rej przedmiotem \u015bwiadczenia s\u0105 nagrania d\u017awi\u0119kowe lub wizualne albo programy komputerowe dostarczane w zapiecz\u0119towanym opakowaniu, je\u017celi opakowanie zosta\u0142o otwarte po dostarczeniu w przypadku dostarczania tre\u015bci cyfrowych, kt\u00f3re nie s\u0105 zapisane na no\u015bniku materialnym, je\u017celi spe\u0142nianie \u015bwiadczenia rozpocz\u0119\u0142o si\u0119 za wyra\u017an\u0105 zgod\u0105 konsumenta przed up\u0142ywem terminu do odst\u0105pienia od umowy i po poinformowaniu go przez przedsi\u0119biorc\u0119 o utracie prawa odst\u0105pienia od umowy.<\/li>\n<\/ul>\n<p>Prawo do odst\u0105pienia od umowy zawartej na odleg\u0142o\u015b\u0107 nie przys\u0142uguje w przypadku, je\u017celi Rock Master wykona\u0142 w pe\u0142ni us\u0142ug\u0119 za wyra\u017an\u0105 zgod\u0105 Klienta dzia\u0142aj\u0105cego na prawach konsumenta oraz \u2013 w odniesieniu do um\u00f3w o dostarczanie tre\u015bci cyfrowych, kt\u00f3re nie s\u0105 zapisane na no\u015bniku materialnym \u2013 je\u017celi spe\u0142nianie \u015bwiadczenia rozpocz\u0119\u0142o si\u0119 za wyra\u017an\u0105 zgod\u0105 tej osoby, w szczeg\u00f3lno\u015bci U\u017cytkownik otrzyma\u0142 dost\u0119p do VRApp at Height i rozpocz\u0105\u0142 szkolenie.<\/p>\n<p>W przypadku konieczno\u015bci zwrotu nale\u017cno\u015bci za transakcj\u0119 dokonan\u0105 przez Klienta kart\u0105 p\u0142atnicz\u0105, Sprzedawca dokona zwrotu na t\u0119 sam\u0105 kart\u0119 p\u0142atnicz\u0105 lub na rachunek bankowy przypisany do karty p\u0142atniczej Zamawiaj\u0105cego.<\/p>\n<p>Szczeg\u00f3\u0142owe informacje dotycz\u0105ce odst\u0105pienia od umowy znajduj\u0105 si\u0119 w naszym Regulaminie Sprzeda\u017cy.<\/p>\n<h3 style=\"text-align: center;\"><strong>Reklamacje sprz\u0119tu<\/strong><\/h3>\n<p>Je\u015bli jeste\u015b Konsumentem i zakupiony od nas produkt oka\u017ce si\u0119 wadliwy, masz prawo do z\u0142o\u017cenia reklamacji na podstawie r\u0119kojmi. Reklamacj\u0119 najlepiej z\u0142o\u017cy\u0107 na adres e-mail: office@altosekura.com lub listownie na adres ul. Sportowa 20, 32-083 Balice, Polska.<\/p>\n<p><strong>Wadliwy towar nale\u017cy przes\u0142a\u0107 na poni\u017cszy adres: Ul. Sportowa 20, 32-083 Balice, Polska<\/strong><\/p>\n<p>W zwi\u0105zku z wad\u0105 mo\u017cna \u017c\u0105da\u0107:<\/p>\n<ul>\n<li><strong>wymieni\u0107 przedmiot na wolny od wad,<\/strong><\/li>\n<li><strong>usuni\u0119cie usterki,<\/strong><\/li>\n<\/ul>\n<p>lub z\u0142o\u017cy\u0107 o\u015bwiadczenie na ten temat:<\/p>\n<ul>\n<li><strong>obni\u017cenie ceny,<\/strong><\/li>\n<li><strong>odst\u0105pienie od umowy &#8211; w przypadku wyst\u0105pienia wady istotnej.<\/strong><\/li>\n<\/ul>\n<p>Jeste\u015bmy odpowiedzialni za wady wykryte przed up\u0142ywem dw\u00f3ch lat od daty dostawy przedmiotu.<\/p>\n<p>Zasadniczo reklamacj\u0119 mo\u017cna z\u0142o\u017cy\u0107 w ci\u0105gu roku od zauwa\u017cenia wady, ale czas na z\u0142o\u017cenie reklamacji mo\u017ce nie up\u0142yn\u0105\u0107 przed up\u0142ywem okresu odpowiedzialno\u015bci sprzedawcy.<\/p>\n<p><strong>Reklamacja zostanie rozpatrzona (odpowiemy na ni\u0105) w ci\u0105gu 14 dni od daty jej otrzymania.<\/strong><\/p>\n<p>Wi\u0119cej informacji na temat reklamacji mo\u017cna znale\u017a\u0107 w naszym Regulaminie Sprzeda\u017cy.<\/p>\n<h3 style=\"text-align: center;\"><strong>Reklamacje VRapp at Height<\/strong><\/h3>\n<ol>\n<li><strong>Wszelkie reklamacje zwi\u0105zane z korzystaniem z VRapp at Height<\/strong>, poszczeg\u00f3lnych Scenariuszy lub Us\u0142ug, \u015bwiadczonych poprzez VRapp at Height, nale\u017cy kierowa\u0107 do Rock Master na adres poczty elektronicznej: office@rockmaster.eu b\u0105d\u017a w formie pisemnej na adres Rock Master: ul. Kr\u00f3lewska 94\/11, 30-079 Krak\u00f3w.<\/li>\n<li>Reklamacja powinna zawiera\u0107 co najmniej:\n<ol>\n<li>imi\u0119 i nazwisko;<\/li>\n<li>numer telefonu i adres e-mail;<\/li>\n<li>dok\u0142adny opis i wskazanie przyczyny reklamacji.<\/li>\n<\/ol>\n<\/li>\n<li>Dodatkowo, w procesie reklamacji przydatne mog\u0105 by\u0107 r\u00f3wnie\u017c nast\u0119puj\u0105ce dane:\n<ol>\n<li>model i nazw\u0119 urz\u0105dzenia, kt\u00f3rego Klient u\u017cywa do korzystania z VRapp at Height;<\/li>\n<li>aktualna wersja systemu operacyjnego, zainstalowanego na urz\u0105dzeniu Klienta;<\/li>\n<li>dane zestawu do wirtualnej rzeczywisto\u015bci, kt\u00f3rego Klient u\u017cywa do korzystania z VRapp at Height.<\/li>\n<\/ol>\n<\/li>\n<li>Je\u017celi podane w reklamacji dane lub informacje nie pozwalaj\u0105 na rozpoznanie reklamacji, Rock Master zwr\u00f3ci si\u0119 do Klienta o wyja\u015bnienie ewentualnych w\u0105tpliwo\u015bci lub podanie dodatkowych informacji, o ile b\u0119dzie to niezb\u0119dne dla rozpoznania reklamacji, wskazuj\u0105c precyzyjnie takie w\u0105tpliwo\u015bci lub wymagane informacje.<\/li>\n<li>Rock Master rozpatrzy reklamacj\u0119 oraz poinformuje Klienta o sposobie jej rozpatrzenia w terminie 14 dni od otrzymania kompletnego zg\u0142oszenia reklamacyjnego.<\/li>\n<li>Rock Master mo\u017ce odm\u00f3wi\u0107 doprowadzenia VRapp at Height do zgodno\u015bci z umow\u0105, je\u017celi doprowadzenie do zgodno\u015bci jest niemo\u017cliwe albo wymaga\u0142oby nadmiernych koszt\u00f3w dla Rock Master.<\/li>\n<li>Je\u017celi reklamacja Klienta lub U\u017cytkownika nie zostanie uznana, a Klient lub U\u017cytkownik nie zgadza decyzj\u0105, podj\u0119t\u0105 przez Rock Master, mo\u017ce zwr\u00f3ci\u0107 si\u0119 o rozwi\u0105zanie sprawy poprzez mediacje lub przez s\u0105d polubowny, a wi\u0119c skorzysta\u0107 z alternatywnych metod rozstrzygania spor\u00f3w, w tym za po\u015brednictwem unijnej platformy internetowej ODR dost\u0119pnej pod adresem: http:\/\/ec.europa.eu\/consumers\/odr. Rock Master nie uczestniczy w procedurach alternatywnego rozstrzygania spor\u00f3w konsumenckich.<\/li>\n<\/ol>\n<p>[\/vc_column_text][\/vc_column][\/vc_row][vc_row][vc_column]\n\t\t<div id=\"wd-6657a00bf0f69\" class=\"title-wrapper wd-wpb wd-set-mb reset-last-child  wd-rs-6657a00bf0f69 wd-title-color-default wd-title-style-default text-center  wd-underline-colored\">\n\t\t\t\n\t\t\t<div class=\"liner-continer\">\n\t\t\t\t<h4 class=\"woodmart-title-container title  wd-font-weight- wd-fontsize-l\" >Formularz odst\u0105pienia od umowy<\/h4>\n\t\t\t\t\t\t\t<\/div>\n\t\t\t\n\t\t\t\n\t\t\t\n\t\t<\/div>\n\t\t\n\t\t<div id=\"wd-6862534b3fd84\" class=\" wd-rs-6862534b3fd84 vc_custom_1751274375701 wd-button-wrapper text-center\"><a href=\"\/wp-content\/uploads\/2025\/06\/formularz-zwrotu-altosekura.docx\" title=\"\" target=\"_blank\" class=\"btn btn-style-default btn-shape-round btn-size-default\">Pobierz<\/a><\/div>[\/vc_column][\/vc_row]<\/p>\n<\/div>","protected":false},"excerpt":{"rendered":"<p>[vc_row][vc_column][vc_column_text] Odst\u0105pienie od umowy Je\u015bli jeste\u015b konsumentem &#8211; co do zasady masz prawo do odst\u0105pienia od umowy zawartej na odleg\u0142o\u015b\u0107.<\/p>\n","protected":false},"author":1,"featured_media":0,"parent":0,"menu_order":0,"comment_status":"closed","ping_status":"closed","template":"","meta":{"footnotes":""},"class_list":["post-313","page","type-page","status-publish","hentry"],"_links":{"self":[{"href":"https:\/\/altosekura.com\/pl\/wp-json\/wp\/v2\/pages\/313","targetHints":{"allow":["GET"]}}],"collection":[{"href":"https:\/\/altosekura.com\/pl\/wp-json\/wp\/v2\/pages"}],"about":[{"href":"https:\/\/altosekura.com\/pl\/wp-json\/wp\/v2\/types\/page"}],"author":[{"embeddable":true,"href":"https:\/\/altosekura.com\/pl\/wp-json\/wp\/v2\/users\/1"}],"replies":[{"embeddable":true,"href":"https:\/\/altosekura.com\/pl\/wp-json\/wp\/v2\/comments?post=313"}],"version-history":[{"count":6,"href":"https:\/\/altosekura.com\/pl\/wp-json\/wp\/v2\/pages\/313\/revisions"}],"predecessor-version":[{"id":10424,"href":"https:\/\/altosekura.com\/pl\/wp-json\/wp\/v2\/pages\/313\/revisions\/10424"}],"wp:attachment":[{"href":"https:\/\/altosekura.com\/pl\/wp-json\/wp\/v2\/media?parent=313"}],"curies":[{"name":"wp","href":"https:\/\/api.w.org\/{rel}","templated":true}]}}