{"id":9075,"date":"2024-04-18T02:57:25","date_gmt":"2024-04-18T00:57:25","guid":{"rendered":"https:\/\/altosekura.com\/p\/gogle-vr-htc-vive-pro-2-full-kit\/"},"modified":"2024-11-04T14:05:06","modified_gmt":"2024-11-04T13:05:06","slug":"kit-complet-de-lunettes-vr-htc-vive-pro-2","status":"publish","type":"product","link":"https:\/\/altosekura.com\/fr\/p\/kit-complet-de-lunettes-vr-htc-vive-pro-2\/","title":{"rendered":"Kit complet de lunettes VR HTC VIVE Pro 2"},"content":{"rendered":"<p><strong>VIVE Pro 2<\/strong> est un syst\u00e8me PC-VR professionnel ultra-pr\u00e9cis con\u00e7u pour offrir des capacit\u00e9s de r\u00e9alit\u00e9 virtuelle am\u00e9lior\u00e9es. R\u00e9solution 5K, confort d&#8217;utilisation, pr\u00e9cision de suivi sub-millim\u00e9trique et accessoires innovants.<\/p>\n<p><img loading=\"lazy\" decoding=\"async\" class=\"aligncenter wp-image-5052 size-full\" src=\"https:\/\/altosekura.com\/wp-content\/uploads\/2024\/07\/HTC-Pro-2.jpg\" alt=\"\" width=\"1920\" height=\"1080\" srcset=\"https:\/\/altosekura.com\/wp-content\/uploads\/2024\/07\/HTC-Pro-2.jpg 1920w, https:\/\/altosekura.com\/wp-content\/uploads\/2024\/07\/HTC-Pro-2-300x169.jpg 300w, https:\/\/altosekura.com\/wp-content\/uploads\/2024\/07\/HTC-Pro-2-1024x576.jpg 1024w, https:\/\/altosekura.com\/wp-content\/uploads\/2024\/07\/HTC-Pro-2-768x432.jpg 768w, https:\/\/altosekura.com\/wp-content\/uploads\/2024\/07\/HTC-Pro-2-1536x864.jpg 1536w, https:\/\/altosekura.com\/wp-content\/uploads\/2024\/07\/HTC-Pro-2-1320x743.jpg 1320w, https:\/\/altosekura.com\/wp-content\/uploads\/2024\/07\/HTC-Pro-2-600x338.jpg 600w, https:\/\/altosekura.com\/wp-content\/uploads\/2024\/07\/HTC-Pro-2-100x56.jpg 100w\" sizes=\"auto, (max-width: 1920px) 100vw, 1920px\" \/><\/p>\n<p><strong>Une qualit\u00e9 visuelle \u00e9tonnante<\/strong><\/p>\n<p>Plongez dans les jeux en 5K<\/p>\n<p>Plongez dans les profondeurs de la cr\u00e9ation. D\u00e9couvrez les nuances les plus fines dans les jeux VR. La r\u00e9solution 5K lib\u00e8re la puissance de l&#8217;exp\u00e9rience visuelle.<\/p>\n<p><img loading=\"lazy\" decoding=\"async\" class=\"aligncenter size-full wp-image-5043\" src=\"https:\/\/altosekura.com\/wp-content\/uploads\/2024\/07\/1HTC-Pro-2.jpg\" alt=\"\" width=\"1920\" height=\"1080\" srcset=\"https:\/\/altosekura.com\/wp-content\/uploads\/2024\/07\/1HTC-Pro-2.jpg 1920w, https:\/\/altosekura.com\/wp-content\/uploads\/2024\/07\/1HTC-Pro-2-300x169.jpg 300w, https:\/\/altosekura.com\/wp-content\/uploads\/2024\/07\/1HTC-Pro-2-1024x576.jpg 1024w, https:\/\/altosekura.com\/wp-content\/uploads\/2024\/07\/1HTC-Pro-2-768x432.jpg 768w, https:\/\/altosekura.com\/wp-content\/uploads\/2024\/07\/1HTC-Pro-2-1536x864.jpg 1536w, https:\/\/altosekura.com\/wp-content\/uploads\/2024\/07\/1HTC-Pro-2-1320x743.jpg 1320w, https:\/\/altosekura.com\/wp-content\/uploads\/2024\/07\/1HTC-Pro-2-600x338.jpg 600w, https:\/\/altosekura.com\/wp-content\/uploads\/2024\/07\/1HTC-Pro-2-100x56.jpg 100w\" sizes=\"auto, (max-width: 1920px) 100vw, 1920px\" \/><\/p>\n<p><strong>Champ de vision large<\/strong><\/p>\n<p>Voir beaucoup plus<\/p>\n<p>le champ de vision de 120 degr\u00e9s \u00e9largit vos horizons dans la RV. Ces optiques sont plus naturelles pour les yeux humains.<\/p>\n<p><strong>Fr\u00e9quence de r\u00e9actualisation \u00e9lev\u00e9e<\/strong><\/p>\n<p>Graphiques VR photor\u00e9alistes<\/p>\n<p>Incroyable fluidit\u00e9 de l&#8217;image gr\u00e2ce au taux de r\u00e9actualisation de 120 Hz. D\u00e9couvrez la puissance des graphismes photor\u00e9alistes dans les jeux et les applications, tels qu&#8217;ils ont \u00e9t\u00e9 con\u00e7us par les d\u00e9veloppeurs.<\/p>\n<p><strong>Syst\u00e8me de suivi SteamVR<sup>\u2122<\/sup><\/strong><\/p>\n<p>Configurez de grands espaces pour des ensembles multiples<\/p>\n<p>Augmentez l&#8217;espace d&#8217;exp\u00e9rience virtuelle jusqu&#8217;\u00e0 10m x 10m. Utilisez 4 stations de base pour le suivi afin d&#8217;\u00e9viter l&#8217;occlusion. Il s&#8217;agit d&#8217;une solution id\u00e9ale qui permet d&#8217;utiliser simultan\u00e9ment plusieurs dispositifs dans un m\u00eame espace, avec une pr\u00e9cision de suivi remarquable.<\/p>\n<p><img loading=\"lazy\" decoding=\"async\" class=\"aligncenter size-full wp-image-5046\" src=\"https:\/\/altosekura.com\/wp-content\/uploads\/2024\/07\/2HTC-Pro-2.jpg\" alt=\"\" width=\"1920\" height=\"1080\" srcset=\"https:\/\/altosekura.com\/wp-content\/uploads\/2024\/07\/2HTC-Pro-2.jpg 1920w, https:\/\/altosekura.com\/wp-content\/uploads\/2024\/07\/2HTC-Pro-2-300x169.jpg 300w, https:\/\/altosekura.com\/wp-content\/uploads\/2024\/07\/2HTC-Pro-2-1024x576.jpg 1024w, https:\/\/altosekura.com\/wp-content\/uploads\/2024\/07\/2HTC-Pro-2-768x432.jpg 768w, https:\/\/altosekura.com\/wp-content\/uploads\/2024\/07\/2HTC-Pro-2-1536x864.jpg 1536w, https:\/\/altosekura.com\/wp-content\/uploads\/2024\/07\/2HTC-Pro-2-1320x743.jpg 1320w, https:\/\/altosekura.com\/wp-content\/uploads\/2024\/07\/2HTC-Pro-2-600x338.jpg 600w, https:\/\/altosekura.com\/wp-content\/uploads\/2024\/07\/2HTC-Pro-2-100x56.jpg 100w\" sizes=\"auto, (max-width: 1920px) 100vw, 1920px\" \/><img loading=\"lazy\" decoding=\"async\" class=\"aligncenter size-full wp-image-5049\" src=\"https:\/\/altosekura.com\/wp-content\/uploads\/2024\/07\/3HTC-Pro-2.jpg\" alt=\"\" width=\"1920\" height=\"1080\" srcset=\"https:\/\/altosekura.com\/wp-content\/uploads\/2024\/07\/3HTC-Pro-2.jpg 1920w, https:\/\/altosekura.com\/wp-content\/uploads\/2024\/07\/3HTC-Pro-2-300x169.jpg 300w, https:\/\/altosekura.com\/wp-content\/uploads\/2024\/07\/3HTC-Pro-2-1024x576.jpg 1024w, https:\/\/altosekura.com\/wp-content\/uploads\/2024\/07\/3HTC-Pro-2-768x432.jpg 768w, https:\/\/altosekura.com\/wp-content\/uploads\/2024\/07\/3HTC-Pro-2-1536x864.jpg 1536w, https:\/\/altosekura.com\/wp-content\/uploads\/2024\/07\/3HTC-Pro-2-1320x743.jpg 1320w, https:\/\/altosekura.com\/wp-content\/uploads\/2024\/07\/3HTC-Pro-2-600x338.jpg 600w, https:\/\/altosekura.com\/wp-content\/uploads\/2024\/07\/3HTC-Pro-2-100x56.jpg 100w\" sizes=\"auto, (max-width: 1920px) 100vw, 1920px\" \/><\/p>\n<p><strong>Con\u00e7ues pour les professionnels<\/strong><\/p>\n<p>Confort pendant les longues sessions<\/p>\n<p>Lunettes parfaitement confortables avec un ajustement rapide et facile. Id\u00e9ales pour les longues sessions de RV. Elles offrent une large gamme d&#8217;ajustements pour diff\u00e9rentes formes de t\u00eate et d&#8217;espacement des yeux. Elles peuvent \u00eatre utilis\u00e9es avec des lunettes. Minimisez l&#8217;effet de la fatigue oculaire gr\u00e2ce \u00e0 un r\u00e9glage pr\u00e9cis d&#8217;IPD.<\/p>\n<p><strong>SP\u00c9CIFICATIONS DES CONTR\u00d4LEURS<\/strong><\/p>\n<p>Capteurs : Syst\u00e8me de suivi SteamVR 2.0<\/p>\n<p>Entr\u00e9es : Pav\u00e9 tactile multifonction, touches de pr\u00e9hension, g\u00e2chette \u00e0 deux niveaux, touche syst\u00e8me, touche de menu<\/p>\n<p>Connectivit\u00e9 : Port micro-USB pour le chargement<\/p>\n<p><img loading=\"lazy\" decoding=\"async\" class=\"aligncenter size-full wp-image-5026\" src=\"https:\/\/altosekura.com\/wp-content\/uploads\/2024\/04\/VIVE-Controller-2018-scaled.jpg\" alt=\"\" width=\"2560\" height=\"1753\" srcset=\"https:\/\/altosekura.com\/wp-content\/uploads\/2024\/04\/VIVE-Controller-2018-scaled.jpg 2560w, https:\/\/altosekura.com\/wp-content\/uploads\/2024\/04\/VIVE-Controller-2018-300x205.jpg 300w, https:\/\/altosekura.com\/wp-content\/uploads\/2024\/04\/VIVE-Controller-2018-1024x701.jpg 1024w, https:\/\/altosekura.com\/wp-content\/uploads\/2024\/04\/VIVE-Controller-2018-768x526.jpg 768w, https:\/\/altosekura.com\/wp-content\/uploads\/2024\/04\/VIVE-Controller-2018-1536x1052.jpg 1536w, https:\/\/altosekura.com\/wp-content\/uploads\/2024\/04\/VIVE-Controller-2018-2048x1402.jpg 2048w, https:\/\/altosekura.com\/wp-content\/uploads\/2024\/04\/VIVE-Controller-2018-1320x904.jpg 1320w, https:\/\/altosekura.com\/wp-content\/uploads\/2024\/04\/VIVE-Controller-2018-600x411.jpg 600w, https:\/\/altosekura.com\/wp-content\/uploads\/2024\/04\/VIVE-Controller-2018-100x68.jpg 100w\" sizes=\"auto, (max-width: 2560px) 100vw, 2560px\" \/><\/p>\n<p><strong>EXIGENCES RELATIVES \u00c0 LA ZONE DE SUIVI<\/strong><\/p>\n<p>Surface d&#8217;utilisation requise 2m x 1,5m. gameplay\/travail : Zone maximale possible de 10m x 10m avec 4 stations de base SteamVR\u2122 2.0.<\/p>\n<p><strong>SP\u00c9CIFICATIONS DU CASQUE VIVE PRO 2<\/strong><\/p>\n<p>\u00c9cran : Deux \u00e9crans LCD RVB avec mode de faible persistance<\/p>\n<p>R\u00e9solution : 2448 \u00d7 2448 pixels par \u0153il (4896 x 2448 pixels au total) R\u00e9solution inf\u00e9rieure (2448 x 1224 pixels) en mode sans fil avec l&#8217;adaptateur VIVE Wireless<\/p>\n<p>Taux de r\u00e9actualisation : 90\/120 Hz (seul le taux de 90 Hz est pris en charge par l&#8217;adaptateur sans fil VIVE)<\/p>\n<p>Champ de vision : jusqu&#8217;\u00e0 120 degr\u00e9s<\/p>\n<p>Audio : Casque certifi\u00e9 Hi-Res (d\u00e9tachable) Prise en charge d&#8217;un casque \u00e0 haute imp\u00e9dance (via un signal analogique USB-C)<\/p>\n<p>Entr\u00e9es : Microphone double int\u00e9gr\u00e9<\/p>\n<p>Connectivit\u00e9 : Bluetooth, port USB-C pour les p\u00e9riph\u00e9riques<\/p>\n<p>Capteurs : Capteur G, gyroscope, proximit\u00e9, IPD, SteamVR Tracking V2.0 (compatible avec SteamVR 1.0 et les stations de base 2.0)<\/p>\n<p>Ergonomie : relief de l&#8217;\u0153il r\u00e9glable pour minimiser la fatigue oculaire, IPD, casque et lunettes r\u00e9glables<\/p>\n<p>&nbsp;<\/p>\n<p><strong>Capteur Tracker 3.0 HTC VIVE <\/strong><\/p>\n<p>D\u00e9termine les positions du harnais virtuel.<\/p>\n<p><img loading=\"lazy\" decoding=\"async\" class=\"aligncenter size-full wp-image-5053\" src=\"https:\/\/altosekura.com\/wp-content\/uploads\/2024\/04\/Tracker-3.jpg\" alt=\"\" width=\"600\" height=\"600\" srcset=\"https:\/\/altosekura.com\/wp-content\/uploads\/2024\/04\/Tracker-3.jpg 600w, https:\/\/altosekura.com\/wp-content\/uploads\/2024\/04\/Tracker-3-300x300.jpg 300w, https:\/\/altosekura.com\/wp-content\/uploads\/2024\/04\/Tracker-3-150x150.jpg 150w, https:\/\/altosekura.com\/wp-content\/uploads\/2024\/04\/Tracker-3-100x100.jpg 100w\" sizes=\"auto, (max-width: 600px) 100vw, 600px\" \/><\/p>\n<p><strong>DANS LA BO\u00ceTE<\/strong><\/p>\n<p>VIVE Pro 2 | C\u00e2ble tout-en-un | Chiffon | 2 cache-oreillettes | Link box (2.0) | C\u00e2ble USB 3.0 | C\u00e2ble DisplayPort | Adaptateur MiniDP vers DP | Alimentation Linkbox | 2 contr\u00f4leurs avec dragonne | 2 c\u00e2bles Micro-USB | 2 stations de base 2.0 | 2 alimentations pour stations de base | Kit de montage | Documentation | Tracker 3.0 HTC VIVE | Ceinture pour Tracker 3.0<\/p>\n<p>&nbsp;<\/p>\n<p><strong>Pour jouer \u00e0 VRAPP at Height, vous aurez besoin d&#8217;un ordinateur\/portable avec la configuration minimale requise:<\/strong><\/p>\n<ul>\n<li>Syst\u00e8me d&#8217;exploitation : Windows 10\/11<\/li>\n<li>Processeur : Intel Core i7-9750H 2,6 GHz (ou plus)<\/li>\n<li>RAM : 16 Go (ou plus)<\/li>\n<li>Carte graphique : GeForce RTX 2070 (ou version ult\u00e9rieure)<\/li>\n<li>Ports : USB 3.0, DisplayPort 1.2 (ou version ult\u00e9rieure)<\/li>\n<\/ul>\n","protected":false},"excerpt":{"rendered":"<p>Le kit comprend:<\/p>\n<p>Kit complet HTC VIVE Pro 2<\/p>\n<p>Tracker 3.0 + ceinture HTC VIVE<\/p>\n","protected":false},"featured_media":9076,"template":"","meta":[],"product_brand":[],"product_cat":[1325],"product_tag":[],"class_list":{"0":"post-9075","1":"product","2":"type-product","3":"status-publish","4":"has-post-thumbnail","6":"product_cat-dispositifs-de-rv","7":"pa_marka-htc-fr","9":"first","10":"onbackorder","11":"taxable","12":"shipping-taxable","13":"purchasable","14":"product-type-simple"},"_links":{"self":[{"href":"https:\/\/altosekura.com\/fr\/wp-json\/wp\/v2\/product\/9075","targetHints":{"allow":["GET"]}}],"collection":[{"href":"https:\/\/altosekura.com\/fr\/wp-json\/wp\/v2\/product"}],"about":[{"href":"https:\/\/altosekura.com\/fr\/wp-json\/wp\/v2\/types\/product"}],"wp:featuredmedia":[{"embeddable":true,"href":"https:\/\/altosekura.com\/fr\/wp-json\/wp\/v2\/media\/9076"}],"wp:attachment":[{"href":"https:\/\/altosekura.com\/fr\/wp-json\/wp\/v2\/media?parent=9075"}],"wp:term":[{"taxonomy":"product_brand","embeddable":true,"href":"https:\/\/altosekura.com\/fr\/wp-json\/wp\/v2\/product_brand?post=9075"},{"taxonomy":"product_cat","embeddable":true,"href":"https:\/\/altosekura.com\/fr\/wp-json\/wp\/v2\/product_cat?post=9075"},{"taxonomy":"product_tag","embeddable":true,"href":"https:\/\/altosekura.com\/fr\/wp-json\/wp\/v2\/product_tag?post=9075"}],"curies":[{"name":"wp","href":"https:\/\/api.w.org\/{rel}","templated":true}]}}