{"id":9010,"date":"2024-05-09T00:05:27","date_gmt":"2024-05-08T22:05:27","guid":{"rendered":"https:\/\/altosekura.com\/p\/dachy\/"},"modified":"2024-12-16T15:02:57","modified_gmt":"2024-12-16T14:02:57","slug":"toitures","status":"publish","type":"product","link":"https:\/\/altosekura.com\/fr\/p\/toitures\/","title":{"rendered":"Toitures"},"content":{"rendered":"<p>VRapp at Height propose une formation \u00e0 l&#8217;issue de laquelle un certificat peut \u00eatre d\u00e9livr\u00e9.<\/p>\n<p>La formation comprend des d\u00e9cors en mode p\u00e9dagogique adapt\u00e9s au travail sur les toits:<\/p>\n<ul>\n<li><a href=\"https:\/\/altosekura.com\/fr\/p\/evacuation-descente\/\" target=\"_blank\" rel=\"noopener\">Evacuation \/ descente<\/a><\/li>\n<li><a href=\"https:\/\/altosekura.com\/fr\/p\/tension-de-la-corde-dassurance-horizontale\/\" target=\"_blank\" rel=\"noopener\">Tension de la corde d\u2019assurance horizontale<\/a><\/li>\n<li><a href=\"https:\/\/altosekura.com\/fr\/p\/traversee-et-limitation-sur-le-toit\/\" target=\"_blank\" rel=\"noopener\">Travers\u00e9e et limitation sur le toit<\/a><\/li>\n<li><a href=\"https:\/\/altosekura.com\/fr\/p\/escalade-a-laide-dune-echelle-dassurage-fixe\/\" target=\"_blank\" rel=\"noopener\">Escalade \u00e0 l\u2019aide d\u2019une \u00e9chelle d\u2019assurage fixe<\/a><\/li>\n<li><a href=\"https:\/\/altosekura.com\/fr\/p\/travail-securise-sur-un-toit-en-pente-lors-de-linstallation-de-panneaux\/\" target=\"_blank\" rel=\"noopener\">Travail s\u00e9curis\u00e9 sur un toit en pente lors de l\u2019installation de panneaux<\/a> \u2013 Bloc<\/li>\n<li><a href=\"https:\/\/altosekura.com\/fr\/p\/travail-securise-sur-un-toit-en-pente-lors-de-linstallation-de-panneaux\/\" target=\"_blank\" rel=\"noopener\">Travail s\u00e9curis\u00e9 sur un toit en pente lors de l\u2019installation de panneaux<\/a> \u2013 Accueil<\/li>\n<li><a href=\"https:\/\/altosekura.com\/fr\/p\/sauvetage-sur-le-bord\/\" target=\"_blank\" rel=\"noopener\">Sauvetage sur le bord<\/a><\/li>\n<li><a href=\"https:\/\/altosekura.com\/fr\/p\/principes-dancrage-et-construction-des-postes\/\" target=\"_blank\" rel=\"noopener\">Principes d\u2019ancrage et construction des postes<\/a><\/li>\n<\/ul>\n","protected":false},"excerpt":{"rendered":"<p>VRapp at Height propose une formation \u00e0 l&#8217;issue de laquelle un certificat peut \u00eatre d\u00e9livr\u00e9. La formation comprend des d\u00e9cors<\/p>\n","protected":false},"featured_media":9011,"template":"","meta":[],"product_brand":[],"product_cat":[1324,1472],"product_tag":[],"class_list":{"0":"post-9010","1":"product","2":"type-product","3":"status-publish","4":"has-post-thumbnail","6":"product_cat-formules","7":"product_cat-toitures","8":"pa_lista-pakietow-toitures","10":"first","11":"instock","12":"taxable","13":"shipping-taxable","14":"purchasable","15":"product-type-variable"},"_links":{"self":[{"href":"https:\/\/altosekura.com\/fr\/wp-json\/wp\/v2\/product\/9010","targetHints":{"allow":["GET"]}}],"collection":[{"href":"https:\/\/altosekura.com\/fr\/wp-json\/wp\/v2\/product"}],"about":[{"href":"https:\/\/altosekura.com\/fr\/wp-json\/wp\/v2\/types\/product"}],"wp:featuredmedia":[{"embeddable":true,"href":"https:\/\/altosekura.com\/fr\/wp-json\/wp\/v2\/media\/9011"}],"wp:attachment":[{"href":"https:\/\/altosekura.com\/fr\/wp-json\/wp\/v2\/media?parent=9010"}],"wp:term":[{"taxonomy":"product_brand","embeddable":true,"href":"https:\/\/altosekura.com\/fr\/wp-json\/wp\/v2\/product_brand?post=9010"},{"taxonomy":"product_cat","embeddable":true,"href":"https:\/\/altosekura.com\/fr\/wp-json\/wp\/v2\/product_cat?post=9010"},{"taxonomy":"product_tag","embeddable":true,"href":"https:\/\/altosekura.com\/fr\/wp-json\/wp\/v2\/product_tag?post=9010"}],"curies":[{"name":"wp","href":"https:\/\/api.w.org\/{rel}","templated":true}]}}