{"id":9006,"date":"2024-05-09T00:07:56","date_gmt":"2024-05-08T22:07:56","guid":{"rendered":"https:\/\/altosekura.com\/p\/pakiet-turbiny-wiatrowe\/"},"modified":"2024-10-31T15:29:21","modified_gmt":"2024-10-31T14:29:21","slug":"eoliennes","status":"publish","type":"product","link":"https:\/\/altosekura.com\/fr\/p\/eoliennes\/","title":{"rendered":"\u00c9oliennes"},"content":{"rendered":"<p>VRapp at Height propose une formation \u00e0 l&#8217;issue de laquelle un certificat peut \u00eatre d\u00e9livr\u00e9.<\/p>\n<p>La formation comprend des sc\u00e9narios dans un mode \u00e9ducatif adapt\u00e9 au travail sur les \u00e9oliennes:<\/p>\n<ul>\n<li><a href=\"https:\/\/altosekura.com\/fr\/p\/evacuation-dune-eolienne\/\" target=\"_blank\" rel=\"noopener\">Evacuation d\u2019une \u00e9olienne<\/a><\/li>\n<li><a href=\"https:\/\/altosekura.com\/fr\/p\/evacuation-descente\/\" target=\"_blank\" rel=\"noopener\">Evacuation \/ descente<\/a><\/li>\n<li><a href=\"https:\/\/altosekura.com\/fr\/p\/escalade-sur-une-echelle-fixe-equipee-dun-guide-cable-en-acier\/\" target=\"_blank\" rel=\"noopener\">Escalade sur une \u00e9chelle fixe \u00e9quip\u00e9e d\u2019un guide-c\u00e2ble en acier<\/a><\/li>\n<li><a href=\"https:\/\/altosekura.com\/fr\/p\/escalade-dune-echelle-sur-rail-avec-assurage\/\" target=\"_blank\" rel=\"noopener\">Escalade d\u2019une \u00e9chelle sur rail avec assurage<\/a><\/li>\n<li><a href=\"https:\/\/altosekura.com\/fr\/p\/escalade-a-laide-dune-echelle-dassurage-fixe\/\" target=\"_blank\" rel=\"noopener\">Escalade \u00e0 l\u2019aide d\u2019une \u00e9chelle d\u2019assurage fixe<\/a><\/li>\n<li><a href=\"https:\/\/altosekura.com\/fr\/p\/principes-dancrage-et-construction-des-postes\/\" target=\"_blank\" rel=\"noopener\">Principes d\u2019ancrage et construction des postes<\/a><\/li>\n<\/ul>\n","protected":false},"excerpt":{"rendered":"<p>VRapp at Height propose une formation \u00e0 l&#8217;issue de laquelle un certificat peut \u00eatre d\u00e9livr\u00e9. La formation comprend des sc\u00e9narios<\/p>\n","protected":false},"featured_media":9007,"template":"","meta":[],"product_brand":[],"product_cat":[1324,1469],"product_tag":[],"class_list":{"0":"post-9006","1":"product","2":"type-product","3":"status-publish","4":"has-post-thumbnail","6":"product_cat-formules","7":"product_cat-eoliennes","8":"pa_lista-pakietow-eoliennes","10":"first","11":"instock","12":"taxable","13":"shipping-taxable","14":"purchasable","15":"product-type-variable"},"_links":{"self":[{"href":"https:\/\/altosekura.com\/fr\/wp-json\/wp\/v2\/product\/9006","targetHints":{"allow":["GET"]}}],"collection":[{"href":"https:\/\/altosekura.com\/fr\/wp-json\/wp\/v2\/product"}],"about":[{"href":"https:\/\/altosekura.com\/fr\/wp-json\/wp\/v2\/types\/product"}],"wp:featuredmedia":[{"embeddable":true,"href":"https:\/\/altosekura.com\/fr\/wp-json\/wp\/v2\/media\/9007"}],"wp:attachment":[{"href":"https:\/\/altosekura.com\/fr\/wp-json\/wp\/v2\/media?parent=9006"}],"wp:term":[{"taxonomy":"product_brand","embeddable":true,"href":"https:\/\/altosekura.com\/fr\/wp-json\/wp\/v2\/product_brand?post=9006"},{"taxonomy":"product_cat","embeddable":true,"href":"https:\/\/altosekura.com\/fr\/wp-json\/wp\/v2\/product_cat?post=9006"},{"taxonomy":"product_tag","embeddable":true,"href":"https:\/\/altosekura.com\/fr\/wp-json\/wp\/v2\/product_tag?post=9006"}],"curies":[{"name":"wp","href":"https:\/\/api.w.org\/{rel}","templated":true}]}}