{"id":8993,"date":"2024-05-09T00:10:46","date_gmt":"2024-05-08T22:10:46","guid":{"rendered":"https:\/\/altosekura.com\/p\/zbiorniki\/"},"modified":"2024-10-31T13:53:31","modified_gmt":"2024-10-31T12:53:31","slug":"reservoirs","status":"publish","type":"product","link":"https:\/\/altosekura.com\/fr\/p\/reservoirs\/","title":{"rendered":"R\u00e9servoirs"},"content":{"rendered":"<p>VRapp at Height propose une formation \u00e0 l&#8217;issue de laquelle un certificat peut \u00eatre d\u00e9livr\u00e9<\/p>\n<p>La formation comprend des sc\u00e9narios dans un mode \u00e9ducatif adapt\u00e9 au travail dans les espaces confin\u00e9s:<\/p>\n<ul>\n<li><a href=\"https:\/\/altosekura.com\/fr\/p\/travail-dassurage-dans-les-reservoirs-et-autres-espaces-confines\/\" target=\"_blank\" rel=\"noopener\"> Voir la vid\u00e9o Travail d\u2019assurage dans les r\u00e9servoirs et autres espaces confin\u00e9s <\/a><\/li>\n<li><a href=\"https:\/\/altosekura.com\/fr\/p\/travailler-dans-des-puits-de-ventilation-et-dautres-espaces-confines-sur-le-site\/\" target=\"_blank\" rel=\"noopener\">Travailler dans des puits de ventilation et d\u2019autres espaces confin\u00e9s sur le site <\/a><\/li>\n<li><a href=\"https:\/\/altosekura.com\/fr\/p\/escalade-avec-assurage-sur-une-echelle-portative\/\" target=\"_blank\" rel=\"noopener\">Escalade avec assurage sur une \u00e9chelle portative<\/a><\/li>\n<li><a href=\"https:\/\/altosekura.com\/fr\/p\/escalade-a-laide-dune-echelle-dassurage-fixe\/\" target=\"_blank\" rel=\"noopener\">Escalade \u00e0 l\u2019aide d\u2019une \u00e9chelle d\u2019assurage fixe<\/a><\/li>\n<li><a href=\"https:\/\/altosekura.com\/fr\/p\/principes-dancrage-et-construction-des-postes\/\" target=\"_blank\" rel=\"noopener\">Principes d\u2019ancrage et construction des postes<\/a><\/li>\n<\/ul>\n","protected":false},"excerpt":{"rendered":"<p>VRapp at Height propose une formation \u00e0 l&#8217;issue de laquelle un certificat peut \u00eatre d\u00e9livr\u00e9 La formation comprend des sc\u00e9narios<\/p>\n","protected":false},"featured_media":8994,"template":"","meta":[],"product_brand":[],"product_cat":[1324,1470],"product_tag":[],"class_list":{"0":"post-8993","1":"product","2":"type-product","3":"status-publish","4":"has-post-thumbnail","6":"product_cat-formules","7":"product_cat-reservoirs","8":"pa_lista-pakietow-reservoirs","10":"first","11":"instock","12":"taxable","13":"shipping-taxable","14":"purchasable","15":"product-type-variable"},"_links":{"self":[{"href":"https:\/\/altosekura.com\/fr\/wp-json\/wp\/v2\/product\/8993","targetHints":{"allow":["GET"]}}],"collection":[{"href":"https:\/\/altosekura.com\/fr\/wp-json\/wp\/v2\/product"}],"about":[{"href":"https:\/\/altosekura.com\/fr\/wp-json\/wp\/v2\/types\/product"}],"wp:featuredmedia":[{"embeddable":true,"href":"https:\/\/altosekura.com\/fr\/wp-json\/wp\/v2\/media\/8994"}],"wp:attachment":[{"href":"https:\/\/altosekura.com\/fr\/wp-json\/wp\/v2\/media?parent=8993"}],"wp:term":[{"taxonomy":"product_brand","embeddable":true,"href":"https:\/\/altosekura.com\/fr\/wp-json\/wp\/v2\/product_brand?post=8993"},{"taxonomy":"product_cat","embeddable":true,"href":"https:\/\/altosekura.com\/fr\/wp-json\/wp\/v2\/product_cat?post=8993"},{"taxonomy":"product_tag","embeddable":true,"href":"https:\/\/altosekura.com\/fr\/wp-json\/wp\/v2\/product_tag?post=8993"}],"curies":[{"name":"wp","href":"https:\/\/api.w.org\/{rel}","templated":true}]}}