{"id":8964,"date":"2024-09-08T22:14:03","date_gmt":"2024-09-08T20:14:03","guid":{"rendered":"https:\/\/altosekura.com\/p\/quadropod-slupek-asekuracyjny-do-szalunkow-stropowych-drewnianych\/"},"modified":"2026-01-15T11:02:25","modified_gmt":"2026-01-15T10:02:25","slug":"quadropod-poteau-dassurage-pour-coffrage-de-plancher-en-bois","status":"publish","type":"product","link":"https:\/\/altosekura.com\/fr\/p\/quadropod-poteau-dassurage-pour-coffrage-de-plancher-en-bois\/","title":{"rendered":"Quadropod &#8211; Poteau de s\u00e9curit\u00e9 pour coffrages"},"content":{"rendered":"<p><img loading=\"lazy\" decoding=\"async\" class=\" wp-image-4335 aligncenter\" src=\"https:\/\/altosekura.com\/wp-content\/uploads\/2024\/04\/Patent-1-300x168.png\" alt=\"\" width=\"150\" height=\"84\" srcset=\"https:\/\/altosekura.com\/wp-content\/uploads\/2024\/04\/Patent-1-300x168.png 300w, https:\/\/altosekura.com\/wp-content\/uploads\/2024\/04\/Patent-1-1024x574.png 1024w, https:\/\/altosekura.com\/wp-content\/uploads\/2024\/04\/Patent-1-768x430.png 768w, https:\/\/altosekura.com\/wp-content\/uploads\/2024\/04\/Patent-1-1536x860.png 1536w, https:\/\/altosekura.com\/wp-content\/uploads\/2024\/04\/Patent-1-2048x1147.png 2048w, https:\/\/altosekura.com\/wp-content\/uploads\/2024\/04\/Patent-1-1320x739.png 1320w, https:\/\/altosekura.com\/wp-content\/uploads\/2024\/04\/Patent-1-600x336.png 600w, https:\/\/altosekura.com\/wp-content\/uploads\/2024\/04\/Patent-1-100x56.png 100w\" sizes=\"auto, (max-width: 150px) 100vw, 150px\" \/><\/p>\n<p>Le poteau d&#8217;assurage SQ10 est con\u00e7u pour \u00eatre mont\u00e9 sur la dalle de coffrage horizontale (bois) du coffrage de plancher en bois. Le SQ10 r\u00e9pond aux exigences de la norme EN 795:2012 Type A pour 2 utilisateurs simultan\u00e9s. La conception unique des poteaux assure \u00e9galement une fonction d&#8217;amortissement pour prot\u00e9ger l&#8217;ouvrier et \u00e9viter d&#8217;endommager la structure du coffrage.<\/p>\n<p>Il peut \u00eatre utilis\u00e9 comme poteau simple (\u00e9galement antichoc) ou comme composant pour la construction d&#8217;un syst\u00e8me de cordes horizontales.<\/p>\n<p>Le point de raccordement du connecteur est situ\u00e9 \u00e0 une hauteur de 70 cm du sol, ce qui augmente le confort des utilisateurs du poteau ou du syst\u00e8me construit entre eux.<\/p>\n<p>L&#8217;installation du poteau sur le panneau de coffrage de plafond mont\u00e9 horizontalement en contreplaqu\u00e9 de bois se fait \u00e0 l&#8217;aide de 24 vis. Le panneau de coffrage doit \u00eatre clou\u00e9 \u00e0 toutes les poutres de coffrage.<\/p>\n<p>Le poteau et la base sont fabriqu\u00e9s en mat\u00e9riaux prot\u00e9g\u00e9s contre la corrosion et\/ou en acier inoxydable.<\/p>\n<p>Le kit comprend:<\/p>\n<ul>\n<li>un poteau d&#8217;assurage avec fonction d&#8217;absorption des chocs et point d&#8217;attache pour les connecteurs<\/li>\n<li>un jeu de vis d&#8217;assemblage<\/li>\n<\/ul>\n<p><img loading=\"lazy\" decoding=\"async\" class=\"aligncenter wp-image-9246 size-full\" src=\"https:\/\/altosekura.com\/wp-content\/uploads\/2024\/06\/Quadropod-opis-1-fr.jpg\" alt=\"\" width=\"877\" height=\"590\" srcset=\"https:\/\/altosekura.com\/wp-content\/uploads\/2024\/06\/Quadropod-opis-1-fr.jpg 877w, https:\/\/altosekura.com\/wp-content\/uploads\/2024\/06\/Quadropod-opis-1-fr-300x202.jpg 300w, https:\/\/altosekura.com\/wp-content\/uploads\/2024\/06\/Quadropod-opis-1-fr-768x517.jpg 768w, https:\/\/altosekura.com\/wp-content\/uploads\/2024\/06\/Quadropod-opis-1-fr-600x404.jpg 600w, https:\/\/altosekura.com\/wp-content\/uploads\/2024\/06\/Quadropod-opis-1-fr-100x67.jpg 100w\" sizes=\"auto, (max-width: 877px) 100vw, 877px\" \/><\/p>\n<p><img loading=\"lazy\" decoding=\"async\" class=\"aligncenter wp-image-9250 size-full\" src=\"https:\/\/altosekura.com\/wp-content\/uploads\/2024\/06\/Quadropod-opis-2-fr.jpg\" alt=\"\" width=\"1117\" height=\"442\" srcset=\"https:\/\/altosekura.com\/wp-content\/uploads\/2024\/06\/Quadropod-opis-2-fr.jpg 1117w, https:\/\/altosekura.com\/wp-content\/uploads\/2024\/06\/Quadropod-opis-2-fr-300x119.jpg 300w, https:\/\/altosekura.com\/wp-content\/uploads\/2024\/06\/Quadropod-opis-2-fr-1024x405.jpg 1024w, https:\/\/altosekura.com\/wp-content\/uploads\/2024\/06\/Quadropod-opis-2-fr-768x304.jpg 768w, https:\/\/altosekura.com\/wp-content\/uploads\/2024\/06\/Quadropod-opis-2-fr-600x237.jpg 600w, https:\/\/altosekura.com\/wp-content\/uploads\/2024\/06\/Quadropod-opis-2-fr-100x40.jpg 100w\" sizes=\"auto, (max-width: 1117px) 100vw, 1117px\" \/><\/p>\n","protected":false},"excerpt":{"rendered":"<p>Le poteau d&#8217;assurage SQ10 est con\u00e7u pour \u00eatre mont\u00e9 sur la dalle de coffrage horizontale (bois) du coffrage de plancher<\/p>\n","protected":false},"featured_media":8966,"template":"","meta":[],"product_brand":[],"product_cat":[1319],"product_tag":[],"class_list":{"0":"post-8964","1":"product","2":"type-product","3":"status-publish","4":"has-post-thumbnail","6":"product_cat-equipement-pour-le-secteur-de-la-construction","7":"pa_dopuszczalne-obciazenie-max-100-kg-personne","8":"pa_marka-rock-master-fr","9":"pa_norma-en-7952012-a-fr","10":"pa_wymiary-podstawy-44-cm-x-44-cm-fr","12":"first","13":"instock","14":"taxable","15":"shipping-taxable","16":"purchasable","17":"product-type-variable"},"_links":{"self":[{"href":"https:\/\/altosekura.com\/fr\/wp-json\/wp\/v2\/product\/8964","targetHints":{"allow":["GET"]}}],"collection":[{"href":"https:\/\/altosekura.com\/fr\/wp-json\/wp\/v2\/product"}],"about":[{"href":"https:\/\/altosekura.com\/fr\/wp-json\/wp\/v2\/types\/product"}],"wp:featuredmedia":[{"embeddable":true,"href":"https:\/\/altosekura.com\/fr\/wp-json\/wp\/v2\/media\/8966"}],"wp:attachment":[{"href":"https:\/\/altosekura.com\/fr\/wp-json\/wp\/v2\/media?parent=8964"}],"wp:term":[{"taxonomy":"product_brand","embeddable":true,"href":"https:\/\/altosekura.com\/fr\/wp-json\/wp\/v2\/product_brand?post=8964"},{"taxonomy":"product_cat","embeddable":true,"href":"https:\/\/altosekura.com\/fr\/wp-json\/wp\/v2\/product_cat?post=8964"},{"taxonomy":"product_tag","embeddable":true,"href":"https:\/\/altosekura.com\/fr\/wp-json\/wp\/v2\/product_tag?post=8964"}],"curies":[{"name":"wp","href":"https:\/\/api.w.org\/{rel}","templated":true}]}}