{"id":8838,"date":"2024-09-03T21:48:55","date_gmt":"2024-09-03T19:48:55","guid":{"rendered":"https:\/\/altosekura.com\/p\/hawp-hak-asekuracyjny-do-wiez-podporowych\/"},"modified":"2024-12-16T13:13:10","modified_gmt":"2024-12-16T12:13:10","slug":"hawp-crochet-dassurage-pour-les-tours-de-soutien","status":"publish","type":"product","link":"https:\/\/altosekura.com\/fr\/p\/hawp-crochet-dassurage-pour-les-tours-de-soutien\/","title":{"rendered":"HAWP \u2013 Crochet d&#8217;assurage pour les tours de soutien"},"content":{"rendered":"<p>Le crochet d&#8217;assurage de la tour de soutien HAWP est un dispositif de protection individuelle contre les chutes conforme \u00e0 la norme EN795 Type B.<\/p>\n<p>Il s&#8217;agit d&#8217;un point d&#8217;ancrage mobile qui permet aux travailleurs de s&#8217;assurer lorsqu&#8217;ils travaillent sur des tours de soutien de la construction de poteaux. Il est disponible en deux tailles : S pour les profils jusqu&#8217;\u00e0 un diam\u00e8tre\/section de 48 \u00e0 80 mm, et L pour les profils entre 100 et 120 mm.<\/p>\n<p>L&#8217;orifice d&#8217;insertion du c\u00e2ble de raccordement est situ\u00e9 dans une position qui facilite l&#8217;insertion du c\u00e2ble de s\u00e9curit\u00e9. Un levier excentrique permet de refermer facilement le crochet sur le profil de la tour de soutien, et un m\u00e9canisme de verrouillage \u00e0 deux niveaux emp\u00eache le d\u00e9verrouillage accidentel de l&#8217;unit\u00e9. Les protections en silicone utilis\u00e9es am\u00e9liorent la tenue du crochet.<\/p>\n<p>Gr\u00e2ce \u00e0 sa conception de serrage, le dispositif peut \u00eatre utilis\u00e9 \u00e0 la verticale ou en angle. Il peut \u00e9galement \u00eatre fix\u00e9 horizontalement comme un crochet d&#8217;assurage traditionnel (par exemple lors de l&#8217;utilisation d&#8217;\u00e9chelles ou de mains courantes)<\/p>\n<p>Le dispositif est brevet\u00e9 par l&#8217;Office europ\u00e9en des brevets. Le dispositif est certifi\u00e9 PRS.<\/p>\n<p data-wp-editing=\"1\"><img loading=\"lazy\" decoding=\"async\" class=\"aligncenter wp-image-9265 size-full\" src=\"https:\/\/altosekura.com\/wp-content\/uploads\/2024\/09\/HAWP-opis-1-fr.jpg\" alt=\"\" width=\"1167\" height=\"474\" srcset=\"https:\/\/altosekura.com\/wp-content\/uploads\/2024\/09\/HAWP-opis-1-fr.jpg 1167w, https:\/\/altosekura.com\/wp-content\/uploads\/2024\/09\/HAWP-opis-1-fr-300x122.jpg 300w, https:\/\/altosekura.com\/wp-content\/uploads\/2024\/09\/HAWP-opis-1-fr-1024x416.jpg 1024w, https:\/\/altosekura.com\/wp-content\/uploads\/2024\/09\/HAWP-opis-1-fr-768x312.jpg 768w, https:\/\/altosekura.com\/wp-content\/uploads\/2024\/09\/HAWP-opis-1-fr-600x244.jpg 600w, https:\/\/altosekura.com\/wp-content\/uploads\/2024\/09\/HAWP-opis-1-fr-100x41.jpg 100w\" sizes=\"auto, (max-width: 1167px) 100vw, 1167px\" \/><img loading=\"lazy\" decoding=\"async\" class=\"aligncenter wp-image-9269 size-full\" src=\"https:\/\/altosekura.com\/wp-content\/uploads\/2024\/09\/HAWP-opis-2-fr.jpg\" alt=\"\" width=\"1151\" height=\"553\" srcset=\"https:\/\/altosekura.com\/wp-content\/uploads\/2024\/09\/HAWP-opis-2-fr.jpg 1151w, https:\/\/altosekura.com\/wp-content\/uploads\/2024\/09\/HAWP-opis-2-fr-300x144.jpg 300w, https:\/\/altosekura.com\/wp-content\/uploads\/2024\/09\/HAWP-opis-2-fr-1024x492.jpg 1024w, https:\/\/altosekura.com\/wp-content\/uploads\/2024\/09\/HAWP-opis-2-fr-768x369.jpg 768w, https:\/\/altosekura.com\/wp-content\/uploads\/2024\/09\/HAWP-opis-2-fr-600x288.jpg 600w, https:\/\/altosekura.com\/wp-content\/uploads\/2024\/09\/HAWP-opis-2-fr-100x48.jpg 100w\" sizes=\"auto, (max-width: 1151px) 100vw, 1151px\" \/><img loading=\"lazy\" decoding=\"async\" class=\"aligncenter wp-image-9273 size-full\" src=\"https:\/\/altosekura.com\/wp-content\/uploads\/2024\/09\/HAWP-opis-3-fr.jpg\" alt=\"\" width=\"1173\" height=\"740\" srcset=\"https:\/\/altosekura.com\/wp-content\/uploads\/2024\/09\/HAWP-opis-3-fr.jpg 1173w, https:\/\/altosekura.com\/wp-content\/uploads\/2024\/09\/HAWP-opis-3-fr-300x189.jpg 300w, https:\/\/altosekura.com\/wp-content\/uploads\/2024\/09\/HAWP-opis-3-fr-1024x646.jpg 1024w, https:\/\/altosekura.com\/wp-content\/uploads\/2024\/09\/HAWP-opis-3-fr-768x485.jpg 768w, https:\/\/altosekura.com\/wp-content\/uploads\/2024\/09\/HAWP-opis-3-fr-600x379.jpg 600w, https:\/\/altosekura.com\/wp-content\/uploads\/2024\/09\/HAWP-opis-3-fr-100x63.jpg 100w\" sizes=\"auto, (max-width: 1173px) 100vw, 1173px\" \/><\/p>\n","protected":false},"excerpt":{"rendered":"<p>Le crochet d&#8217;assurage de la tour de soutien HAWP est un dispositif de protection individuelle contre les chutes conforme \u00e0<\/p>\n","protected":false},"featured_media":8840,"template":"","meta":[],"product_brand":[],"product_cat":[1319],"product_tag":[],"class_list":{"0":"post-8838","1":"product","2":"type-product","3":"status-publish","4":"has-post-thumbnail","6":"product_cat-equipement-pour-le-secteur-de-la-construction","7":"pa_marka-rock-master-fr","8":"pa_norma-en-795-b-fr","10":"first","11":"instock","12":"sale","13":"taxable","14":"shipping-taxable","15":"purchasable","16":"product-type-variable"},"_links":{"self":[{"href":"https:\/\/altosekura.com\/fr\/wp-json\/wp\/v2\/product\/8838","targetHints":{"allow":["GET"]}}],"collection":[{"href":"https:\/\/altosekura.com\/fr\/wp-json\/wp\/v2\/product"}],"about":[{"href":"https:\/\/altosekura.com\/fr\/wp-json\/wp\/v2\/types\/product"}],"wp:featuredmedia":[{"embeddable":true,"href":"https:\/\/altosekura.com\/fr\/wp-json\/wp\/v2\/media\/8840"}],"wp:attachment":[{"href":"https:\/\/altosekura.com\/fr\/wp-json\/wp\/v2\/media?parent=8838"}],"wp:term":[{"taxonomy":"product_brand","embeddable":true,"href":"https:\/\/altosekura.com\/fr\/wp-json\/wp\/v2\/product_brand?post=8838"},{"taxonomy":"product_cat","embeddable":true,"href":"https:\/\/altosekura.com\/fr\/wp-json\/wp\/v2\/product_cat?post=8838"},{"taxonomy":"product_tag","embeddable":true,"href":"https:\/\/altosekura.com\/fr\/wp-json\/wp\/v2\/product_tag?post=8838"}],"curies":[{"name":"wp","href":"https:\/\/api.w.org\/{rel}","templated":true}]}}