{"id":4483,"date":"2024-09-08T22:14:03","date_gmt":"2024-09-08T20:14:03","guid":{"rendered":"https:\/\/altosecura.proadax-dev.pl\/p\/quadropod-anchor-post-for-wooden-ceiling-formwork\/"},"modified":"2024-09-23T11:02:11","modified_gmt":"2024-09-23T09:02:11","slug":"quadropod-ankerpfosten-fuer-deckenschalungen-aus-holz","status":"publish","type":"product","link":"https:\/\/altosekura.com\/de\/p\/quadropod-ankerpfosten-fuer-deckenschalungen-aus-holz\/","title":{"rendered":"Quadropod \u2013 Ankerpfosten f\u00fcr deckenschalungen aus holz"},"content":{"rendered":"<p><img loading=\"lazy\" decoding=\"async\" class=\" wp-image-4335 aligncenter\" src=\"https:\/\/altosekura.com\/wp-content\/uploads\/2024\/04\/Patent-1-300x168.png\" alt=\"\" width=\"150\" height=\"84\" srcset=\"https:\/\/altosekura.com\/wp-content\/uploads\/2024\/04\/Patent-1-300x168.png 300w, https:\/\/altosekura.com\/wp-content\/uploads\/2024\/04\/Patent-1-1024x574.png 1024w, https:\/\/altosekura.com\/wp-content\/uploads\/2024\/04\/Patent-1-768x430.png 768w, https:\/\/altosekura.com\/wp-content\/uploads\/2024\/04\/Patent-1-1536x860.png 1536w, https:\/\/altosekura.com\/wp-content\/uploads\/2024\/04\/Patent-1-2048x1147.png 2048w, https:\/\/altosekura.com\/wp-content\/uploads\/2024\/04\/Patent-1-1320x739.png 1320w, https:\/\/altosekura.com\/wp-content\/uploads\/2024\/04\/Patent-1-600x336.png 600w, https:\/\/altosekura.com\/wp-content\/uploads\/2024\/04\/Patent-1-100x56.png 100w\" sizes=\"auto, (max-width: 150px) 100vw, 150px\" \/>Der SQ10-Ankerpfosten ist f\u00fcr die Montage an horizontalen Schalungsbrettern (Holz) bei Deckenschalungen konzipiert. SQ10 erf\u00fcllt die Anforderungen der EN 795:2012 Typ A f\u00fcr die gleichzeitige Verwendung durch 2 Personen. Das einzigartige Design des Pfostens bietet auch eine energiedampfende Funktion \u2013 was sowohl die Arbeitenden sch\u00fctzt wie auch Sch\u00e4den an der Schalungsstruktur vermeiden l\u00e4sst.<\/p>\n<p>Der Pfosten kann eigenst\u00e4ndig (auch als AntiPendel) oder als Komponente in horizontalen Seilsystemen verwendet werden.<\/p>\n<p>Der Anschlagpunkt f\u00fcr Verbindungselemente befindet sich auf einer H\u00f6he von 70 cm \u00fcber dem Boden, was den Arbeitskomfort erh\u00f6ht, sowohl bei der eigenst\u00e4ndigen Verwendung als auch innerhalb eines Sicherheitssystems.<\/p>\n<p>Der Ankerpfosten wird an dem horizontalen Sperrholz-Schalungsbrett mit 24 Schrauben befestigt. Das Schalungsbrett muss an allen Schalungstr\u00e4gern fest angenagelt sein. Sowohl der Pfosten als auch die Grundplatte sind aus korrosionsgesch\u00fctztem und\/oder rostfreiem Material.<\/p>\n<p>Das Set enth\u00e4lt:<\/p>\n<ul>\n<li>einen energieabsorbierenden Ankerpfosten mit Anschlagpunkt<\/li>\n<li>einen Satz von Montageschrauben<\/li>\n<\/ul>\n<p><img loading=\"lazy\" decoding=\"async\" class=\"aligncenter wp-image-4488 size-full\" src=\"https:\/\/altosekura.com\/wp-content\/uploads\/2024\/05\/Quadropod-opis-1-de.png\" alt=\"\" width=\"798\" height=\"621\" srcset=\"https:\/\/altosekura.com\/wp-content\/uploads\/2024\/05\/Quadropod-opis-1-de.png 798w, https:\/\/altosekura.com\/wp-content\/uploads\/2024\/05\/Quadropod-opis-1-de-300x233.png 300w, https:\/\/altosekura.com\/wp-content\/uploads\/2024\/05\/Quadropod-opis-1-de-768x598.png 768w, https:\/\/altosekura.com\/wp-content\/uploads\/2024\/05\/Quadropod-opis-1-de-600x467.png 600w, https:\/\/altosekura.com\/wp-content\/uploads\/2024\/05\/Quadropod-opis-1-de-100x78.png 100w\" sizes=\"auto, (max-width: 798px) 100vw, 798px\" \/><img loading=\"lazy\" decoding=\"async\" class=\"aligncenter wp-image-4485 size-full\" src=\"https:\/\/altosekura.com\/wp-content\/uploads\/2024\/05\/Quadropod-opis-2-de.png\" alt=\"\" width=\"1100\" height=\"401\" srcset=\"https:\/\/altosekura.com\/wp-content\/uploads\/2024\/05\/Quadropod-opis-2-de.png 1100w, https:\/\/altosekura.com\/wp-content\/uploads\/2024\/05\/Quadropod-opis-2-de-300x109.png 300w, https:\/\/altosekura.com\/wp-content\/uploads\/2024\/05\/Quadropod-opis-2-de-1024x373.png 1024w, https:\/\/altosekura.com\/wp-content\/uploads\/2024\/05\/Quadropod-opis-2-de-768x280.png 768w, https:\/\/altosekura.com\/wp-content\/uploads\/2024\/05\/Quadropod-opis-2-de-600x219.png 600w, https:\/\/altosekura.com\/wp-content\/uploads\/2024\/05\/Quadropod-opis-2-de-100x36.png 100w\" sizes=\"auto, (max-width: 1100px) 100vw, 1100px\" \/><\/p>\n","protected":false},"excerpt":{"rendered":"<p>Der SQ10-Ankerpfosten ist f\u00fcr die Montage an horizontalen Schalungsbrettern (Holz) bei Deckenschalungen konzipiert. SQ10 erf\u00fcllt die Anforderungen der EN 795:2012<\/p>\n","protected":false},"featured_media":3624,"template":"","meta":[],"product_brand":[],"product_cat":[784],"product_tag":[],"class_list":{"0":"post-4483","1":"product","2":"type-product","3":"status-publish","4":"has-post-thumbnail","6":"product_cat-ausruestung-und-geraete-fuer-die-bauindustrie","7":"pa_dopuszczalne-obciazenie-max-100-kg-person-de","8":"pa_marka-rock-master-de","9":"pa_norma-pn-en-7952012-a-de","10":"pa_wymiary-podstawy-44-cm-x-44-cm-de","12":"first","13":"instock","14":"taxable","15":"shipping-taxable","16":"purchasable","17":"product-type-variable"},"_links":{"self":[{"href":"https:\/\/altosekura.com\/de\/wp-json\/wp\/v2\/product\/4483","targetHints":{"allow":["GET"]}}],"collection":[{"href":"https:\/\/altosekura.com\/de\/wp-json\/wp\/v2\/product"}],"about":[{"href":"https:\/\/altosekura.com\/de\/wp-json\/wp\/v2\/types\/product"}],"wp:featuredmedia":[{"embeddable":true,"href":"https:\/\/altosekura.com\/de\/wp-json\/wp\/v2\/media\/3624"}],"wp:attachment":[{"href":"https:\/\/altosekura.com\/de\/wp-json\/wp\/v2\/media?parent=4483"}],"wp:term":[{"taxonomy":"product_brand","embeddable":true,"href":"https:\/\/altosekura.com\/de\/wp-json\/wp\/v2\/product_brand?post=4483"},{"taxonomy":"product_cat","embeddable":true,"href":"https:\/\/altosekura.com\/de\/wp-json\/wp\/v2\/product_cat?post=4483"},{"taxonomy":"product_tag","embeddable":true,"href":"https:\/\/altosekura.com\/de\/wp-json\/wp\/v2\/product_tag?post=4483"}],"curies":[{"name":"wp","href":"https:\/\/api.w.org\/{rel}","templated":true}]}}