{"id":4444,"date":"2024-09-01T15:33:50","date_gmt":"2024-09-01T13:33:50","guid":{"rendered":"https:\/\/altosecura.proadax-dev.pl\/p\/has-formwork-hook\/"},"modified":"2024-09-20T11:40:38","modified_gmt":"2024-09-20T09:40:38","slug":"has-sicherungshaken-fuer-schalungen","status":"publish","type":"product","link":"https:\/\/altosekura.com\/de\/p\/has-sicherungshaken-fuer-schalungen\/","title":{"rendered":"HAS \u2013 Sicherungshaken F\u00fcr Schalungen"},"content":{"rendered":"<p><img loading=\"lazy\" decoding=\"async\" class=\" wp-image-4336 aligncenter\" src=\"https:\/\/altosekura.com\/wp-content\/uploads\/2024\/04\/Patent-1-300x168.png\" alt=\"\" width=\"150\" height=\"84\" srcset=\"https:\/\/altosekura.com\/wp-content\/uploads\/2024\/04\/Patent-1-300x168.png 300w, https:\/\/altosekura.com\/wp-content\/uploads\/2024\/04\/Patent-1-1024x574.png 1024w, https:\/\/altosekura.com\/wp-content\/uploads\/2024\/04\/Patent-1-768x430.png 768w, https:\/\/altosekura.com\/wp-content\/uploads\/2024\/04\/Patent-1-1536x860.png 1536w, https:\/\/altosekura.com\/wp-content\/uploads\/2024\/04\/Patent-1-2048x1147.png 2048w, https:\/\/altosekura.com\/wp-content\/uploads\/2024\/04\/Patent-1-1320x739.png 1320w, https:\/\/altosekura.com\/wp-content\/uploads\/2024\/04\/Patent-1-600x336.png 600w, https:\/\/altosekura.com\/wp-content\/uploads\/2024\/04\/Patent-1-100x56.png 100w\" sizes=\"auto, (max-width: 150px) 100vw, 150px\" \/><\/p>\n<p>Der Schalungshaken nach EN 795:2012B ist ein tempor\u00e4rer Anschlagpunkt bei Arbeiten an Schalungsen.<\/p>\n<p>Der Haken wird in die \u00d6ffnungen in den Rippen der Schalungsw\u00e4nde mit seinem Bolzen eingeh\u00e4ngt. Speziell geformte Befestigungselemente sorgen f\u00fcr eine optimale Anpassung an den jeweiligen Schalungstyp.<\/p>\n<p>Der Haken ist leicht, was f\u00fcr Arbeitskomfort sorgt, und Dehnungsmessstreifen-Te s t s best\u00e4tigen, dass die Verwendung der Haken keine negativen Auswirkungen auf die Festigkeit und Stabilit\u00e4t der Schalungsw\u00e4nde hat.<\/p>\n<p>Die austauschbaren Bolzenbefestigungen erm\u00f6glichen die Arbeit an Schalungen verschiedener Hersteller. Der Austausch erfolgt nur mit zwei Sechskantschl\u00fcsseln.<\/p>\n<p>Die Haken sind f\u00fcr verschiedene Anwendungen bei der Arbeitsplatzpositionierung geeignet.<\/p>\n<p>Bei der Anwendung wie hier abgebildet, dient der Haken oben als Sicherung, der Haken unten stabilisiert den Arbeiter<\/p>\n<p><img loading=\"lazy\" decoding=\"async\" class=\"aligncenter wp-image-4451 size-full\" src=\"https:\/\/altosekura.com\/wp-content\/uploads\/2024\/04\/HAS-opis-1-de.png\" alt=\"\" width=\"1110\" height=\"487\" srcset=\"https:\/\/altosekura.com\/wp-content\/uploads\/2024\/04\/HAS-opis-1-de.png 1110w, https:\/\/altosekura.com\/wp-content\/uploads\/2024\/04\/HAS-opis-1-de-300x132.png 300w, https:\/\/altosekura.com\/wp-content\/uploads\/2024\/04\/HAS-opis-1-de-1024x449.png 1024w, https:\/\/altosekura.com\/wp-content\/uploads\/2024\/04\/HAS-opis-1-de-768x337.png 768w, https:\/\/altosekura.com\/wp-content\/uploads\/2024\/04\/HAS-opis-1-de-600x263.png 600w, https:\/\/altosekura.com\/wp-content\/uploads\/2024\/04\/HAS-opis-1-de-100x44.png 100w\" sizes=\"auto, (max-width: 1110px) 100vw, 1110px\" \/><img loading=\"lazy\" decoding=\"async\" class=\"aligncenter wp-image-4423 size-full\" src=\"https:\/\/altosekura.com\/wp-content\/uploads\/2024\/04\/HAS-opis-2-e1719935399165.webp\" alt=\"\" width=\"592\" height=\"700\" \/><\/p>\n","protected":false},"excerpt":{"rendered":"<p>Der Schalungshaken nach EN 795:2012B ist ein tempor\u00e4rer Anschlagpunkt bei Arbeiten an Schalungsen. Der Haken wird in die \u00d6ffnungen in<\/p>\n","protected":false},"featured_media":10382,"template":"","meta":[],"product_brand":[],"product_cat":[784],"product_tag":[],"class_list":{"0":"post-4444","1":"product","2":"type-product","3":"status-publish","4":"has-post-thumbnail","6":"product_cat-ausruestung-und-geraete-fuer-die-bauindustrie","7":"pa_marka-rock-master-de","8":"pa_norma-en-7952012b-de","10":"first","11":"instock","12":"sale","13":"taxable","14":"shipping-taxable","15":"purchasable","16":"product-type-variable","17":"has-default-attributes"},"_links":{"self":[{"href":"https:\/\/altosekura.com\/de\/wp-json\/wp\/v2\/product\/4444","targetHints":{"allow":["GET"]}}],"collection":[{"href":"https:\/\/altosekura.com\/de\/wp-json\/wp\/v2\/product"}],"about":[{"href":"https:\/\/altosekura.com\/de\/wp-json\/wp\/v2\/types\/product"}],"wp:featuredmedia":[{"embeddable":true,"href":"https:\/\/altosekura.com\/de\/wp-json\/wp\/v2\/media\/10382"}],"wp:attachment":[{"href":"https:\/\/altosekura.com\/de\/wp-json\/wp\/v2\/media?parent=4444"}],"wp:term":[{"taxonomy":"product_brand","embeddable":true,"href":"https:\/\/altosekura.com\/de\/wp-json\/wp\/v2\/product_brand?post=4444"},{"taxonomy":"product_cat","embeddable":true,"href":"https:\/\/altosekura.com\/de\/wp-json\/wp\/v2\/product_cat?post=4444"},{"taxonomy":"product_tag","embeddable":true,"href":"https:\/\/altosekura.com\/de\/wp-json\/wp\/v2\/product_tag?post=4444"}],"curies":[{"name":"wp","href":"https:\/\/api.w.org\/{rel}","templated":true}]}}