{"id":4409,"date":"2024-09-03T21:48:55","date_gmt":"2024-09-03T19:48:55","guid":{"rendered":"https:\/\/altosecura.proadax-dev.pl\/p\/hawp-shoring-scaffold-safety-hook\/"},"modified":"2024-09-20T11:36:54","modified_gmt":"2024-09-20T09:36:54","slug":"hawp-sicherungshaken-fuer-geruesttuerme","status":"publish","type":"product","link":"https:\/\/altosekura.com\/de\/p\/hawp-sicherungshaken-fuer-geruesttuerme\/","title":{"rendered":"HAWP &#8211; Sicherungshaken f\u00fcr ger\u00fcstt\u00fcrme"},"content":{"rendered":"<p>Der Sicherungshaken f\u00fcr Turmger\u00fcste \/ HAWP\/ gilt als pers\u00f6nliche Schutzausr\u00fcstung gegen Absturz gem\u00e4\u00df der Norm EN795 Typ B.<\/p>\n<p>Es handelt sich um einen beweglichen Anschlagpunkt, mit dem es m\u00f6glich ist, Personen bei der Arbeit auf Turmger\u00fcsten gegen Absturz zu sch\u00fctzen. Er ist in zwei Gr\u00f6\u00dfen erh\u00e4ltlich: S f\u00fcr Profile bis zu einem Durchmesser\/Querschnitt von 48 bis 80 mm und L f\u00fcr Profile zwischen 100 und 120 mm.<\/p>\n<p>Das Loch zum Einh\u00e4ngen des Hakens ist so positioniert, dass es unkompliziert ist, Verbindungsmittel daran zu binden.<\/p>\n<p>Mit dem Exzenterhebel befestigt man den Haken fest und stabil auf Tr\u00e4gerger\u00fcstprofile und der zweistufige Verriegelungsmechanismus verhindert ein unbeabsichtigtes Aufmachen des Hakens.<\/p>\n<p>Die verwendeten Silikon\u00fcberz\u00fcge verbessern den Sitz des Hakens.<\/p>\n<p>Dank seinen Klemmeigenschaften kann der Haken sowohl in der vertikalen Ebene wie auch schr\u00e4g positioniert verwendet werden. Er kann auch horizontal wie jeder herk\u00f6mmliche Sicherungshaken angebracht werden (z.B. bei der Verwendung auf Leitern oder Gel\u00e4ndern).<\/p>\n<p>Das Ger\u00e4t ist beim Europ\u00e4ischen Patentamt patentiert. Das Ger\u00e4t ist von PRS zertifiziert.<\/p>\n<p><img loading=\"lazy\" decoding=\"async\" class=\"aligncenter wp-image-4419 size-full\" src=\"https:\/\/altosekura.com\/wp-content\/uploads\/2024\/05\/HAWP-opis-1-de.png\" alt=\"\" width=\"1142\" height=\"476\" srcset=\"https:\/\/altosekura.com\/wp-content\/uploads\/2024\/05\/HAWP-opis-1-de.png 1142w, https:\/\/altosekura.com\/wp-content\/uploads\/2024\/05\/HAWP-opis-1-de-300x125.png 300w, https:\/\/altosekura.com\/wp-content\/uploads\/2024\/05\/HAWP-opis-1-de-1024x427.png 1024w, https:\/\/altosekura.com\/wp-content\/uploads\/2024\/05\/HAWP-opis-1-de-768x320.png 768w, https:\/\/altosekura.com\/wp-content\/uploads\/2024\/05\/HAWP-opis-1-de-600x250.png 600w, https:\/\/altosekura.com\/wp-content\/uploads\/2024\/05\/HAWP-opis-1-de-100x42.png 100w\" sizes=\"auto, (max-width: 1142px) 100vw, 1142px\" \/><img loading=\"lazy\" decoding=\"async\" class=\"aligncenter wp-image-4416 size-full\" src=\"https:\/\/altosekura.com\/wp-content\/uploads\/2024\/05\/HAWP-opis-2-de.png\" alt=\"\" width=\"1146\" height=\"548\" srcset=\"https:\/\/altosekura.com\/wp-content\/uploads\/2024\/05\/HAWP-opis-2-de.png 1146w, https:\/\/altosekura.com\/wp-content\/uploads\/2024\/05\/HAWP-opis-2-de-300x143.png 300w, https:\/\/altosekura.com\/wp-content\/uploads\/2024\/05\/HAWP-opis-2-de-1024x490.png 1024w, https:\/\/altosekura.com\/wp-content\/uploads\/2024\/05\/HAWP-opis-2-de-768x367.png 768w, https:\/\/altosekura.com\/wp-content\/uploads\/2024\/05\/HAWP-opis-2-de-600x287.png 600w, https:\/\/altosekura.com\/wp-content\/uploads\/2024\/05\/HAWP-opis-2-de-100x48.png 100w\" sizes=\"auto, (max-width: 1146px) 100vw, 1146px\" \/><img loading=\"lazy\" decoding=\"async\" class=\"aligncenter wp-image-4413 size-full\" src=\"https:\/\/altosekura.com\/wp-content\/uploads\/2024\/05\/HAWP-opis-3-de.png\" alt=\"\" width=\"1169\" height=\"731\" srcset=\"https:\/\/altosekura.com\/wp-content\/uploads\/2024\/05\/HAWP-opis-3-de.png 1169w, https:\/\/altosekura.com\/wp-content\/uploads\/2024\/05\/HAWP-opis-3-de-300x188.png 300w, https:\/\/altosekura.com\/wp-content\/uploads\/2024\/05\/HAWP-opis-3-de-1024x640.png 1024w, https:\/\/altosekura.com\/wp-content\/uploads\/2024\/05\/HAWP-opis-3-de-768x480.png 768w, https:\/\/altosekura.com\/wp-content\/uploads\/2024\/05\/HAWP-opis-3-de-600x375.png 600w, https:\/\/altosekura.com\/wp-content\/uploads\/2024\/05\/HAWP-opis-3-de-100x63.png 100w\" sizes=\"auto, (max-width: 1169px) 100vw, 1169px\" \/><\/p>\n","protected":false},"excerpt":{"rendered":"<p>Der Sicherungshaken f\u00fcr Turmger\u00fcste \/ HAWP\/ gilt als pers\u00f6nliche Schutzausr\u00fcstung gegen Absturz gem\u00e4\u00df der Norm EN795 Typ B. Es handelt<\/p>\n","protected":false},"featured_media":3621,"template":"","meta":[],"product_brand":[],"product_cat":[784],"product_tag":[],"class_list":{"0":"post-4409","1":"product","2":"type-product","3":"status-publish","4":"has-post-thumbnail","6":"product_cat-ausruestung-und-geraete-fuer-die-bauindustrie","7":"pa_marka-rock-master-de","8":"pa_norma-en-795-b-de","10":"first","11":"instock","12":"sale","13":"taxable","14":"shipping-taxable","15":"purchasable","16":"product-type-variable"},"_links":{"self":[{"href":"https:\/\/altosekura.com\/de\/wp-json\/wp\/v2\/product\/4409","targetHints":{"allow":["GET"]}}],"collection":[{"href":"https:\/\/altosekura.com\/de\/wp-json\/wp\/v2\/product"}],"about":[{"href":"https:\/\/altosekura.com\/de\/wp-json\/wp\/v2\/types\/product"}],"wp:featuredmedia":[{"embeddable":true,"href":"https:\/\/altosekura.com\/de\/wp-json\/wp\/v2\/media\/3621"}],"wp:attachment":[{"href":"https:\/\/altosekura.com\/de\/wp-json\/wp\/v2\/media?parent=4409"}],"wp:term":[{"taxonomy":"product_brand","embeddable":true,"href":"https:\/\/altosekura.com\/de\/wp-json\/wp\/v2\/product_brand?post=4409"},{"taxonomy":"product_cat","embeddable":true,"href":"https:\/\/altosekura.com\/de\/wp-json\/wp\/v2\/product_cat?post=4409"},{"taxonomy":"product_tag","embeddable":true,"href":"https:\/\/altosekura.com\/de\/wp-json\/wp\/v2\/product_tag?post=4409"}],"curies":[{"name":"wp","href":"https:\/\/api.w.org\/{rel}","templated":true}]}}